{"id":1072,"date":"2020-08-21T08:36:30","date_gmt":"2020-08-21T07:36:30","guid":{"rendered":"http:\/\/www.be-mhi.fr\/?page_id=1072"},"modified":"2020-08-26T13:38:45","modified_gmt":"2020-08-26T12:38:45","slug":"equipement-petite-enfance-a-obernai","status":"publish","type":"page","link":"http:\/\/www.be-mhi.fr\/?page_id=1072","title":{"rendered":"\u00c9quipement Petite Enfance et demi-pension \u00e0 Obernai"},"content":{"rendered":"<p><span style=\"color: #808080;\"><em>Caract\u00e9ristiques du projet<\/em><\/span><\/p>\n<hr \/>\n<p><strong>Ma\u00eetre d\u2019ouvrage\u00a0<\/strong>: Ville d\u2019Obernai<br \/><strong>Architecte\u00a0:<\/strong> <a href=\"https:\/\/www.tekton-architectes.com\/contenu\/Periscolaire-Obernai\">TEKTON<\/a><br \/><strong>Nature des travaux :<\/strong> Construction neuve<br \/><strong>Missions exerc\u00e9es<\/strong> : Ing\u00e9nierie des structures et du g\u00e9nie \u00e9lectrique<br \/><strong>Co\u00fbt des travaux :<\/strong> 3 813 000 \u20ac H.T.<br \/><strong>Surface<\/strong> : 1 730 m\u00b2<br \/><strong>Lieu de r\u00e9alisation : <\/strong>22 rue des \u00c9rables, 67210 Obernai<br \/><strong>Ann\u00e9es de r\u00e9alisation :<\/strong> 2014<\/p>\n\n\n<figure class=\"wp-block-image size-large\"><img decoding=\"async\" loading=\"lazy\" width=\"800\" height=\"535\" src=\"http:\/\/www.be-mhi.fr\/wp-content\/uploads\/2020\/08\/221.jpg\" alt=\"\" class=\"wp-image-1078\" srcset=\"http:\/\/www.be-mhi.fr\/wp-content\/uploads\/2020\/08\/221.jpg 800w, http:\/\/www.be-mhi.fr\/wp-content\/uploads\/2020\/08\/221-300x201.jpg 300w, http:\/\/www.be-mhi.fr\/wp-content\/uploads\/2020\/08\/221-768x514.jpg 768w\" sizes=\"(max-width: 767px) 89vw, (max-width: 1000px) 54vw, (max-width: 1071px) 543px, 580px\" \/><\/figure>\n\n\n\n<figure class=\"wp-block-gallery columns-3 is-cropped wp-block-gallery-1 is-layout-flex wp-block-gallery-is-layout-flex\"><ul class=\"blocks-gallery-grid\"><li class=\"blocks-gallery-item\"><figure><img decoding=\"async\" loading=\"lazy\" width=\"800\" height=\"535\" src=\"http:\/\/www.be-mhi.fr\/wp-content\/uploads\/2020\/08\/225.jpg\" alt=\"\" data-id=\"1080\" data-full-url=\"http:\/\/www.be-mhi.fr\/wp-content\/uploads\/2020\/08\/225.jpg\" data-link=\"http:\/\/www.be-mhi.fr\/?attachment_id=1080\" class=\"wp-image-1080\" srcset=\"http:\/\/www.be-mhi.fr\/wp-content\/uploads\/2020\/08\/225.jpg 800w, http:\/\/www.be-mhi.fr\/wp-content\/uploads\/2020\/08\/225-300x201.jpg 300w, http:\/\/www.be-mhi.fr\/wp-content\/uploads\/2020\/08\/225-768x514.jpg 768w\" sizes=\"(max-width: 767px) 89vw, (max-width: 1000px) 54vw, (max-width: 1071px) 543px, 580px\" \/><\/figure><\/li><li class=\"blocks-gallery-item\"><figure><img decoding=\"async\" loading=\"lazy\" width=\"800\" height=\"537\" src=\"http:\/\/www.be-mhi.fr\/wp-content\/uploads\/2020\/08\/224.jpg\" alt=\"\" data-id=\"1079\" data-full-url=\"http:\/\/www.be-mhi.fr\/wp-content\/uploads\/2020\/08\/224.jpg\" data-link=\"http:\/\/www.be-mhi.fr\/?attachment_id=1079\" class=\"wp-image-1079\" srcset=\"http:\/\/www.be-mhi.fr\/wp-content\/uploads\/2020\/08\/224.jpg 800w, http:\/\/www.be-mhi.fr\/wp-content\/uploads\/2020\/08\/224-300x201.jpg 300w, http:\/\/www.be-mhi.fr\/wp-content\/uploads\/2020\/08\/224-768x516.jpg 768w\" sizes=\"(max-width: 767px) 89vw, (max-width: 1000px) 54vw, (max-width: 1071px) 543px, 580px\" \/><\/figure><\/li><li class=\"blocks-gallery-item\"><figure><img decoding=\"async\" loading=\"lazy\" width=\"800\" height=\"520\" src=\"http:\/\/www.be-mhi.fr\/wp-content\/uploads\/2020\/08\/218.jpg\" alt=\"\" data-id=\"1075\" data-full-url=\"http:\/\/www.be-mhi.fr\/wp-content\/uploads\/2020\/08\/218.jpg\" data-link=\"http:\/\/www.be-mhi.fr\/?attachment_id=1075\" class=\"wp-image-1075\" srcset=\"http:\/\/www.be-mhi.fr\/wp-content\/uploads\/2020\/08\/218.jpg 800w, http:\/\/www.be-mhi.fr\/wp-content\/uploads\/2020\/08\/218-300x195.jpg 300w, http:\/\/www.be-mhi.fr\/wp-content\/uploads\/2020\/08\/218-768x499.jpg 768w\" sizes=\"(max-width: 767px) 89vw, (max-width: 1000px) 54vw, (max-width: 1071px) 543px, 580px\" \/><\/figure><\/li><li class=\"blocks-gallery-item\"><figure><img decoding=\"async\" loading=\"lazy\" width=\"800\" height=\"524\" src=\"http:\/\/www.be-mhi.fr\/wp-content\/uploads\/2020\/08\/217.jpg\" alt=\"\" data-id=\"1073\" data-full-url=\"http:\/\/www.be-mhi.fr\/wp-content\/uploads\/2020\/08\/217.jpg\" data-link=\"http:\/\/www.be-mhi.fr\/?attachment_id=1073\" class=\"wp-image-1073\" srcset=\"http:\/\/www.be-mhi.fr\/wp-content\/uploads\/2020\/08\/217.jpg 800w, http:\/\/www.be-mhi.fr\/wp-content\/uploads\/2020\/08\/217-300x197.jpg 300w, http:\/\/www.be-mhi.fr\/wp-content\/uploads\/2020\/08\/217-768x503.jpg 768w\" sizes=\"(max-width: 767px) 89vw, (max-width: 1000px) 54vw, (max-width: 1071px) 543px, 580px\" \/><\/figure><\/li><li class=\"blocks-gallery-item\"><figure><img decoding=\"async\" loading=\"lazy\" width=\"800\" height=\"459\" src=\"http:\/\/www.be-mhi.fr\/wp-content\/uploads\/2020\/08\/219.jpg\" alt=\"\" data-id=\"1076\" data-full-url=\"http:\/\/www.be-mhi.fr\/wp-content\/uploads\/2020\/08\/219.jpg\" data-link=\"http:\/\/www.be-mhi.fr\/?attachment_id=1076\" class=\"wp-image-1076\" srcset=\"http:\/\/www.be-mhi.fr\/wp-content\/uploads\/2020\/08\/219.jpg 800w, http:\/\/www.be-mhi.fr\/wp-content\/uploads\/2020\/08\/219-300x172.jpg 300w, http:\/\/www.be-mhi.fr\/wp-content\/uploads\/2020\/08\/219-768x441.jpg 768w\" sizes=\"(max-width: 767px) 89vw, (max-width: 1000px) 54vw, (max-width: 1071px) 543px, 580px\" \/><\/figure><\/li><\/ul><\/figure>\n","protected":false},"excerpt":{"rendered":"<p>Caract\u00e9ristiques du projet Ma\u00eetre d\u2019ouvrage\u00a0: Ville d\u2019ObernaiArchitecte\u00a0: TEKTONNature des travaux : Construction neuveMissions exerc\u00e9es : Ing\u00e9nierie des structures et du g\u00e9nie \u00e9lectriqueCo\u00fbt des travaux : 3 813 000 \u20ac H.T.Surface : 1 730 m\u00b2Lieu de r\u00e9alisation : 22 rue des \u00c9rables, 67210 ObernaiAnn\u00e9es de r\u00e9alisation : 2014<\/p>\n","protected":false},"author":8,"featured_media":0,"parent":1325,"menu_order":0,"comment_status":"closed","ping_status":"closed","template":"","meta":{"footnotes":""},"_links":{"self":[{"href":"http:\/\/www.be-mhi.fr\/index.php?rest_route=\/wp\/v2\/pages\/1072"}],"collection":[{"href":"http:\/\/www.be-mhi.fr\/index.php?rest_route=\/wp\/v2\/pages"}],"about":[{"href":"http:\/\/www.be-mhi.fr\/index.php?rest_route=\/wp\/v2\/types\/page"}],"author":[{"embeddable":true,"href":"http:\/\/www.be-mhi.fr\/index.php?rest_route=\/wp\/v2\/users\/8"}],"replies":[{"embeddable":true,"href":"http:\/\/www.be-mhi.fr\/index.php?rest_route=%2Fwp%2Fv2%2Fcomments&post=1072"}],"version-history":[{"count":2,"href":"http:\/\/www.be-mhi.fr\/index.php?rest_route=\/wp\/v2\/pages\/1072\/revisions"}],"predecessor-version":[{"id":1441,"href":"http:\/\/www.be-mhi.fr\/index.php?rest_route=\/wp\/v2\/pages\/1072\/revisions\/1441"}],"up":[{"embeddable":true,"href":"http:\/\/www.be-mhi.fr\/index.php?rest_route=\/wp\/v2\/pages\/1325"}],"wp:attachment":[{"href":"http:\/\/www.be-mhi.fr\/index.php?rest_route=%2Fwp%2Fv2%2Fmedia&parent=1072"}],"curies":[{"name":"wp","href":"https:\/\/api.w.org\/{rel}","templated":true}]}}