{"id":1121,"date":"2020-08-21T10:19:38","date_gmt":"2020-08-21T09:19:38","guid":{"rendered":"http:\/\/www.be-mhi.fr\/?page_id=1121"},"modified":"2020-08-31T13:05:33","modified_gmt":"2020-08-31T12:05:33","slug":"ingenierie-environnementale","status":"publish","type":"page","link":"http:\/\/www.be-mhi.fr\/?page_id=1121","title":{"rendered":"Ing\u00e9nierie environnementale"},"content":{"rendered":"<ul>\n<li>\n<h4>Assistance \u00e0 ma\u00eetrise d\u2019ouvrage en performance \u00e9nerg\u00e9tique et qualit\u00e9 environnementale<\/h4>\n<ul>\n<li>Audit \u00e9nergie avec calcul r\u00e9glementaire et\/ou simulation thermique dynamique<\/li>\n<li>Sc\u00e9nario d\u2019intervention<\/li>\n<li>Programme de travaux \u00e0 r\u00e9aliser<\/li>\n<li>AMO \u00e9tudes de conception<\/li>\n<li>Suivi des travaux<\/li>\n<li>Suivi des consommations et analyse<\/li>\n<\/ul>\n<hr \/><\/li>\n<li>\n<h4>\u00c9laboration de notice qualit\u00e9 environnementale<\/h4>\n<p>\u00a0<\/p>\n<hr \/><\/li>\n<li>\n<h4>Ma\u00eetrise d\u2019\u0153uvre d\u2019installations photovolta\u00efques<\/h4>\n<p>\u00a0<\/p>\n<hr \/><\/li>\n<li>\n<h4>Diagnostic qualit\u00e9 environnementale<\/h4>\n<p>\u00a0<\/p>\n<hr \/><\/li>\n<li>\n<h4>Agr\u00e9e Bilan Carbone<\/h4>\n<p>\u00a0<\/p>\n<hr \/><\/li>\n<li>\n<h4>Diagnostic de performance \u00e9nerg\u00e9tique en vue d\u2019am\u00e9lioration de l\u2019efficience \u00e9nerg\u00e9tique des b\u00e2timents<\/h4>\n<ul>\n<li>Etat des lieux<\/li>\n<li>Propositions d\u2019am\u00e9lioration<\/li>\n<li>Programme de travaux<\/li>\n<\/ul>\n<hr \/><\/li>\n<li>\n<h4>Calculs r\u00e9glementaires et simulation thermique dynamique<\/h4>\n<h4>\u00a0<\/h4>\n<hr \/><\/li>\n<li>\n<h4>Analyse de cycle de vie<\/h4>\n<\/li>\n<\/ul>\n\n\n<p><\/p>\n","protected":false},"excerpt":{"rendered":"<p>Assistance \u00e0 ma\u00eetrise d\u2019ouvrage en performance \u00e9nerg\u00e9tique et qualit\u00e9 environnementale Audit \u00e9nergie avec calcul r\u00e9glementaire et\/ou simulation thermique dynamique Sc\u00e9nario d\u2019intervention Programme de travaux \u00e0 r\u00e9aliser AMO \u00e9tudes de conception Suivi des travaux Suivi des consommations et analyse \u00c9laboration de notice qualit\u00e9 environnementale \u00a0 Ma\u00eetrise d\u2019\u0153uvre d\u2019installations photovolta\u00efques \u00a0 Diagnostic qualit\u00e9 environnementale \u00a0 Agr\u00e9e Bilan &hellip; <\/p>\n<p class=\"link-more\"><a href=\"http:\/\/www.be-mhi.fr\/?page_id=1121\" class=\"more-link\">Continue reading<span class=\"screen-reader-text\"> \u00ab\u00a0Ing\u00e9nierie environnementale\u00a0\u00bb<\/span><\/a><\/p>\n","protected":false},"author":8,"featured_media":0,"parent":18,"menu_order":0,"comment_status":"closed","ping_status":"closed","template":"","meta":{"footnotes":""},"_links":{"self":[{"href":"http:\/\/www.be-mhi.fr\/index.php?rest_route=\/wp\/v2\/pages\/1121"}],"collection":[{"href":"http:\/\/www.be-mhi.fr\/index.php?rest_route=\/wp\/v2\/pages"}],"about":[{"href":"http:\/\/www.be-mhi.fr\/index.php?rest_route=\/wp\/v2\/types\/page"}],"author":[{"embeddable":true,"href":"http:\/\/www.be-mhi.fr\/index.php?rest_route=\/wp\/v2\/users\/8"}],"replies":[{"embeddable":true,"href":"http:\/\/www.be-mhi.fr\/index.php?rest_route=%2Fwp%2Fv2%2Fcomments&post=1121"}],"version-history":[{"count":4,"href":"http:\/\/www.be-mhi.fr\/index.php?rest_route=\/wp\/v2\/pages\/1121\/revisions"}],"predecessor-version":[{"id":1656,"href":"http:\/\/www.be-mhi.fr\/index.php?rest_route=\/wp\/v2\/pages\/1121\/revisions\/1656"}],"up":[{"embeddable":true,"href":"http:\/\/www.be-mhi.fr\/index.php?rest_route=\/wp\/v2\/pages\/18"}],"wp:attachment":[{"href":"http:\/\/www.be-mhi.fr\/index.php?rest_route=%2Fwp%2Fv2%2Fmedia&parent=1121"}],"curies":[{"name":"wp","href":"https:\/\/api.w.org\/{rel}","templated":true}]}}