{"id":1195,"date":"2020-08-24T14:45:42","date_gmt":"2020-08-24T13:45:42","guid":{"rendered":"http:\/\/www.be-mhi.fr\/?page_id=1195"},"modified":"2020-08-26T14:11:36","modified_gmt":"2020-08-26T13:11:36","slug":"construction-dun-hall-dactivites-et-dun-centre-daffaires-autour-de-la-valorisation-du-bois-a-eschbach","status":"publish","type":"page","link":"http:\/\/www.be-mhi.fr\/?page_id=1195","title":{"rendered":"Hall d&rsquo;Activit\u00e9s et Centre d&rsquo;Affaires autour de la valorisation du bois \u00e0 Eschbach"},"content":{"rendered":"<p><span style=\"color: #808080;\"><em>Caract\u00e9ristiques du projet<\/em><\/span><\/p>\n<hr \/>\n<p><strong>Ma\u00eetre d\u2019ouvrage\u00a0<\/strong>: Communaut\u00e9 de communes de Sauer &#8211; Pechelbron<br \/><strong>Architecte\u00a0:<\/strong> Claire KELLER Architecte<br \/><strong>Nature des travaux :<\/strong> Construction neuve<br \/><strong>Missions exerc\u00e9es<\/strong> : Ing\u00e9nierie des structures<br \/><strong>Co\u00fbt des travaux : <\/strong><em>Hall d&rsquo;activit\u00e9s<\/em> : 1 260 000 \u20ac H.T., <em>Centre d&rsquo;affaires<\/em> : 490 000 \u20ac H.T.<br \/><strong>Surface<\/strong> : <em>Hall d&rsquo;activit\u00e9s<\/em> : 4 400 m\u00b2, <em>Centre d&rsquo;affaires<\/em> : 1 650 m\u00b2<br \/><strong>Lieu de r\u00e9alisation :<\/strong>\u00a06 Rue des Roseaux, 67360 Eschbach<br \/><strong>Ann\u00e9es de r\u00e9alisation :<\/strong> 2016<\/p>\n\n\n<figure class=\"wp-block-image size-large\"><img decoding=\"async\" loading=\"lazy\" width=\"1024\" height=\"374\" src=\"http:\/\/www.be-mhi.fr\/wp-content\/uploads\/2020\/08\/Eschbach-2-1024x374.jpg\" alt=\"\" class=\"wp-image-1201\" srcset=\"http:\/\/www.be-mhi.fr\/wp-content\/uploads\/2020\/08\/Eschbach-2-1024x374.jpg 1024w, http:\/\/www.be-mhi.fr\/wp-content\/uploads\/2020\/08\/Eschbach-2-300x110.jpg 300w, http:\/\/www.be-mhi.fr\/wp-content\/uploads\/2020\/08\/Eschbach-2-768x281.jpg 768w, http:\/\/www.be-mhi.fr\/wp-content\/uploads\/2020\/08\/Eschbach-2.jpg 1258w\" sizes=\"(max-width: 767px) 89vw, (max-width: 1000px) 54vw, (max-width: 1071px) 543px, 580px\" \/><\/figure>\n\n\n\n<figure class=\"wp-block-gallery columns-3 is-cropped wp-block-gallery-1 is-layout-flex wp-block-gallery-is-layout-flex\"><ul class=\"blocks-gallery-grid\"><li class=\"blocks-gallery-item\"><figure><img decoding=\"async\" loading=\"lazy\" width=\"1024\" height=\"768\" src=\"http:\/\/www.be-mhi.fr\/wp-content\/uploads\/2020\/08\/eschbach-polebois-interrieur-10-1024x768.jpg\" alt=\"\" data-id=\"1205\" data-full-url=\"http:\/\/www.be-mhi.fr\/wp-content\/uploads\/2020\/08\/eschbach-polebois-interrieur-10.jpg\" data-link=\"http:\/\/www.be-mhi.fr\/?attachment_id=1205\" class=\"wp-image-1205\" srcset=\"http:\/\/www.be-mhi.fr\/wp-content\/uploads\/2020\/08\/eschbach-polebois-interrieur-10-1024x768.jpg 1024w, http:\/\/www.be-mhi.fr\/wp-content\/uploads\/2020\/08\/eschbach-polebois-interrieur-10-300x225.jpg 300w, http:\/\/www.be-mhi.fr\/wp-content\/uploads\/2020\/08\/eschbach-polebois-interrieur-10-768x576.jpg 768w, http:\/\/www.be-mhi.fr\/wp-content\/uploads\/2020\/08\/eschbach-polebois-interrieur-10.jpg 1440w\" sizes=\"(max-width: 767px) 89vw, (max-width: 1000px) 54vw, (max-width: 1071px) 543px, 580px\" \/><\/figure><\/li><li class=\"blocks-gallery-item\"><figure><img decoding=\"async\" loading=\"lazy\" width=\"1000\" height=\"750\" src=\"http:\/\/www.be-mhi.fr\/wp-content\/uploads\/2020\/08\/3-1.jpg\" alt=\"\" data-id=\"1204\" data-full-url=\"http:\/\/www.be-mhi.fr\/wp-content\/uploads\/2020\/08\/3-1.jpg\" data-link=\"http:\/\/www.be-mhi.fr\/?attachment_id=1204\" class=\"wp-image-1204\" srcset=\"http:\/\/www.be-mhi.fr\/wp-content\/uploads\/2020\/08\/3-1.jpg 1000w, http:\/\/www.be-mhi.fr\/wp-content\/uploads\/2020\/08\/3-1-300x225.jpg 300w, http:\/\/www.be-mhi.fr\/wp-content\/uploads\/2020\/08\/3-1-768x576.jpg 768w\" sizes=\"(max-width: 767px) 89vw, (max-width: 1000px) 54vw, (max-width: 1071px) 543px, 580px\" \/><\/figure><\/li><li class=\"blocks-gallery-item\"><figure><img decoding=\"async\" loading=\"lazy\" width=\"1000\" height=\"750\" src=\"http:\/\/www.be-mhi.fr\/wp-content\/uploads\/2020\/08\/2-1.jpg\" alt=\"\" data-id=\"1203\" data-full-url=\"http:\/\/www.be-mhi.fr\/wp-content\/uploads\/2020\/08\/2-1.jpg\" data-link=\"http:\/\/www.be-mhi.fr\/?attachment_id=1203\" class=\"wp-image-1203\" srcset=\"http:\/\/www.be-mhi.fr\/wp-content\/uploads\/2020\/08\/2-1.jpg 1000w, http:\/\/www.be-mhi.fr\/wp-content\/uploads\/2020\/08\/2-1-300x225.jpg 300w, http:\/\/www.be-mhi.fr\/wp-content\/uploads\/2020\/08\/2-1-768x576.jpg 768w\" sizes=\"(max-width: 767px) 89vw, (max-width: 1000px) 54vw, (max-width: 1071px) 543px, 580px\" \/><\/figure><\/li><\/ul><\/figure>\n","protected":false},"excerpt":{"rendered":"<p>Caract\u00e9ristiques du projet Ma\u00eetre d\u2019ouvrage\u00a0: Communaut\u00e9 de communes de Sauer &#8211; PechelbronArchitecte\u00a0: Claire KELLER ArchitecteNature des travaux : Construction neuveMissions exerc\u00e9es : Ing\u00e9nierie des structuresCo\u00fbt des travaux : Hall d&rsquo;activit\u00e9s : 1 260 000 \u20ac H.T., Centre d&rsquo;affaires : 490 000 \u20ac H.T.Surface : Hall d&rsquo;activit\u00e9s : 4 400 m\u00b2, Centre d&rsquo;affaires : 1 650 &hellip; <\/p>\n<p class=\"link-more\"><a href=\"http:\/\/www.be-mhi.fr\/?page_id=1195\" class=\"more-link\">Continue reading<span class=\"screen-reader-text\"> \u00ab\u00a0Hall d&rsquo;Activit\u00e9s et Centre d&rsquo;Affaires autour de la valorisation du bois \u00e0 Eschbach\u00a0\u00bb<\/span><\/a><\/p>\n","protected":false},"author":8,"featured_media":0,"parent":1326,"menu_order":0,"comment_status":"closed","ping_status":"closed","template":"","meta":{"footnotes":""},"_links":{"self":[{"href":"http:\/\/www.be-mhi.fr\/index.php?rest_route=\/wp\/v2\/pages\/1195"}],"collection":[{"href":"http:\/\/www.be-mhi.fr\/index.php?rest_route=\/wp\/v2\/pages"}],"about":[{"href":"http:\/\/www.be-mhi.fr\/index.php?rest_route=\/wp\/v2\/types\/page"}],"author":[{"embeddable":true,"href":"http:\/\/www.be-mhi.fr\/index.php?rest_route=\/wp\/v2\/users\/8"}],"replies":[{"embeddable":true,"href":"http:\/\/www.be-mhi.fr\/index.php?rest_route=%2Fwp%2Fv2%2Fcomments&post=1195"}],"version-history":[{"count":4,"href":"http:\/\/www.be-mhi.fr\/index.php?rest_route=\/wp\/v2\/pages\/1195\/revisions"}],"predecessor-version":[{"id":1468,"href":"http:\/\/www.be-mhi.fr\/index.php?rest_route=\/wp\/v2\/pages\/1195\/revisions\/1468"}],"up":[{"embeddable":true,"href":"http:\/\/www.be-mhi.fr\/index.php?rest_route=\/wp\/v2\/pages\/1326"}],"wp:attachment":[{"href":"http:\/\/www.be-mhi.fr\/index.php?rest_route=%2Fwp%2Fv2%2Fmedia&parent=1195"}],"curies":[{"name":"wp","href":"https:\/\/api.w.org\/{rel}","templated":true}]}}