{"id":1244,"date":"2020-08-24T15:41:26","date_gmt":"2020-08-24T14:41:26","guid":{"rendered":"http:\/\/www.be-mhi.fr\/?page_id=1244"},"modified":"2020-08-27T10:53:44","modified_gmt":"2020-08-27T09:53:44","slug":"construction-dun-batiment-technique-et-administratif-sur-le-site-de-lecluse-principale-de-niffer","status":"publish","type":"page","link":"http:\/\/www.be-mhi.fr\/?page_id=1244","title":{"rendered":"Site de l&rsquo;Ecluse Principale de Niffer"},"content":{"rendered":"<p><span style=\"color: #808080;\"><em>Caract\u00e9ristiques du projet<\/em><\/span><\/p>\n<hr \/>\n<p><strong>Ma\u00eetre d\u2019ouvrage\u00a0<\/strong>: Voies Naviguables de France<br \/><strong>Architecte\u00a0:<\/strong> HEINTZ \u2013 KEHR<br \/><strong>Nature des travaux :<\/strong> Construction neuve d&rsquo;un b\u00e2timent administratif et technique<br \/><strong>Missions exerc\u00e9es<\/strong> : Ing\u00e9nierie des structures<br \/><strong>Co\u00fbt des travaux :<\/strong> 1 236 500 \u20ac H.T.<br \/><strong>Surface<\/strong> : 830 m\u00b2<br \/><strong>Lieu de r\u00e9alisation : <\/strong>12 Rue de Schlierbach, 68680 Niffer<br \/><strong>Ann\u00e9e de r\u00e9alisation :<\/strong> 2010<\/p>\n\n\n<figure class=\"wp-block-image size-large\"><img decoding=\"async\" loading=\"lazy\" width=\"785\" height=\"589\" src=\"http:\/\/www.be-mhi.fr\/wp-content\/uploads\/2020\/08\/785x785_18101_vignette_03a.jpg\" alt=\"\" class=\"wp-image-1248\" srcset=\"http:\/\/www.be-mhi.fr\/wp-content\/uploads\/2020\/08\/785x785_18101_vignette_03a.jpg 785w, http:\/\/www.be-mhi.fr\/wp-content\/uploads\/2020\/08\/785x785_18101_vignette_03a-300x225.jpg 300w, http:\/\/www.be-mhi.fr\/wp-content\/uploads\/2020\/08\/785x785_18101_vignette_03a-768x576.jpg 768w\" sizes=\"(max-width: 767px) 89vw, (max-width: 1000px) 54vw, (max-width: 1071px) 543px, 580px\" \/><\/figure>\n\n\n\n<figure class=\"wp-block-gallery columns-3 is-cropped wp-block-gallery-1 is-layout-flex wp-block-gallery-is-layout-flex\"><ul class=\"blocks-gallery-grid\"><li class=\"blocks-gallery-item\"><figure><img decoding=\"async\" loading=\"lazy\" width=\"785\" height=\"589\" src=\"http:\/\/www.be-mhi.fr\/wp-content\/uploads\/2020\/08\/785x785_18111_vignette_02b-retouche-1.jpg\" alt=\"\" data-id=\"1253\" data-full-url=\"http:\/\/www.be-mhi.fr\/wp-content\/uploads\/2020\/08\/785x785_18111_vignette_02b-retouche-1.jpg\" data-link=\"http:\/\/www.be-mhi.fr\/?attachment_id=1253\" class=\"wp-image-1253\" srcset=\"http:\/\/www.be-mhi.fr\/wp-content\/uploads\/2020\/08\/785x785_18111_vignette_02b-retouche-1.jpg 785w, http:\/\/www.be-mhi.fr\/wp-content\/uploads\/2020\/08\/785x785_18111_vignette_02b-retouche-1-300x225.jpg 300w, http:\/\/www.be-mhi.fr\/wp-content\/uploads\/2020\/08\/785x785_18111_vignette_02b-retouche-1-768x576.jpg 768w\" sizes=\"(max-width: 767px) 89vw, (max-width: 1000px) 54vw, (max-width: 1071px) 543px, 580px\" \/><\/figure><\/li><li class=\"blocks-gallery-item\"><figure><img decoding=\"async\" loading=\"lazy\" width=\"785\" height=\"347\" src=\"http:\/\/www.be-mhi.fr\/wp-content\/uploads\/2020\/08\/785x785_18109_vignette_Panorama-53-54-1.jpg\" alt=\"\" data-id=\"1252\" data-full-url=\"http:\/\/www.be-mhi.fr\/wp-content\/uploads\/2020\/08\/785x785_18109_vignette_Panorama-53-54-1.jpg\" data-link=\"http:\/\/www.be-mhi.fr\/?attachment_id=1252\" class=\"wp-image-1252\" srcset=\"http:\/\/www.be-mhi.fr\/wp-content\/uploads\/2020\/08\/785x785_18109_vignette_Panorama-53-54-1.jpg 785w, http:\/\/www.be-mhi.fr\/wp-content\/uploads\/2020\/08\/785x785_18109_vignette_Panorama-53-54-1-300x133.jpg 300w, http:\/\/www.be-mhi.fr\/wp-content\/uploads\/2020\/08\/785x785_18109_vignette_Panorama-53-54-1-768x339.jpg 768w\" sizes=\"(max-width: 767px) 89vw, (max-width: 1000px) 54vw, (max-width: 1071px) 543px, 580px\" \/><\/figure><\/li><li class=\"blocks-gallery-item\"><figure><img decoding=\"async\" loading=\"lazy\" width=\"785\" height=\"360\" src=\"http:\/\/www.be-mhi.fr\/wp-content\/uploads\/2020\/08\/785x785_18107_vignette_Panorama-85-86-1.jpg\" alt=\"\" data-id=\"1246\" data-full-url=\"http:\/\/www.be-mhi.fr\/wp-content\/uploads\/2020\/08\/785x785_18107_vignette_Panorama-85-86-1.jpg\" data-link=\"http:\/\/www.be-mhi.fr\/?attachment_id=1246\" class=\"wp-image-1246\" srcset=\"http:\/\/www.be-mhi.fr\/wp-content\/uploads\/2020\/08\/785x785_18107_vignette_Panorama-85-86-1.jpg 785w, http:\/\/www.be-mhi.fr\/wp-content\/uploads\/2020\/08\/785x785_18107_vignette_Panorama-85-86-1-300x138.jpg 300w, http:\/\/www.be-mhi.fr\/wp-content\/uploads\/2020\/08\/785x785_18107_vignette_Panorama-85-86-1-768x352.jpg 768w\" sizes=\"(max-width: 767px) 89vw, (max-width: 1000px) 54vw, (max-width: 1071px) 543px, 580px\" \/><\/figure><\/li><li class=\"blocks-gallery-item\"><figure><img decoding=\"async\" loading=\"lazy\" width=\"589\" height=\"785\" src=\"http:\/\/www.be-mhi.fr\/wp-content\/uploads\/2020\/08\/785x785_18104_vignette_04a.jpg\" alt=\"\" data-id=\"1251\" data-full-url=\"http:\/\/www.be-mhi.fr\/wp-content\/uploads\/2020\/08\/785x785_18104_vignette_04a.jpg\" data-link=\"http:\/\/www.be-mhi.fr\/?attachment_id=1251\" class=\"wp-image-1251\" srcset=\"http:\/\/www.be-mhi.fr\/wp-content\/uploads\/2020\/08\/785x785_18104_vignette_04a.jpg 589w, http:\/\/www.be-mhi.fr\/wp-content\/uploads\/2020\/08\/785x785_18104_vignette_04a-225x300.jpg 225w\" sizes=\"(max-width: 589px) 100vw, 589px\" \/><\/figure><\/li><li class=\"blocks-gallery-item\"><figure><img decoding=\"async\" loading=\"lazy\" width=\"589\" height=\"785\" src=\"http:\/\/www.be-mhi.fr\/wp-content\/uploads\/2020\/08\/785x785_18099_vignette_302-1.jpg\" alt=\"\" data-id=\"1249\" data-full-url=\"http:\/\/www.be-mhi.fr\/wp-content\/uploads\/2020\/08\/785x785_18099_vignette_302-1.jpg\" data-link=\"http:\/\/www.be-mhi.fr\/?attachment_id=1249\" class=\"wp-image-1249\" srcset=\"http:\/\/www.be-mhi.fr\/wp-content\/uploads\/2020\/08\/785x785_18099_vignette_302-1.jpg 589w, http:\/\/www.be-mhi.fr\/wp-content\/uploads\/2020\/08\/785x785_18099_vignette_302-1-225x300.jpg 225w\" sizes=\"(max-width: 589px) 100vw, 589px\" \/><\/figure><\/li><\/ul><\/figure>\n","protected":false},"excerpt":{"rendered":"<p>Caract\u00e9ristiques du projet Ma\u00eetre d\u2019ouvrage\u00a0: Voies Naviguables de FranceArchitecte\u00a0: HEINTZ \u2013 KEHRNature des travaux : Construction neuve d&rsquo;un b\u00e2timent administratif et techniqueMissions exerc\u00e9es : Ing\u00e9nierie des structuresCo\u00fbt des travaux : 1 236 500 \u20ac H.T.Surface : 830 m\u00b2Lieu de r\u00e9alisation : 12 Rue de Schlierbach, 68680 NifferAnn\u00e9e de r\u00e9alisation : 2010<\/p>\n","protected":false},"author":8,"featured_media":0,"parent":1326,"menu_order":0,"comment_status":"closed","ping_status":"closed","template":"","meta":{"footnotes":""},"_links":{"self":[{"href":"http:\/\/www.be-mhi.fr\/index.php?rest_route=\/wp\/v2\/pages\/1244"}],"collection":[{"href":"http:\/\/www.be-mhi.fr\/index.php?rest_route=\/wp\/v2\/pages"}],"about":[{"href":"http:\/\/www.be-mhi.fr\/index.php?rest_route=\/wp\/v2\/types\/page"}],"author":[{"embeddable":true,"href":"http:\/\/www.be-mhi.fr\/index.php?rest_route=\/wp\/v2\/users\/8"}],"replies":[{"embeddable":true,"href":"http:\/\/www.be-mhi.fr\/index.php?rest_route=%2Fwp%2Fv2%2Fcomments&post=1244"}],"version-history":[{"count":3,"href":"http:\/\/www.be-mhi.fr\/index.php?rest_route=\/wp\/v2\/pages\/1244\/revisions"}],"predecessor-version":[{"id":1574,"href":"http:\/\/www.be-mhi.fr\/index.php?rest_route=\/wp\/v2\/pages\/1244\/revisions\/1574"}],"up":[{"embeddable":true,"href":"http:\/\/www.be-mhi.fr\/index.php?rest_route=\/wp\/v2\/pages\/1326"}],"wp:attachment":[{"href":"http:\/\/www.be-mhi.fr\/index.php?rest_route=%2Fwp%2Fv2%2Fmedia&parent=1244"}],"curies":[{"name":"wp","href":"https:\/\/api.w.org\/{rel}","templated":true}]}}