{"id":1276,"date":"2020-08-25T08:05:34","date_gmt":"2020-08-25T07:05:34","guid":{"rendered":"http:\/\/www.be-mhi.fr\/?page_id=1276"},"modified":"2020-08-26T14:18:24","modified_gmt":"2020-08-26T13:18:24","slug":"restructuration-et-extension-du-lycee-agricole-legta-a-obernai-avec-realisation-dune-demi-pension","status":"publish","type":"page","link":"http:\/\/www.be-mhi.fr\/?page_id=1276","title":{"rendered":"Lyc\u00e9e Agricole LEGTA \u00e0 Obernai avec r\u00e9alisation d\u2019une demi-pension"},"content":{"rendered":"<p><span style=\"color: #808080;\"><em>Caract\u00e9ristiques du projet<\/em><\/span><\/p>\n<hr \/>\n<p><strong>Ma\u00eetre d\u2019ouvrage\u00a0<\/strong>: REGION ALSACE<br \/><strong>Architecte\u00a0:<\/strong> <a href=\"http:\/\/www.gilch-kalk-gilch.fr\/gilch-kalk-gkg-architectes\/2010\/legta-obernai\">GKG<\/a><br \/><strong>Nature des travaux :<\/strong> Restructuration &amp; extension\u00a0<br \/><strong>Missions exerc\u00e9es<\/strong> : Ing\u00e9nierie des structures, Ing\u00e9nierie de l\u2019approche environnementale, Coordination HQE<br \/><strong>Co\u00fbt des travaux :<\/strong> 20 300 000 \u20ac H.T.<br \/><strong>Surface<\/strong> : 17 973 m\u00b2 en locaux d\u2019enseignement, d\u2019internat, d\u2019externat, de demi-pension, de gymnase et d\u2019amphith\u00e9\u00e2tre<br \/><strong>Lieu de r\u00e9alisation : <\/strong>44 Boulevard de l&rsquo;Europe, 67210 Obernai<br \/><strong>Ann\u00e9es de r\u00e9alisation :<\/strong> 2004 &#8211; 2012<\/p>\n\n\n<figure class=\"wp-block-image size-large\"><img decoding=\"async\" loading=\"lazy\" width=\"1024\" height=\"531\" src=\"http:\/\/www.be-mhi.fr\/wp-content\/uploads\/2020\/08\/2-7-1024x531.png\" alt=\"\" class=\"wp-image-1408\" srcset=\"http:\/\/www.be-mhi.fr\/wp-content\/uploads\/2020\/08\/2-7-1024x531.png 1024w, http:\/\/www.be-mhi.fr\/wp-content\/uploads\/2020\/08\/2-7-300x155.png 300w, http:\/\/www.be-mhi.fr\/wp-content\/uploads\/2020\/08\/2-7-768x398.png 768w, http:\/\/www.be-mhi.fr\/wp-content\/uploads\/2020\/08\/2-7-1536x796.png 1536w, http:\/\/www.be-mhi.fr\/wp-content\/uploads\/2020\/08\/2-7.png 1559w\" sizes=\"(max-width: 767px) 89vw, (max-width: 1000px) 54vw, (max-width: 1071px) 543px, 580px\" \/><\/figure>\n\n\n\n<figure class=\"wp-block-gallery columns-3 wp-block-gallery-1 is-layout-flex wp-block-gallery-is-layout-flex\"><ul class=\"blocks-gallery-grid\"><li class=\"blocks-gallery-item\"><figure><img decoding=\"async\" loading=\"lazy\" width=\"201\" height=\"300\" src=\"https:\/\/www.be-mhi.fr\/wp-content\/uploads\/2020\/08\/4-8-201x300.png\" alt=\"\" data-id=\"1410\" data-full-url=\"http:\/\/www.be-mhi.fr\/wp-content\/uploads\/2020\/08\/4-8.png\" data-link=\"http:\/\/www.be-mhi.fr\/?attachment_id=1410\" class=\"wp-image-1410\" srcset=\"http:\/\/www.be-mhi.fr\/wp-content\/uploads\/2020\/08\/4-8-201x300.png 201w, http:\/\/www.be-mhi.fr\/wp-content\/uploads\/2020\/08\/4-8.png 612w\" sizes=\"(max-width: 201px) 100vw, 201px\" \/><\/figure><\/li><li class=\"blocks-gallery-item\"><figure><img decoding=\"async\" loading=\"lazy\" width=\"211\" height=\"300\" src=\"https:\/\/www.be-mhi.fr\/wp-content\/uploads\/2020\/08\/1-7-211x300.png\" alt=\"\" data-id=\"1407\" data-full-url=\"http:\/\/www.be-mhi.fr\/wp-content\/uploads\/2020\/08\/1-7.png\" data-link=\"http:\/\/www.be-mhi.fr\/?attachment_id=1407\" class=\"wp-image-1407\" srcset=\"http:\/\/www.be-mhi.fr\/wp-content\/uploads\/2020\/08\/1-7-211x300.png 211w, http:\/\/www.be-mhi.fr\/wp-content\/uploads\/2020\/08\/1-7.png 599w\" sizes=\"(max-width: 211px) 100vw, 211px\" \/><\/figure><\/li><li class=\"blocks-gallery-item\"><figure><img decoding=\"async\" loading=\"lazy\" width=\"201\" height=\"300\" src=\"https:\/\/www.be-mhi.fr\/wp-content\/uploads\/2020\/08\/3-7-201x300.png\" alt=\"\" data-id=\"1409\" data-full-url=\"http:\/\/www.be-mhi.fr\/wp-content\/uploads\/2020\/08\/3-7.png\" data-link=\"http:\/\/www.be-mhi.fr\/?attachment_id=1409\" class=\"wp-image-1409\" srcset=\"http:\/\/www.be-mhi.fr\/wp-content\/uploads\/2020\/08\/3-7-201x300.png 201w, http:\/\/www.be-mhi.fr\/wp-content\/uploads\/2020\/08\/3-7.png 573w\" sizes=\"(max-width: 201px) 100vw, 201px\" \/><\/figure><\/li><li class=\"blocks-gallery-item\"><figure><img decoding=\"async\" loading=\"lazy\" width=\"300\" height=\"194\" src=\"https:\/\/www.be-mhi.fr\/wp-content\/uploads\/2020\/08\/6-4-300x194.png\" alt=\"\" data-id=\"1412\" data-full-url=\"http:\/\/www.be-mhi.fr\/wp-content\/uploads\/2020\/08\/6-4.png\" data-link=\"http:\/\/www.be-mhi.fr\/?attachment_id=1412\" class=\"wp-image-1412\" srcset=\"http:\/\/www.be-mhi.fr\/wp-content\/uploads\/2020\/08\/6-4-300x194.png 300w, http:\/\/www.be-mhi.fr\/wp-content\/uploads\/2020\/08\/6-4-1024x663.png 1024w, http:\/\/www.be-mhi.fr\/wp-content\/uploads\/2020\/08\/6-4-768x497.png 768w, http:\/\/www.be-mhi.fr\/wp-content\/uploads\/2020\/08\/6-4.png 1348w\" sizes=\"(max-width: 300px) 100vw, 300px\" \/><\/figure><\/li><li class=\"blocks-gallery-item\"><figure><img decoding=\"async\" loading=\"lazy\" width=\"300\" height=\"200\" src=\"https:\/\/www.be-mhi.fr\/wp-content\/uploads\/2020\/08\/5-6-300x200.png\" alt=\"\" data-id=\"1411\" data-full-url=\"http:\/\/www.be-mhi.fr\/wp-content\/uploads\/2020\/08\/5-6.png\" data-link=\"http:\/\/www.be-mhi.fr\/?attachment_id=1411\" class=\"wp-image-1411\" srcset=\"http:\/\/www.be-mhi.fr\/wp-content\/uploads\/2020\/08\/5-6-300x200.png 300w, http:\/\/www.be-mhi.fr\/wp-content\/uploads\/2020\/08\/5-6-1024x683.png 1024w, http:\/\/www.be-mhi.fr\/wp-content\/uploads\/2020\/08\/5-6-768x512.png 768w, http:\/\/www.be-mhi.fr\/wp-content\/uploads\/2020\/08\/5-6.png 1321w\" sizes=\"(max-width: 300px) 100vw, 300px\" \/><\/figure><\/li><\/ul><\/figure>\n","protected":false},"excerpt":{"rendered":"<p>Caract\u00e9ristiques du projet Ma\u00eetre d\u2019ouvrage\u00a0: REGION ALSACEArchitecte\u00a0: GKGNature des travaux : Restructuration &amp; extension\u00a0Missions exerc\u00e9es : Ing\u00e9nierie des structures, Ing\u00e9nierie de l\u2019approche environnementale, Coordination HQECo\u00fbt des travaux : 20 300 000 \u20ac H.T.Surface : 17 973 m\u00b2 en locaux d\u2019enseignement, d\u2019internat, d\u2019externat, de demi-pension, de gymnase et d\u2019amphith\u00e9\u00e2treLieu de r\u00e9alisation : 44 Boulevard de l&rsquo;Europe, &hellip; <\/p>\n<p class=\"link-more\"><a href=\"http:\/\/www.be-mhi.fr\/?page_id=1276\" class=\"more-link\">Continue reading<span class=\"screen-reader-text\"> \u00ab\u00a0Lyc\u00e9e Agricole LEGTA \u00e0 Obernai avec r\u00e9alisation d\u2019une demi-pension\u00a0\u00bb<\/span><\/a><\/p>\n","protected":false},"author":8,"featured_media":0,"parent":1325,"menu_order":0,"comment_status":"closed","ping_status":"closed","template":"","meta":{"footnotes":""},"_links":{"self":[{"href":"http:\/\/www.be-mhi.fr\/index.php?rest_route=\/wp\/v2\/pages\/1276"}],"collection":[{"href":"http:\/\/www.be-mhi.fr\/index.php?rest_route=\/wp\/v2\/pages"}],"about":[{"href":"http:\/\/www.be-mhi.fr\/index.php?rest_route=\/wp\/v2\/types\/page"}],"author":[{"embeddable":true,"href":"http:\/\/www.be-mhi.fr\/index.php?rest_route=\/wp\/v2\/users\/8"}],"replies":[{"embeddable":true,"href":"http:\/\/www.be-mhi.fr\/index.php?rest_route=%2Fwp%2Fv2%2Fcomments&post=1276"}],"version-history":[{"count":10,"href":"http:\/\/www.be-mhi.fr\/index.php?rest_route=\/wp\/v2\/pages\/1276\/revisions"}],"predecessor-version":[{"id":1474,"href":"http:\/\/www.be-mhi.fr\/index.php?rest_route=\/wp\/v2\/pages\/1276\/revisions\/1474"}],"up":[{"embeddable":true,"href":"http:\/\/www.be-mhi.fr\/index.php?rest_route=\/wp\/v2\/pages\/1325"}],"wp:attachment":[{"href":"http:\/\/www.be-mhi.fr\/index.php?rest_route=%2Fwp%2Fv2%2Fmedia&parent=1276"}],"curies":[{"name":"wp","href":"https:\/\/api.w.org\/{rel}","templated":true}]}}