{"id":1325,"date":"2020-08-26T09:34:08","date_gmt":"2020-08-26T08:34:08","guid":{"rendered":"http:\/\/www.be-mhi.fr\/?page_id=1325"},"modified":"2023-08-25T15:45:49","modified_gmt":"2023-08-25T14:45:49","slug":"enseignement-formation","status":"publish","type":"page","link":"http:\/\/www.be-mhi.fr\/?page_id=1325","title":{"rendered":"Enseignement &#038; Formation"},"content":{"rendered":"\n<div class=\"wp-block-columns is-layout-flex wp-container-4 wp-block-columns-is-layout-flex\">\n<div class=\"wp-block-column is-layout-flow wp-block-column-is-layout-flow\">\n<figure class=\"wp-block-image size-large\"><a href=\"https:\/\/www.be-mhi.fr\/?page_id=1802(ouvre un nouvel onglet)\"><img decoding=\"async\" loading=\"lazy\" width=\"1024\" height=\"576\" src=\"http:\/\/www.be-mhi.fr\/wp-content\/uploads\/2023\/08\/1-1024x576.jpg\" alt=\"\" class=\"wp-image-1789\" style=\"aspect-ratio:1;object-fit:cover\" srcset=\"http:\/\/www.be-mhi.fr\/wp-content\/uploads\/2023\/08\/1-1024x576.jpg 1024w, http:\/\/www.be-mhi.fr\/wp-content\/uploads\/2023\/08\/1-300x169.jpg 300w, http:\/\/www.be-mhi.fr\/wp-content\/uploads\/2023\/08\/1-768x432.jpg 768w, http:\/\/www.be-mhi.fr\/wp-content\/uploads\/2023\/08\/1-1536x865.jpg 1536w, http:\/\/www.be-mhi.fr\/wp-content\/uploads\/2023\/08\/1.jpg 1597w\" sizes=\"(max-width: 767px) 89vw, (max-width: 1000px) 54vw, (max-width: 1071px) 543px, 580px\" \/><\/a><figcaption class=\"wp-element-caption\">Groupe scolaire rue Jean Mentelin (en cours)<\/figcaption><\/figure>\n<\/div>\n\n\n\n<div class=\"wp-block-column is-layout-flow wp-block-column-is-layout-flow\">\n<figure class=\"wp-block-image size-large is-style-default\"><a href=\"https:\/\/www.be-mhi.fr\/?page_id=1747(ouvre un nouvel onglet)\"><img decoding=\"async\" loading=\"lazy\" width=\"1024\" height=\"1024\" src=\"https:\/\/www.be-mhi.fr\/wp-content\/uploads\/2023\/08\/PV01_RUE-BIS-leg-JPG-scaled-2-edited-1024x1024.jpg\" alt=\"lyc\u00e9e Dominique Labroise \u00e0 Sarrebourg\" class=\"wp-image-1780\" style=\"object-fit:cover\" srcset=\"http:\/\/www.be-mhi.fr\/wp-content\/uploads\/2023\/08\/PV01_RUE-BIS-leg-JPG-scaled-2-edited-1024x1024.jpg 1024w, http:\/\/www.be-mhi.fr\/wp-content\/uploads\/2023\/08\/PV01_RUE-BIS-leg-JPG-scaled-2-edited-300x300.jpg 300w, http:\/\/www.be-mhi.fr\/wp-content\/uploads\/2023\/08\/PV01_RUE-BIS-leg-JPG-scaled-2-edited-150x150.jpg 150w, http:\/\/www.be-mhi.fr\/wp-content\/uploads\/2023\/08\/PV01_RUE-BIS-leg-JPG-scaled-2-edited-768x768.jpg 768w, http:\/\/www.be-mhi.fr\/wp-content\/uploads\/2023\/08\/PV01_RUE-BIS-leg-JPG-scaled-2-edited-100x100.jpg 100w, http:\/\/www.be-mhi.fr\/wp-content\/uploads\/2023\/08\/PV01_RUE-BIS-leg-JPG-scaled-2-edited.jpg 1280w\" sizes=\"(max-width: 767px) 89vw, (max-width: 1000px) 54vw, (max-width: 1071px) 543px, 580px\" \/><\/a><figcaption class=\"wp-element-caption\">Lyc\u00e9e Dominique Labroise \u00e0 Sarrebourg (en cours)<\/figcaption><\/figure>\n<\/div>\n\n\n\n<div class=\"wp-block-column is-layout-flow wp-block-column-is-layout-flow\">\n<figure class=\"wp-block-image size-large\"><a href=\"https:\/\/www.be-mhi.fr\/wp-content\/uploads\/2023\/08\/21-09-04Aerien1APDLEG-scaled-1.jpg\"><img decoding=\"async\" loading=\"lazy\" width=\"1024\" height=\"465\" src=\"https:\/\/www.be-mhi.fr\/wp-content\/uploads\/2023\/08\/21-09-04Aerien1APDLEG-scaled-1-1024x465.jpg\" alt=\"\" class=\"wp-image-1792\" style=\"aspect-ratio:1;object-fit:cover\" srcset=\"http:\/\/www.be-mhi.fr\/wp-content\/uploads\/2023\/08\/21-09-04Aerien1APDLEG-scaled-1-1024x465.jpg 1024w, http:\/\/www.be-mhi.fr\/wp-content\/uploads\/2023\/08\/21-09-04Aerien1APDLEG-scaled-1-300x136.jpg 300w, http:\/\/www.be-mhi.fr\/wp-content\/uploads\/2023\/08\/21-09-04Aerien1APDLEG-scaled-1-768x349.jpg 768w, http:\/\/www.be-mhi.fr\/wp-content\/uploads\/2023\/08\/21-09-04Aerien1APDLEG-scaled-1-1536x698.jpg 1536w, http:\/\/www.be-mhi.fr\/wp-content\/uploads\/2023\/08\/21-09-04Aerien1APDLEG-scaled-1-2048x930.jpg 2048w\" sizes=\"(max-width: 767px) 89vw, (max-width: 1000px) 54vw, (max-width: 1071px) 543px, 580px\" \/><\/a><figcaption class=\"wp-element-caption\">Coll\u00e8ge du RIED (en cours)<\/figcaption><\/figure>\n<\/div>\n<\/div>\n\n\n\n<div class=\"wp-block-columns is-layout-flex wp-container-8 wp-block-columns-is-layout-flex\">\n<div class=\"wp-block-column is-layout-flow wp-block-column-is-layout-flow\">\n<figure class=\"wp-block-image size-large\"><a href=\"http:\/\/www.be-mhi.fr\/?page_id=1090\"><img decoding=\"async\" loading=\"lazy\" width=\"887\" height=\"887\" src=\"https:\/\/www.be-mhi.fr\/wp-content\/uploads\/2023\/08\/2816sand1-edited.png\" alt=\"\" class=\"wp-image-1775\" srcset=\"http:\/\/www.be-mhi.fr\/wp-content\/uploads\/2023\/08\/2816sand1-edited.png 887w, http:\/\/www.be-mhi.fr\/wp-content\/uploads\/2023\/08\/2816sand1-edited-300x300.png 300w, http:\/\/www.be-mhi.fr\/wp-content\/uploads\/2023\/08\/2816sand1-edited-150x150.png 150w, http:\/\/www.be-mhi.fr\/wp-content\/uploads\/2023\/08\/2816sand1-edited-768x768.png 768w, http:\/\/www.be-mhi.fr\/wp-content\/uploads\/2023\/08\/2816sand1-edited-100x100.png 100w\" sizes=\"(max-width: 767px) 89vw, (max-width: 1000px) 54vw, (max-width: 1071px) 543px, 580px\" \/><\/a><figcaption class=\"wp-element-caption\">Salle Associative et P\u00e9riscolaire \u00e0 SAND (2020)<\/figcaption><\/figure>\n<\/div>\n\n\n\n<div class=\"wp-block-column is-layout-flow wp-block-column-is-layout-flow\">\n<figure class=\"wp-block-image size-full is-resized\"><a href=\"https:\/\/www.be-mhi.fr\/?page_id=1797(ouvre un nouvel onglet)\"><img decoding=\"async\" src=\"https:\/\/www.be-mhi.fr\/wp-content\/uploads\/2023\/08\/Michael-Bouton-edifice-photo.com-009-MW.jpg\" alt=\"\" class=\"wp-image-1791\" style=\"aspect-ratio:1;object-fit:cover;width:203px\" width=\"203\" srcset=\"http:\/\/www.be-mhi.fr\/wp-content\/uploads\/2023\/08\/Michael-Bouton-edifice-photo.com-009-MW.jpg 787w, http:\/\/www.be-mhi.fr\/wp-content\/uploads\/2023\/08\/Michael-Bouton-edifice-photo.com-009-MW-300x169.jpg 300w, http:\/\/www.be-mhi.fr\/wp-content\/uploads\/2023\/08\/Michael-Bouton-edifice-photo.com-009-MW-768x432.jpg 768w\" sizes=\"(max-width: 767px) 89vw, (max-width: 1000px) 54vw, (max-width: 1071px) 543px, 580px\" \/><\/a><figcaption class=\"wp-element-caption\">Groupe Scolaire Furdenheim (2019)<\/figcaption><\/figure>\n<\/div>\n\n\n\n<div class=\"wp-block-column is-layout-flow wp-block-column-is-layout-flow\">\n<figure class=\"wp-block-image size-large\"><a href=\"http:\/\/www.be-mhi.fr\/?page_id=1290\"><img decoding=\"async\" loading=\"lazy\" width=\"384\" height=\"384\" src=\"https:\/\/www.be-mhi.fr\/wp-content\/uploads\/2023\/08\/2316gioberti1-edited.jpg\" alt=\"\" class=\"wp-image-1778\" srcset=\"http:\/\/www.be-mhi.fr\/wp-content\/uploads\/2023\/08\/2316gioberti1-edited.jpg 384w, http:\/\/www.be-mhi.fr\/wp-content\/uploads\/2023\/08\/2316gioberti1-edited-300x300.jpg 300w, http:\/\/www.be-mhi.fr\/wp-content\/uploads\/2023\/08\/2316gioberti1-edited-150x150.jpg 150w, http:\/\/www.be-mhi.fr\/wp-content\/uploads\/2023\/08\/2316gioberti1-edited-100x100.jpg 100w\" sizes=\"(max-width: 384px) 100vw, 384px\" \/><\/a><figcaption class=\"wp-element-caption\">Cr\u00e8che Gioberti \u00e0 Strasbourg &#8211; Hautepierre (2019)<\/figcaption><\/figure>\n<\/div>\n<\/div>\n\n\n\n<div class=\"wp-block-columns is-layout-flex wp-container-12 wp-block-columns-is-layout-flex\">\n<div class=\"wp-block-column is-layout-flow wp-block-column-is-layout-flow\">\n<figure class=\"wp-block-image size-large\"><a href=\"https:\/\/www.be-mhi.fr\/wp-content\/uploads\/2023\/08\/Groupe_Scolaire_Ren__Cassin_-_Agence_MW_Photo_031-edited.jpg\"><img decoding=\"async\" loading=\"lazy\" width=\"902\" height=\"902\" src=\"https:\/\/www.be-mhi.fr\/wp-content\/uploads\/2023\/08\/Groupe_Scolaire_Ren__Cassin_-_Agence_MW_Photo_031-edited.jpg\" alt=\"\" class=\"wp-image-1782\" srcset=\"http:\/\/www.be-mhi.fr\/wp-content\/uploads\/2023\/08\/Groupe_Scolaire_Ren__Cassin_-_Agence_MW_Photo_031-edited.jpg 902w, http:\/\/www.be-mhi.fr\/wp-content\/uploads\/2023\/08\/Groupe_Scolaire_Ren__Cassin_-_Agence_MW_Photo_031-edited-300x300.jpg 300w, http:\/\/www.be-mhi.fr\/wp-content\/uploads\/2023\/08\/Groupe_Scolaire_Ren__Cassin_-_Agence_MW_Photo_031-edited-150x150.jpg 150w, http:\/\/www.be-mhi.fr\/wp-content\/uploads\/2023\/08\/Groupe_Scolaire_Ren__Cassin_-_Agence_MW_Photo_031-edited-768x768.jpg 768w, http:\/\/www.be-mhi.fr\/wp-content\/uploads\/2023\/08\/Groupe_Scolaire_Ren__Cassin_-_Agence_MW_Photo_031-edited-100x100.jpg 100w\" sizes=\"(max-width: 767px) 89vw, (max-width: 1000px) 54vw, (max-width: 1071px) 543px, 580px\" \/><\/a><figcaption class=\"wp-element-caption\">Groupe Scolaire \u00ab Ren\u00e9 Cassin \u00bb (2018)<\/figcaption><\/figure>\n<\/div>\n\n\n\n<div class=\"wp-block-column is-layout-flow wp-block-column-is-layout-flow\">\n<figure class=\"wp-block-image size-medium\"><a href=\"https:\/\/www.be-mhi.fr\/wp-content\/uploads\/2020\/08\/716duppigheim1.jpg\"><img decoding=\"async\" loading=\"lazy\" width=\"300\" height=\"300\" src=\"https:\/\/www.be-mhi.fr\/wp-content\/uploads\/2023\/08\/716duppigheim1-edited-300x300.jpg\" alt=\"\" class=\"wp-image-1772\" srcset=\"http:\/\/www.be-mhi.fr\/wp-content\/uploads\/2023\/08\/716duppigheim1-edited-300x300.jpg 300w, http:\/\/www.be-mhi.fr\/wp-content\/uploads\/2023\/08\/716duppigheim1-edited-150x150.jpg 150w, http:\/\/www.be-mhi.fr\/wp-content\/uploads\/2023\/08\/716duppigheim1-edited-768x768.jpg 768w, http:\/\/www.be-mhi.fr\/wp-content\/uploads\/2023\/08\/716duppigheim1-edited-100x100.jpg 100w, http:\/\/www.be-mhi.fr\/wp-content\/uploads\/2023\/08\/716duppigheim1-edited.jpg 922w\" sizes=\"(max-width: 300px) 100vw, 300px\" \/><\/a><figcaption class=\"wp-element-caption\">Ecole Maternelle et accueil p\u00e9riscolaire \u00e0 DUPPIGHEIM (2018)<\/figcaption><\/figure>\n<\/div>\n\n\n\n<div class=\"wp-block-column is-layout-flow wp-block-column-is-layout-flow\">\n<figure class=\"wp-block-image size-large\"><a href=\"https:\/\/www.be-mhi.fr\/?page_id=1262(ouvre un nouvel onglet)\"><img decoding=\"async\" loading=\"lazy\" width=\"797\" height=\"797\" src=\"https:\/\/www.be-mhi.fr\/wp-content\/uploads\/2023\/08\/213_erstein1-edited.png\" alt=\"\" class=\"wp-image-1779\" srcset=\"http:\/\/www.be-mhi.fr\/wp-content\/uploads\/2023\/08\/213_erstein1-edited.png 797w, http:\/\/www.be-mhi.fr\/wp-content\/uploads\/2023\/08\/213_erstein1-edited-300x300.png 300w, http:\/\/www.be-mhi.fr\/wp-content\/uploads\/2023\/08\/213_erstein1-edited-150x150.png 150w, http:\/\/www.be-mhi.fr\/wp-content\/uploads\/2023\/08\/213_erstein1-edited-768x768.png 768w, http:\/\/www.be-mhi.fr\/wp-content\/uploads\/2023\/08\/213_erstein1-edited-100x100.png 100w\" sizes=\"(max-width: 767px) 89vw, (max-width: 1000px) 54vw, (max-width: 1071px) 543px, 580px\" \/><\/a><figcaption class=\"wp-element-caption\">Lyc\u00e9e Agricole d&rsquo;Erstein (2014)<\/figcaption><\/figure>\n<\/div>\n<\/div>\n\n\n\n<blockquote class=\"wp-block-quote\">\n<div class=\"wp-block-columns is-layout-flex wp-container-16 wp-block-columns-is-layout-flex\">\n<div class=\"wp-block-column is-layout-flow wp-block-column-is-layout-flow\">\n<figure class=\"wp-block-image size-large\"><a href=\"https:\/\/www.be-mhi.fr\/?page_id=921(ouvre un nouvel onglet)\"><img decoding=\"async\" loading=\"lazy\" width=\"954\" height=\"954\" src=\"https:\/\/www.be-mhi.fr\/wp-content\/uploads\/2023\/08\/5711brigitte1-edited.png\" alt=\"\" class=\"wp-image-1770\" srcset=\"http:\/\/www.be-mhi.fr\/wp-content\/uploads\/2023\/08\/5711brigitte1-edited.png 954w, http:\/\/www.be-mhi.fr\/wp-content\/uploads\/2023\/08\/5711brigitte1-edited-300x300.png 300w, http:\/\/www.be-mhi.fr\/wp-content\/uploads\/2023\/08\/5711brigitte1-edited-150x150.png 150w, http:\/\/www.be-mhi.fr\/wp-content\/uploads\/2023\/08\/5711brigitte1-edited-768x768.png 768w, http:\/\/www.be-mhi.fr\/wp-content\/uploads\/2023\/08\/5711brigitte1-edited-100x100.png 100w\" sizes=\"(max-width: 767px) 89vw, (max-width: 1000px) 54vw, (max-width: 1071px) 543px, 580px\" \/><\/a><figcaption class=\"wp-element-caption\">Ecole \u00e9l\u00e9mentaire Brigitte \u00e0 STRASBOURG (2014)<\/figcaption><\/figure>\n<\/div>\n\n\n\n<div class=\"wp-block-column is-layout-flow wp-block-column-is-layout-flow\">\n<figure class=\"wp-block-image size-medium\"><a href=\"http:\/\/www.be-mhi.fr\/?page_id=1072\"><img decoding=\"async\" loading=\"lazy\" width=\"300\" height=\"300\" src=\"https:\/\/www.be-mhi.fr\/wp-content\/uploads\/2023\/08\/1512obernai1-edited-300x300.jpg\" alt=\"\" class=\"wp-image-1774\" srcset=\"http:\/\/www.be-mhi.fr\/wp-content\/uploads\/2023\/08\/1512obernai1-edited-300x300.jpg 300w, http:\/\/www.be-mhi.fr\/wp-content\/uploads\/2023\/08\/1512obernai1-edited-150x150.jpg 150w, http:\/\/www.be-mhi.fr\/wp-content\/uploads\/2023\/08\/1512obernai1-edited-100x100.jpg 100w, http:\/\/www.be-mhi.fr\/wp-content\/uploads\/2023\/08\/1512obernai1-edited.jpg 524w\" sizes=\"(max-width: 300px) 100vw, 300px\" \/><\/a><figcaption class=\"wp-element-caption\">\u00c9quipement Petite Enfance \u00e0 Obernai (2014)<\/figcaption><\/figure>\n<\/div>\n\n\n\n<div class=\"wp-block-column is-layout-flow wp-block-column-is-layout-flow\">\n<figure class=\"wp-block-image size-large\"><a href=\"http:\/\/www.be-mhi.fr\/?page_id=951\"><img decoding=\"async\" loading=\"lazy\" width=\"911\" height=\"911\" src=\"https:\/\/www.be-mhi.fr\/wp-content\/uploads\/2023\/08\/1012weitbruch1-edited.png\" alt=\"\" class=\"wp-image-1777\" srcset=\"http:\/\/www.be-mhi.fr\/wp-content\/uploads\/2023\/08\/1012weitbruch1-edited.png 911w, http:\/\/www.be-mhi.fr\/wp-content\/uploads\/2023\/08\/1012weitbruch1-edited-300x300.png 300w, http:\/\/www.be-mhi.fr\/wp-content\/uploads\/2023\/08\/1012weitbruch1-edited-150x150.png 150w, http:\/\/www.be-mhi.fr\/wp-content\/uploads\/2023\/08\/1012weitbruch1-edited-768x768.png 768w, http:\/\/www.be-mhi.fr\/wp-content\/uploads\/2023\/08\/1012weitbruch1-edited-100x100.png 100w\" sizes=\"(max-width: 767px) 89vw, (max-width: 1000px) 54vw, (max-width: 1071px) 543px, 580px\" \/><\/a><figcaption class=\"wp-element-caption\">Ecole \u00e9l\u00e9mentaire de WEITBRUCH (2014)<\/figcaption><\/figure>\n<\/div>\n<\/div>\n<\/blockquote>\n\n\n\n<div class=\"wp-block-columns is-layout-flex wp-container-20 wp-block-columns-is-layout-flex\">\n<div class=\"wp-block-column is-layout-flow wp-block-column-is-layout-flow\">\n<figure class=\"wp-block-image size-medium\"><a href=\"http:\/\/www.be-mhi.fr\/?page_id=1276\"><img decoding=\"async\" loading=\"lazy\" width=\"300\" height=\"300\" src=\"https:\/\/www.be-mhi.fr\/wp-content\/uploads\/2023\/08\/M10004legta1-edited-300x300.png\" alt=\"\" class=\"wp-image-1771\" srcset=\"http:\/\/www.be-mhi.fr\/wp-content\/uploads\/2023\/08\/M10004legta1-edited-300x300.png 300w, http:\/\/www.be-mhi.fr\/wp-content\/uploads\/2023\/08\/M10004legta1-edited-150x150.png 150w, http:\/\/www.be-mhi.fr\/wp-content\/uploads\/2023\/08\/M10004legta1-edited-768x768.png 768w, http:\/\/www.be-mhi.fr\/wp-content\/uploads\/2023\/08\/M10004legta1-edited-100x100.png 100w, http:\/\/www.be-mhi.fr\/wp-content\/uploads\/2023\/08\/M10004legta1-edited.png 807w\" sizes=\"(max-width: 300px) 100vw, 300px\" \/><\/a><figcaption class=\"wp-element-caption\">Lyc\u00e9e Agricole LEGTA \u00e0 OBERNAI (2012)<\/figcaption><\/figure>\n<\/div>\n\n\n\n<div class=\"wp-block-column is-layout-flow wp-block-column-is-layout-flow\">\n<figure class=\"wp-block-image size-medium\"><a href=\"http:\/\/www.be-mhi.fr\/?page_id=915\"><img decoding=\"async\" loading=\"lazy\" width=\"300\" height=\"300\" src=\"https:\/\/www.be-mhi.fr\/wp-content\/uploads\/2023\/08\/12-12-13-ECAM-1-LEG-1-edited-300x300.jpg\" alt=\"\" class=\"wp-image-1773\" srcset=\"http:\/\/www.be-mhi.fr\/wp-content\/uploads\/2023\/08\/12-12-13-ECAM-1-LEG-1-edited-300x300.jpg 300w, http:\/\/www.be-mhi.fr\/wp-content\/uploads\/2023\/08\/12-12-13-ECAM-1-LEG-1-edited-1024x1024.jpg 1024w, http:\/\/www.be-mhi.fr\/wp-content\/uploads\/2023\/08\/12-12-13-ECAM-1-LEG-1-edited-150x150.jpg 150w, http:\/\/www.be-mhi.fr\/wp-content\/uploads\/2023\/08\/12-12-13-ECAM-1-LEG-1-edited-768x768.jpg 768w, http:\/\/www.be-mhi.fr\/wp-content\/uploads\/2023\/08\/12-12-13-ECAM-1-LEG-1-edited-100x100.jpg 100w, http:\/\/www.be-mhi.fr\/wp-content\/uploads\/2023\/08\/12-12-13-ECAM-1-LEG-1-edited.jpg 1181w\" sizes=\"(max-width: 300px) 100vw, 300px\" \/><\/a><figcaption class=\"wp-element-caption\">ECAM STRASBOURG &#8211; EUROPE (2012)<\/figcaption><\/figure>\n<\/div>\n\n\n\n<div class=\"wp-block-column is-layout-flow wp-block-column-is-layout-flow\">\n<figure class=\"wp-block-image size-medium\"><a href=\"http:\/\/www.be-mhi.fr\/?page_id=1105\"><img decoding=\"async\" loading=\"lazy\" width=\"300\" height=\"300\" src=\"https:\/\/www.be-mhi.fr\/wp-content\/uploads\/2023\/08\/10110_CFAjules-verne1-edited-300x300.png\" alt=\"\" class=\"wp-image-1769\" srcset=\"http:\/\/www.be-mhi.fr\/wp-content\/uploads\/2023\/08\/10110_CFAjules-verne1-edited-300x300.png 300w, http:\/\/www.be-mhi.fr\/wp-content\/uploads\/2023\/08\/10110_CFAjules-verne1-edited-150x150.png 150w, http:\/\/www.be-mhi.fr\/wp-content\/uploads\/2023\/08\/10110_CFAjules-verne1-edited-768x768.png 768w, http:\/\/www.be-mhi.fr\/wp-content\/uploads\/2023\/08\/10110_CFAjules-verne1-edited-100x100.png 100w, http:\/\/www.be-mhi.fr\/wp-content\/uploads\/2023\/08\/10110_CFAjules-verne1-edited.png 831w\" sizes=\"(max-width: 300px) 100vw, 300px\" \/><\/a><figcaption class=\"wp-element-caption\">CFA Jules Verne \u00e0 Saverne (2011)<\/figcaption><\/figure>\n<\/div>\n<\/div>\n\n\n\n<div class=\"wp-block-columns is-layout-flex wp-container-24 wp-block-columns-is-layout-flex\">\n<div class=\"wp-block-column is-layout-flow wp-block-column-is-layout-flow\">\n<figure class=\"wp-block-image size-full\"><a href=\"https:\/\/www.be-mhi.fr\/?page_id=1105(ouvre un nouvel onglet)\"><img decoding=\"async\" loading=\"lazy\" width=\"849\" height=\"685\" src=\"https:\/\/www.be-mhi.fr\/wp-content\/uploads\/2023\/08\/feld_stras_blickgarten_small-1.jpg\" alt=\"\" class=\"wp-image-1840\" style=\"aspect-ratio:1;object-fit:cover\" srcset=\"http:\/\/www.be-mhi.fr\/wp-content\/uploads\/2023\/08\/feld_stras_blickgarten_small-1.jpg 849w, http:\/\/www.be-mhi.fr\/wp-content\/uploads\/2023\/08\/feld_stras_blickgarten_small-1-300x242.jpg 300w, http:\/\/www.be-mhi.fr\/wp-content\/uploads\/2023\/08\/feld_stras_blickgarten_small-1-768x620.jpg 768w\" sizes=\"(max-width: 767px) 89vw, (max-width: 1000px) 54vw, (max-width: 1071px) 543px, 580px\" \/><\/a><figcaption class=\"wp-element-caption\">mentelin<\/figcaption><\/figure>\n<\/div>\n\n\n\n<div class=\"wp-block-column is-layout-flow wp-block-column-is-layout-flow\"><\/div>\n\n\n\n<div class=\"wp-block-column is-layout-flow wp-block-column-is-layout-flow\"><\/div>\n<\/div>\n","protected":false},"excerpt":{"rendered":"","protected":false},"author":8,"featured_media":0,"parent":50,"menu_order":0,"comment_status":"closed","ping_status":"closed","template":"","meta":{"footnotes":""},"_links":{"self":[{"href":"http:\/\/www.be-mhi.fr\/index.php?rest_route=\/wp\/v2\/pages\/1325"}],"collection":[{"href":"http:\/\/www.be-mhi.fr\/index.php?rest_route=\/wp\/v2\/pages"}],"about":[{"href":"http:\/\/www.be-mhi.fr\/index.php?rest_route=\/wp\/v2\/types\/page"}],"author":[{"embeddable":true,"href":"http:\/\/www.be-mhi.fr\/index.php?rest_route=\/wp\/v2\/users\/8"}],"replies":[{"embeddable":true,"href":"http:\/\/www.be-mhi.fr\/index.php?rest_route=%2Fwp%2Fv2%2Fcomments&post=1325"}],"version-history":[{"count":32,"href":"http:\/\/www.be-mhi.fr\/index.php?rest_route=\/wp\/v2\/pages\/1325\/revisions"}],"predecessor-version":[{"id":1842,"href":"http:\/\/www.be-mhi.fr\/index.php?rest_route=\/wp\/v2\/pages\/1325\/revisions\/1842"}],"up":[{"embeddable":true,"href":"http:\/\/www.be-mhi.fr\/index.php?rest_route=\/wp\/v2\/pages\/50"}],"wp:attachment":[{"href":"http:\/\/www.be-mhi.fr\/index.php?rest_route=%2Fwp%2Fv2%2Fmedia&parent=1325"}],"curies":[{"name":"wp","href":"https:\/\/api.w.org\/{rel}","templated":true}]}}