{"id":1536,"date":"2020-08-27T08:52:28","date_gmt":"2020-08-27T07:52:28","guid":{"rendered":"http:\/\/www.be-mhi.fr\/?page_id=1536"},"modified":"2020-08-27T08:52:28","modified_gmt":"2020-08-27T07:52:28","slug":"logements-a-strasbourg-lingolsheim","status":"publish","type":"page","link":"http:\/\/www.be-mhi.fr\/?page_id=1536","title":{"rendered":"Logements \u00e0 Strasbourg-Lingolsheim"},"content":{"rendered":"<p><span style=\"color: #808080;\"><em>Caract\u00e9ristiques du projet<\/em><\/span><\/p>\n<hr \/>\n<p><strong>Ma\u00eetre d\u2019ouvrage\u00a0<\/strong>: CUS HABITAT <br \/><strong>Architecte\u00a0:<\/strong> Agence MW<br \/><strong>Nature des travaux :<\/strong> Construction neuve<br \/><strong>Missions exerc\u00e9es<\/strong> : Ing\u00e9nierie des structures<br \/><strong>Co\u00fbt des travaux :<\/strong> 1 150 000 \u20ac H.T.<br \/><strong>Surface<\/strong> : 1 436 m\u00b2 <br \/><strong>Lieu de r\u00e9alisation :<\/strong> rue de Dachstein \u00e0 Strasbourg-Lingolsheim<br \/><strong>Ann\u00e9e de r\u00e9alisation :<\/strong> 2015<\/p>\n\n\n<figure class=\"wp-block-image size-large\"><img decoding=\"async\" loading=\"lazy\" width=\"1024\" height=\"433\" src=\"https:\/\/www.be-mhi.fr\/wp-content\/uploads\/2020\/08\/6511-1024x433.png\" alt=\"\" class=\"wp-image-1547\" srcset=\"http:\/\/www.be-mhi.fr\/wp-content\/uploads\/2020\/08\/6511-1024x433.png 1024w, http:\/\/www.be-mhi.fr\/wp-content\/uploads\/2020\/08\/6511-300x127.png 300w, http:\/\/www.be-mhi.fr\/wp-content\/uploads\/2020\/08\/6511-768x325.png 768w, http:\/\/www.be-mhi.fr\/wp-content\/uploads\/2020\/08\/6511-1536x649.png 1536w, http:\/\/www.be-mhi.fr\/wp-content\/uploads\/2020\/08\/6511.png 1578w\" sizes=\"(max-width: 767px) 89vw, (max-width: 1000px) 54vw, (max-width: 1071px) 543px, 580px\" \/><\/figure>\n\n\n\n<figure class=\"wp-block-gallery columns-2 is-cropped wp-block-gallery-1 is-layout-flex wp-block-gallery-is-layout-flex\"><ul class=\"blocks-gallery-grid\"><li class=\"blocks-gallery-item\"><figure><img decoding=\"async\" loading=\"lazy\" width=\"884\" height=\"678\" src=\"https:\/\/www.be-mhi.fr\/wp-content\/uploads\/2020\/08\/6511_2.png\" alt=\"\" data-id=\"1546\" data-full-url=\"https:\/\/www.be-mhi.fr\/wp-content\/uploads\/2020\/08\/6511_2.png\" data-link=\"https:\/\/www.be-mhi.fr\/?attachment_id=1546\" class=\"wp-image-1546\" srcset=\"http:\/\/www.be-mhi.fr\/wp-content\/uploads\/2020\/08\/6511_2.png 884w, http:\/\/www.be-mhi.fr\/wp-content\/uploads\/2020\/08\/6511_2-300x230.png 300w, http:\/\/www.be-mhi.fr\/wp-content\/uploads\/2020\/08\/6511_2-768x589.png 768w\" sizes=\"(max-width: 767px) 89vw, (max-width: 1000px) 54vw, (max-width: 1071px) 543px, 580px\" \/><\/figure><\/li><li class=\"blocks-gallery-item\"><figure><img decoding=\"async\" loading=\"lazy\" width=\"839\" height=\"619\" src=\"https:\/\/www.be-mhi.fr\/wp-content\/uploads\/2020\/08\/6511_3.png\" alt=\"\" data-id=\"1548\" data-full-url=\"https:\/\/www.be-mhi.fr\/wp-content\/uploads\/2020\/08\/6511_3.png\" data-link=\"https:\/\/www.be-mhi.fr\/?attachment_id=1548\" class=\"wp-image-1548\" srcset=\"http:\/\/www.be-mhi.fr\/wp-content\/uploads\/2020\/08\/6511_3.png 839w, http:\/\/www.be-mhi.fr\/wp-content\/uploads\/2020\/08\/6511_3-300x221.png 300w, http:\/\/www.be-mhi.fr\/wp-content\/uploads\/2020\/08\/6511_3-768x567.png 768w\" sizes=\"(max-width: 767px) 89vw, (max-width: 1000px) 54vw, (max-width: 1071px) 543px, 580px\" \/><\/figure><\/li><\/ul><\/figure>\n\n\n\n<p><\/p>\n","protected":false},"excerpt":{"rendered":"<p>Caract\u00e9ristiques du projet Ma\u00eetre d\u2019ouvrage\u00a0: CUS HABITAT Architecte\u00a0: Agence MWNature des travaux : Construction neuveMissions exerc\u00e9es : Ing\u00e9nierie des structuresCo\u00fbt des travaux : 1 150 000 \u20ac H.T.Surface : 1 436 m\u00b2 Lieu de r\u00e9alisation : rue de Dachstein \u00e0 Strasbourg-LingolsheimAnn\u00e9e de r\u00e9alisation : 2015<\/p>\n","protected":false},"author":8,"featured_media":0,"parent":1327,"menu_order":0,"comment_status":"closed","ping_status":"closed","template":"","meta":{"footnotes":""},"_links":{"self":[{"href":"http:\/\/www.be-mhi.fr\/index.php?rest_route=\/wp\/v2\/pages\/1536"}],"collection":[{"href":"http:\/\/www.be-mhi.fr\/index.php?rest_route=\/wp\/v2\/pages"}],"about":[{"href":"http:\/\/www.be-mhi.fr\/index.php?rest_route=\/wp\/v2\/types\/page"}],"author":[{"embeddable":true,"href":"http:\/\/www.be-mhi.fr\/index.php?rest_route=\/wp\/v2\/users\/8"}],"replies":[{"embeddable":true,"href":"http:\/\/www.be-mhi.fr\/index.php?rest_route=%2Fwp%2Fv2%2Fcomments&post=1536"}],"version-history":[{"count":1,"href":"http:\/\/www.be-mhi.fr\/index.php?rest_route=\/wp\/v2\/pages\/1536\/revisions"}],"predecessor-version":[{"id":1549,"href":"http:\/\/www.be-mhi.fr\/index.php?rest_route=\/wp\/v2\/pages\/1536\/revisions\/1549"}],"up":[{"embeddable":true,"href":"http:\/\/www.be-mhi.fr\/index.php?rest_route=\/wp\/v2\/pages\/1327"}],"wp:attachment":[{"href":"http:\/\/www.be-mhi.fr\/index.php?rest_route=%2Fwp%2Fv2%2Fmedia&parent=1536"}],"curies":[{"name":"wp","href":"https:\/\/api.w.org\/{rel}","templated":true}]}}