{"id":718,"date":"2020-06-17T16:35:11","date_gmt":"2020-06-17T15:35:11","guid":{"rendered":"http:\/\/www.be-mhi.fr\/?page_id=718"},"modified":"2020-08-26T13:00:59","modified_gmt":"2020-08-26T12:00:59","slug":"ecole-maternelle-et-accueil-periscolaire-a-duppigheim","status":"publish","type":"page","link":"http:\/\/www.be-mhi.fr\/?page_id=718","title":{"rendered":"Ecole Maternelle et accueil p\u00e9riscolaire \u00e0 Duppigheim"},"content":{"rendered":"<p><span style=\"color: #808080;\"><em>Caract\u00e9ristiques du projet<\/em><\/span><\/p>\n<hr \/>\n<p><strong>Ma\u00eetre d\u2019ouvrage\u00a0<\/strong>: Commune de Duppigheim<br \/><strong>Architecte\u00a0:<\/strong> <a href=\"http:\/\/www.ixo-architecture.fr\/detail\/nouveautes\/ecole-maternelle-et-periscolaire\/\" target=\"_blank\" rel=\"noreferrer noopener\" data-rich-text-format-boundary=\"true\">IXO architecture<\/a><br \/><strong>Nature des travaux :<\/strong> Construction neuve\u00a0<br \/><strong>Missions exerc\u00e9es<\/strong> : Ing\u00e9nierie des structures &#8211; Suivi local fluides<br \/><strong>Co\u00fbt des travaux :<\/strong> 2 950 000\u20ac H.T.<br \/><strong>Surface<\/strong> : 1 385 m\u00b2<br \/><strong>Lieu de r\u00e9alisation : <\/strong><span style=\"font-size: inherit;\">Rue du Stade,\u00a0<\/span>67120 Duppigheim<br \/><strong>Ann\u00e9es de r\u00e9alisation :<\/strong> 2018<\/p>\n\n\n<figure class=\"wp-block-image size-large\"><img decoding=\"async\" loading=\"lazy\" width=\"1024\" height=\"496\" src=\"http:\/\/www.be-mhi.fr\/wp-content\/uploads\/2020\/06\/Duppigheim1-1024x496.jpg\" alt=\"\" class=\"wp-image-725\" srcset=\"http:\/\/www.be-mhi.fr\/wp-content\/uploads\/2020\/06\/Duppigheim1-1024x496.jpg 1024w, http:\/\/www.be-mhi.fr\/wp-content\/uploads\/2020\/06\/Duppigheim1-300x145.jpg 300w, http:\/\/www.be-mhi.fr\/wp-content\/uploads\/2020\/06\/Duppigheim1-768x372.jpg 768w, http:\/\/www.be-mhi.fr\/wp-content\/uploads\/2020\/06\/Duppigheim1-1536x745.jpg 1536w, http:\/\/www.be-mhi.fr\/wp-content\/uploads\/2020\/06\/Duppigheim1.jpg 1902w\" sizes=\"(max-width: 767px) 89vw, (max-width: 1000px) 54vw, (max-width: 1071px) 543px, 580px\" \/><\/figure>\n\n\n\n<figure class=\"wp-block-gallery columns-2 is-cropped wp-block-gallery-1 is-layout-flex wp-block-gallery-is-layout-flex\"><ul class=\"blocks-gallery-grid\"><li class=\"blocks-gallery-item\"><figure><img decoding=\"async\" loading=\"lazy\" width=\"1024\" height=\"496\" src=\"http:\/\/www.be-mhi.fr\/wp-content\/uploads\/2020\/06\/Duppigheim1-1024x496.jpg\" alt=\"\" data-id=\"725\" data-full-url=\"http:\/\/www.be-mhi.fr\/wp-content\/uploads\/2020\/06\/Duppigheim1.jpg\" data-link=\"http:\/\/www.be-mhi.fr\/?attachment_id=725\" class=\"wp-image-725\" srcset=\"http:\/\/www.be-mhi.fr\/wp-content\/uploads\/2020\/06\/Duppigheim1-1024x496.jpg 1024w, http:\/\/www.be-mhi.fr\/wp-content\/uploads\/2020\/06\/Duppigheim1-300x145.jpg 300w, http:\/\/www.be-mhi.fr\/wp-content\/uploads\/2020\/06\/Duppigheim1-768x372.jpg 768w, http:\/\/www.be-mhi.fr\/wp-content\/uploads\/2020\/06\/Duppigheim1-1536x745.jpg 1536w, http:\/\/www.be-mhi.fr\/wp-content\/uploads\/2020\/06\/Duppigheim1.jpg 1902w\" sizes=\"(max-width: 767px) 89vw, (max-width: 1000px) 54vw, (max-width: 1071px) 543px, 580px\" \/><\/figure><\/li><li class=\"blocks-gallery-item\"><figure><img decoding=\"async\" loading=\"lazy\" width=\"1024\" height=\"576\" src=\"http:\/\/www.be-mhi.fr\/wp-content\/uploads\/2020\/06\/P_20180904_081610b-1024x576.jpg\" alt=\"\" data-id=\"728\" data-full-url=\"http:\/\/www.be-mhi.fr\/wp-content\/uploads\/2020\/06\/P_20180904_081610b-scaled.jpg\" data-link=\"http:\/\/www.be-mhi.fr\/?attachment_id=728\" class=\"wp-image-728\" srcset=\"http:\/\/www.be-mhi.fr\/wp-content\/uploads\/2020\/06\/P_20180904_081610b-1024x576.jpg 1024w, http:\/\/www.be-mhi.fr\/wp-content\/uploads\/2020\/06\/P_20180904_081610b-300x169.jpg 300w, http:\/\/www.be-mhi.fr\/wp-content\/uploads\/2020\/06\/P_20180904_081610b-768x432.jpg 768w, http:\/\/www.be-mhi.fr\/wp-content\/uploads\/2020\/06\/P_20180904_081610b-1536x864.jpg 1536w, http:\/\/www.be-mhi.fr\/wp-content\/uploads\/2020\/06\/P_20180904_081610b-2048x1152.jpg 2048w\" sizes=\"(max-width: 767px) 89vw, (max-width: 1000px) 54vw, (max-width: 1071px) 543px, 580px\" \/><\/figure><\/li><li class=\"blocks-gallery-item\"><figure><img decoding=\"async\" loading=\"lazy\" width=\"1024\" height=\"576\" src=\"http:\/\/www.be-mhi.fr\/wp-content\/uploads\/2020\/06\/P_20180904_081734-1024x576.jpg\" alt=\"\" data-id=\"729\" data-full-url=\"http:\/\/www.be-mhi.fr\/wp-content\/uploads\/2020\/06\/P_20180904_081734-scaled.jpg\" data-link=\"http:\/\/www.be-mhi.fr\/?attachment_id=729\" class=\"wp-image-729\" srcset=\"http:\/\/www.be-mhi.fr\/wp-content\/uploads\/2020\/06\/P_20180904_081734-1024x576.jpg 1024w, http:\/\/www.be-mhi.fr\/wp-content\/uploads\/2020\/06\/P_20180904_081734-300x169.jpg 300w, http:\/\/www.be-mhi.fr\/wp-content\/uploads\/2020\/06\/P_20180904_081734-768x432.jpg 768w, http:\/\/www.be-mhi.fr\/wp-content\/uploads\/2020\/06\/P_20180904_081734-1536x864.jpg 1536w, http:\/\/www.be-mhi.fr\/wp-content\/uploads\/2020\/06\/P_20180904_081734-2048x1152.jpg 2048w\" sizes=\"(max-width: 767px) 89vw, (max-width: 1000px) 54vw, (max-width: 1071px) 543px, 580px\" \/><\/figure><\/li><li class=\"blocks-gallery-item\"><figure><img decoding=\"async\" loading=\"lazy\" width=\"1024\" height=\"482\" src=\"http:\/\/www.be-mhi.fr\/wp-content\/uploads\/2020\/06\/P_20180904_081820-1024x482.jpg\" alt=\"\" data-id=\"730\" data-full-url=\"http:\/\/www.be-mhi.fr\/wp-content\/uploads\/2020\/06\/P_20180904_081820-scaled.jpg\" data-link=\"http:\/\/www.be-mhi.fr\/?attachment_id=730\" class=\"wp-image-730\" srcset=\"http:\/\/www.be-mhi.fr\/wp-content\/uploads\/2020\/06\/P_20180904_081820-1024x482.jpg 1024w, http:\/\/www.be-mhi.fr\/wp-content\/uploads\/2020\/06\/P_20180904_081820-300x141.jpg 300w, http:\/\/www.be-mhi.fr\/wp-content\/uploads\/2020\/06\/P_20180904_081820-768x361.jpg 768w, http:\/\/www.be-mhi.fr\/wp-content\/uploads\/2020\/06\/P_20180904_081820-1536x722.jpg 1536w, http:\/\/www.be-mhi.fr\/wp-content\/uploads\/2020\/06\/P_20180904_081820-2048x963.jpg 2048w\" sizes=\"(max-width: 767px) 89vw, (max-width: 1000px) 54vw, (max-width: 1071px) 543px, 580px\" \/><\/figure><\/li><\/ul><figcaption class=\"blocks-gallery-caption\">\u00a9 C. Bourgeois<\/figcaption><\/figure>\n","protected":false},"excerpt":{"rendered":"<p>Caract\u00e9ristiques du projet Ma\u00eetre d\u2019ouvrage\u00a0: Commune de DuppigheimArchitecte\u00a0: IXO architectureNature des travaux : Construction neuve\u00a0Missions exerc\u00e9es : Ing\u00e9nierie des structures &#8211; Suivi local fluidesCo\u00fbt des travaux : 2 950 000\u20ac H.T.Surface : 1 385 m\u00b2Lieu de r\u00e9alisation : Rue du Stade,\u00a067120 DuppigheimAnn\u00e9es de r\u00e9alisation : 2018<\/p>\n","protected":false},"author":8,"featured_media":0,"parent":1325,"menu_order":0,"comment_status":"closed","ping_status":"closed","template":"","meta":{"footnotes":""},"_links":{"self":[{"href":"http:\/\/www.be-mhi.fr\/index.php?rest_route=\/wp\/v2\/pages\/718"}],"collection":[{"href":"http:\/\/www.be-mhi.fr\/index.php?rest_route=\/wp\/v2\/pages"}],"about":[{"href":"http:\/\/www.be-mhi.fr\/index.php?rest_route=\/wp\/v2\/types\/page"}],"author":[{"embeddable":true,"href":"http:\/\/www.be-mhi.fr\/index.php?rest_route=\/wp\/v2\/users\/8"}],"replies":[{"embeddable":true,"href":"http:\/\/www.be-mhi.fr\/index.php?rest_route=%2Fwp%2Fv2%2Fcomments&post=718"}],"version-history":[{"count":8,"href":"http:\/\/www.be-mhi.fr\/index.php?rest_route=\/wp\/v2\/pages\/718\/revisions"}],"predecessor-version":[{"id":1814,"href":"http:\/\/www.be-mhi.fr\/index.php?rest_route=\/wp\/v2\/pages\/718\/revisions\/1814"}],"up":[{"embeddable":true,"href":"http:\/\/www.be-mhi.fr\/index.php?rest_route=\/wp\/v2\/pages\/1325"}],"wp:attachment":[{"href":"http:\/\/www.be-mhi.fr\/index.php?rest_route=%2Fwp%2Fv2%2Fmedia&parent=718"}],"curies":[{"name":"wp","href":"https:\/\/api.w.org\/{rel}","templated":true}]}}