{"id":740,"date":"2020-06-19T10:09:45","date_gmt":"2020-06-19T09:09:45","guid":{"rendered":"http:\/\/www.be-mhi.fr\/?page_id=740"},"modified":"2020-08-26T15:27:01","modified_gmt":"2020-08-26T14:27:01","slug":"rehabilitation-du-site-verrier-de-meisenthal","status":"publish","type":"page","link":"http:\/\/www.be-mhi.fr\/?page_id=740","title":{"rendered":"R\u00e9habilitation du site verrier de Meisenthal"},"content":{"rendered":"<p><span style=\"color: #808080;\"><em>Caract\u00e9ristiques du projet<\/em><\/span><\/p>\n<hr \/>\n<p><strong>Ma\u00eetre d\u2019ouvrage\u00a0<\/strong>: Communaut\u00e9 de Communes du Pays de Bitche<br \/><strong>Architecte\u00a0:<\/strong> <a href=\"http:\/\/so-il.org\/projects\/site-verrier\" target=\"_blank\" rel=\"noreferrer noopener\" data-rich-text-format-boundary=\"true\"> SO-IL (New York)<\/a> &#8211; <a href=\"https:\/\/freaksarchitecture.com\/wordpress\/portfolio\/meisenthal\/\" target=\"_blank\" rel=\"noreferrer noopener\">FREAKS (Paris)<\/a><br \/><strong>Nature des travaux :<\/strong> R\u00e9novation<br \/><strong>Missions exerc\u00e9es<\/strong> : Ing\u00e9nierie g\u00e9n\u00e9rale<br \/><strong>Co\u00fbt des travaux :<\/strong> 12 000 000 \u20ac H.T.<br \/><strong>Surface<\/strong> : 8 000 m\u00b2<br \/><strong>Lieu de r\u00e9alisation : <\/strong>Meisenthal<br \/><strong>Ann\u00e9e de r\u00e9alisation :<\/strong> Livraison partielle (Cadhame et Fours CIAV) en 2019, livraison f\u00e9vrier 2021<\/p>\n\n<p><span style=\"color: #808080;\"><em>Description du projet<\/em><\/span><\/p>\n<hr \/>\n<p>R\u00e9habilitation compl\u00e8te du site comprenant :<br data-rich-text-line-break=\"true\" \/>&#8211; Le \u00ab CIAV \u00bb (Centre International Arts Verrier)<br data-rich-text-line-break=\"true\" \/>&#8211; Le \u00ab CADHAME \u00bb, espace de diffusion de spectacles et d\u2019art contemporain<br data-rich-text-line-break=\"true\" \/>&#8211; Le Mus\u00e9e du Verre et du Cristal.<\/p>\n<p>R\u00e9habilitation lourde d\u2019un b\u00e2timent industriel existant avec enjeux \u00e9nerg\u00e9tiques<br data-rich-text-line-break=\"true\" \/>R\u00e9cup\u00e9ration de chaleur des fours du CIAV ( &gt; 500 MW\/h\/an)<br data-rich-text-line-break=\"true\" \/>Extension du Cadhame avec ouvrages structurels particuliers (coque en b\u00e9ton arm\u00e9, salle de musique actuelle de 500 places,\u2026).<br data-rich-text-line-break=\"true\" \/>R\u00e9seau de chaleur, ventilation double flux \u00e0 r\u00e9cup\u00e9ration et r\u00e9cup\u00e9ration chaleur sur les fours de verres.<\/p>\n\n\n<figure class=\"wp-block-image size-large\"><img decoding=\"async\" loading=\"lazy\" width=\"1024\" height=\"704\" src=\"http:\/\/www.be-mhi.fr\/wp-content\/uploads\/2020\/06\/freaks-meisenthal-35-1024x704.jpg\" alt=\"\" class=\"wp-image-757\" srcset=\"http:\/\/www.be-mhi.fr\/wp-content\/uploads\/2020\/06\/freaks-meisenthal-35-1024x704.jpg 1024w, http:\/\/www.be-mhi.fr\/wp-content\/uploads\/2020\/06\/freaks-meisenthal-35-300x206.jpg 300w, http:\/\/www.be-mhi.fr\/wp-content\/uploads\/2020\/06\/freaks-meisenthal-35-768x528.jpg 768w, http:\/\/www.be-mhi.fr\/wp-content\/uploads\/2020\/06\/freaks-meisenthal-35.jpg 1280w\" sizes=\"(max-width: 767px) 89vw, (max-width: 1000px) 54vw, (max-width: 1071px) 543px, 580px\" \/><\/figure>\n\n\n\n<figure class=\"wp-block-gallery columns-3 is-cropped wp-block-gallery-1 is-layout-flex wp-block-gallery-is-layout-flex\"><ul class=\"blocks-gallery-grid\"><li class=\"blocks-gallery-item\"><figure><img decoding=\"async\" loading=\"lazy\" width=\"2560\" height=\"1705\" src=\"http:\/\/www.be-mhi.fr\/wp-content\/uploads\/2020\/06\/copyright_laurianghinitoiu_meisenthal_so-il_exhibition-1-of-10-0523-scaled.jpg\" alt=\"\" data-id=\"744\" data-full-url=\"http:\/\/www.be-mhi.fr\/wp-content\/uploads\/2020\/06\/copyright_laurianghinitoiu_meisenthal_so-il_exhibition-1-of-10-0523-scaled.jpg\" data-link=\"http:\/\/www.be-mhi.fr\/?attachment_id=744\" class=\"wp-image-744\" srcset=\"http:\/\/www.be-mhi.fr\/wp-content\/uploads\/2020\/06\/copyright_laurianghinitoiu_meisenthal_so-il_exhibition-1-of-10-0523-scaled.jpg 2560w, http:\/\/www.be-mhi.fr\/wp-content\/uploads\/2020\/06\/copyright_laurianghinitoiu_meisenthal_so-il_exhibition-1-of-10-0523-300x200.jpg 300w, http:\/\/www.be-mhi.fr\/wp-content\/uploads\/2020\/06\/copyright_laurianghinitoiu_meisenthal_so-il_exhibition-1-of-10-0523-1024x682.jpg 1024w, http:\/\/www.be-mhi.fr\/wp-content\/uploads\/2020\/06\/copyright_laurianghinitoiu_meisenthal_so-il_exhibition-1-of-10-0523-768x512.jpg 768w, http:\/\/www.be-mhi.fr\/wp-content\/uploads\/2020\/06\/copyright_laurianghinitoiu_meisenthal_so-il_exhibition-1-of-10-0523-1536x1023.jpg 1536w, http:\/\/www.be-mhi.fr\/wp-content\/uploads\/2020\/06\/copyright_laurianghinitoiu_meisenthal_so-il_exhibition-1-of-10-0523-2048x1364.jpg 2048w\" sizes=\"(max-width: 767px) 89vw, (max-width: 1000px) 54vw, (max-width: 1071px) 543px, 580px\" \/><\/figure><\/li><li class=\"blocks-gallery-item\"><figure><img decoding=\"async\" loading=\"lazy\" width=\"2560\" height=\"1705\" src=\"http:\/\/www.be-mhi.fr\/wp-content\/uploads\/2020\/06\/copyright_laurianghinitoiu_meisenthal_so-il_exhibition-2-of-10-9889-scaled.jpg\" alt=\"\" data-id=\"745\" data-full-url=\"http:\/\/www.be-mhi.fr\/wp-content\/uploads\/2020\/06\/copyright_laurianghinitoiu_meisenthal_so-il_exhibition-2-of-10-9889-scaled.jpg\" data-link=\"http:\/\/www.be-mhi.fr\/?attachment_id=745\" class=\"wp-image-745\" srcset=\"http:\/\/www.be-mhi.fr\/wp-content\/uploads\/2020\/06\/copyright_laurianghinitoiu_meisenthal_so-il_exhibition-2-of-10-9889-scaled.jpg 2560w, http:\/\/www.be-mhi.fr\/wp-content\/uploads\/2020\/06\/copyright_laurianghinitoiu_meisenthal_so-il_exhibition-2-of-10-9889-300x200.jpg 300w, http:\/\/www.be-mhi.fr\/wp-content\/uploads\/2020\/06\/copyright_laurianghinitoiu_meisenthal_so-il_exhibition-2-of-10-9889-1024x682.jpg 1024w, http:\/\/www.be-mhi.fr\/wp-content\/uploads\/2020\/06\/copyright_laurianghinitoiu_meisenthal_so-il_exhibition-2-of-10-9889-768x512.jpg 768w, http:\/\/www.be-mhi.fr\/wp-content\/uploads\/2020\/06\/copyright_laurianghinitoiu_meisenthal_so-il_exhibition-2-of-10-9889-1536x1023.jpg 1536w, http:\/\/www.be-mhi.fr\/wp-content\/uploads\/2020\/06\/copyright_laurianghinitoiu_meisenthal_so-il_exhibition-2-of-10-9889-2048x1364.jpg 2048w\" sizes=\"(max-width: 767px) 89vw, (max-width: 1000px) 54vw, (max-width: 1071px) 543px, 580px\" \/><\/figure><\/li><li class=\"blocks-gallery-item\"><figure><img decoding=\"async\" loading=\"lazy\" width=\"2560\" height=\"1707\" src=\"http:\/\/www.be-mhi.fr\/wp-content\/uploads\/2020\/06\/copyright_laurianghinitoiu_meisenthal_so-il_exhibition-3-of-10-0416-scaled.jpg\" alt=\"\" data-id=\"746\" data-full-url=\"http:\/\/www.be-mhi.fr\/wp-content\/uploads\/2020\/06\/copyright_laurianghinitoiu_meisenthal_so-il_exhibition-3-of-10-0416-scaled.jpg\" data-link=\"http:\/\/www.be-mhi.fr\/?attachment_id=746\" class=\"wp-image-746\" srcset=\"http:\/\/www.be-mhi.fr\/wp-content\/uploads\/2020\/06\/copyright_laurianghinitoiu_meisenthal_so-il_exhibition-3-of-10-0416-scaled.jpg 2560w, http:\/\/www.be-mhi.fr\/wp-content\/uploads\/2020\/06\/copyright_laurianghinitoiu_meisenthal_so-il_exhibition-3-of-10-0416-300x200.jpg 300w, http:\/\/www.be-mhi.fr\/wp-content\/uploads\/2020\/06\/copyright_laurianghinitoiu_meisenthal_so-il_exhibition-3-of-10-0416-1024x683.jpg 1024w, http:\/\/www.be-mhi.fr\/wp-content\/uploads\/2020\/06\/copyright_laurianghinitoiu_meisenthal_so-il_exhibition-3-of-10-0416-768x512.jpg 768w, http:\/\/www.be-mhi.fr\/wp-content\/uploads\/2020\/06\/copyright_laurianghinitoiu_meisenthal_so-il_exhibition-3-of-10-0416-1536x1024.jpg 1536w, http:\/\/www.be-mhi.fr\/wp-content\/uploads\/2020\/06\/copyright_laurianghinitoiu_meisenthal_so-il_exhibition-3-of-10-0416-2048x1365.jpg 2048w\" sizes=\"(max-width: 767px) 89vw, (max-width: 1000px) 54vw, (max-width: 1071px) 543px, 580px\" \/><\/figure><\/li><li class=\"blocks-gallery-item\"><figure><img decoding=\"async\" loading=\"lazy\" width=\"2560\" height=\"1705\" src=\"http:\/\/www.be-mhi.fr\/wp-content\/uploads\/2020\/06\/copyright_laurianghinitoiu_meisenthal_so-il_exhibition-4-of-10-0552-scaled.jpg\" alt=\"\" data-id=\"747\" data-full-url=\"http:\/\/www.be-mhi.fr\/wp-content\/uploads\/2020\/06\/copyright_laurianghinitoiu_meisenthal_so-il_exhibition-4-of-10-0552-scaled.jpg\" data-link=\"http:\/\/www.be-mhi.fr\/?attachment_id=747\" class=\"wp-image-747\" srcset=\"http:\/\/www.be-mhi.fr\/wp-content\/uploads\/2020\/06\/copyright_laurianghinitoiu_meisenthal_so-il_exhibition-4-of-10-0552-scaled.jpg 2560w, http:\/\/www.be-mhi.fr\/wp-content\/uploads\/2020\/06\/copyright_laurianghinitoiu_meisenthal_so-il_exhibition-4-of-10-0552-300x200.jpg 300w, http:\/\/www.be-mhi.fr\/wp-content\/uploads\/2020\/06\/copyright_laurianghinitoiu_meisenthal_so-il_exhibition-4-of-10-0552-1024x682.jpg 1024w, http:\/\/www.be-mhi.fr\/wp-content\/uploads\/2020\/06\/copyright_laurianghinitoiu_meisenthal_so-il_exhibition-4-of-10-0552-768x512.jpg 768w, http:\/\/www.be-mhi.fr\/wp-content\/uploads\/2020\/06\/copyright_laurianghinitoiu_meisenthal_so-il_exhibition-4-of-10-0552-1536x1023.jpg 1536w, http:\/\/www.be-mhi.fr\/wp-content\/uploads\/2020\/06\/copyright_laurianghinitoiu_meisenthal_so-il_exhibition-4-of-10-0552-2048x1364.jpg 2048w\" sizes=\"(max-width: 767px) 89vw, (max-width: 1000px) 54vw, (max-width: 1071px) 543px, 580px\" \/><\/figure><\/li><li class=\"blocks-gallery-item\"><figure><img decoding=\"async\" loading=\"lazy\" width=\"2560\" height=\"1705\" src=\"http:\/\/www.be-mhi.fr\/wp-content\/uploads\/2020\/06\/copyright_laurianghinitoiu_meisenthal_so-il_exhibition-5-of-10-9949-scaled.jpg\" alt=\"\" data-id=\"748\" data-full-url=\"http:\/\/www.be-mhi.fr\/wp-content\/uploads\/2020\/06\/copyright_laurianghinitoiu_meisenthal_so-il_exhibition-5-of-10-9949-scaled.jpg\" data-link=\"http:\/\/www.be-mhi.fr\/?attachment_id=748\" class=\"wp-image-748\" srcset=\"http:\/\/www.be-mhi.fr\/wp-content\/uploads\/2020\/06\/copyright_laurianghinitoiu_meisenthal_so-il_exhibition-5-of-10-9949-scaled.jpg 2560w, http:\/\/www.be-mhi.fr\/wp-content\/uploads\/2020\/06\/copyright_laurianghinitoiu_meisenthal_so-il_exhibition-5-of-10-9949-300x200.jpg 300w, http:\/\/www.be-mhi.fr\/wp-content\/uploads\/2020\/06\/copyright_laurianghinitoiu_meisenthal_so-il_exhibition-5-of-10-9949-1024x682.jpg 1024w, http:\/\/www.be-mhi.fr\/wp-content\/uploads\/2020\/06\/copyright_laurianghinitoiu_meisenthal_so-il_exhibition-5-of-10-9949-768x512.jpg 768w, http:\/\/www.be-mhi.fr\/wp-content\/uploads\/2020\/06\/copyright_laurianghinitoiu_meisenthal_so-il_exhibition-5-of-10-9949-1536x1023.jpg 1536w, http:\/\/www.be-mhi.fr\/wp-content\/uploads\/2020\/06\/copyright_laurianghinitoiu_meisenthal_so-il_exhibition-5-of-10-9949-2048x1364.jpg 2048w\" sizes=\"(max-width: 767px) 89vw, (max-width: 1000px) 54vw, (max-width: 1071px) 543px, 580px\" \/><\/figure><\/li><li class=\"blocks-gallery-item\"><figure><img decoding=\"async\" loading=\"lazy\" width=\"2560\" height=\"1705\" src=\"http:\/\/www.be-mhi.fr\/wp-content\/uploads\/2020\/06\/copyright_laurianghinitoiu_meisenthal_so-il_exhibition-6-of-10-9864-scaled.jpg\" alt=\"\" data-id=\"749\" data-full-url=\"http:\/\/www.be-mhi.fr\/wp-content\/uploads\/2020\/06\/copyright_laurianghinitoiu_meisenthal_so-il_exhibition-6-of-10-9864-scaled.jpg\" data-link=\"http:\/\/www.be-mhi.fr\/?attachment_id=749\" class=\"wp-image-749\" srcset=\"http:\/\/www.be-mhi.fr\/wp-content\/uploads\/2020\/06\/copyright_laurianghinitoiu_meisenthal_so-il_exhibition-6-of-10-9864-scaled.jpg 2560w, http:\/\/www.be-mhi.fr\/wp-content\/uploads\/2020\/06\/copyright_laurianghinitoiu_meisenthal_so-il_exhibition-6-of-10-9864-300x200.jpg 300w, http:\/\/www.be-mhi.fr\/wp-content\/uploads\/2020\/06\/copyright_laurianghinitoiu_meisenthal_so-il_exhibition-6-of-10-9864-1024x682.jpg 1024w, http:\/\/www.be-mhi.fr\/wp-content\/uploads\/2020\/06\/copyright_laurianghinitoiu_meisenthal_so-il_exhibition-6-of-10-9864-768x512.jpg 768w, http:\/\/www.be-mhi.fr\/wp-content\/uploads\/2020\/06\/copyright_laurianghinitoiu_meisenthal_so-il_exhibition-6-of-10-9864-1536x1023.jpg 1536w, http:\/\/www.be-mhi.fr\/wp-content\/uploads\/2020\/06\/copyright_laurianghinitoiu_meisenthal_so-il_exhibition-6-of-10-9864-2048x1364.jpg 2048w\" sizes=\"(max-width: 767px) 89vw, (max-width: 1000px) 54vw, (max-width: 1071px) 543px, 580px\" \/><\/figure><\/li><li class=\"blocks-gallery-item\"><figure><img decoding=\"async\" loading=\"lazy\" width=\"2560\" height=\"1705\" src=\"http:\/\/www.be-mhi.fr\/wp-content\/uploads\/2020\/06\/copyright_laurianghinitoiu_meisenthal_so-il_exhibition-7-of-10-0325-scaled.jpg\" alt=\"\" data-id=\"750\" data-full-url=\"http:\/\/www.be-mhi.fr\/wp-content\/uploads\/2020\/06\/copyright_laurianghinitoiu_meisenthal_so-il_exhibition-7-of-10-0325-scaled.jpg\" data-link=\"http:\/\/www.be-mhi.fr\/?attachment_id=750\" class=\"wp-image-750\" srcset=\"http:\/\/www.be-mhi.fr\/wp-content\/uploads\/2020\/06\/copyright_laurianghinitoiu_meisenthal_so-il_exhibition-7-of-10-0325-scaled.jpg 2560w, http:\/\/www.be-mhi.fr\/wp-content\/uploads\/2020\/06\/copyright_laurianghinitoiu_meisenthal_so-il_exhibition-7-of-10-0325-300x200.jpg 300w, http:\/\/www.be-mhi.fr\/wp-content\/uploads\/2020\/06\/copyright_laurianghinitoiu_meisenthal_so-il_exhibition-7-of-10-0325-1024x682.jpg 1024w, http:\/\/www.be-mhi.fr\/wp-content\/uploads\/2020\/06\/copyright_laurianghinitoiu_meisenthal_so-il_exhibition-7-of-10-0325-768x512.jpg 768w, http:\/\/www.be-mhi.fr\/wp-content\/uploads\/2020\/06\/copyright_laurianghinitoiu_meisenthal_so-il_exhibition-7-of-10-0325-1536x1023.jpg 1536w, http:\/\/www.be-mhi.fr\/wp-content\/uploads\/2020\/06\/copyright_laurianghinitoiu_meisenthal_so-il_exhibition-7-of-10-0325-2048x1364.jpg 2048w\" sizes=\"(max-width: 767px) 89vw, (max-width: 1000px) 54vw, (max-width: 1071px) 543px, 580px\" \/><\/figure><\/li><li class=\"blocks-gallery-item\"><figure><img decoding=\"async\" loading=\"lazy\" width=\"1280\" height=\"640\" src=\"http:\/\/www.be-mhi.fr\/wp-content\/uploads\/2020\/06\/freaks-meisenthal-12.jpg\" alt=\"\" data-id=\"753\" data-full-url=\"http:\/\/www.be-mhi.fr\/wp-content\/uploads\/2020\/06\/freaks-meisenthal-12.jpg\" data-link=\"http:\/\/www.be-mhi.fr\/?attachment_id=753\" class=\"wp-image-753\" srcset=\"http:\/\/www.be-mhi.fr\/wp-content\/uploads\/2020\/06\/freaks-meisenthal-12.jpg 1280w, http:\/\/www.be-mhi.fr\/wp-content\/uploads\/2020\/06\/freaks-meisenthal-12-300x150.jpg 300w, http:\/\/www.be-mhi.fr\/wp-content\/uploads\/2020\/06\/freaks-meisenthal-12-1024x512.jpg 1024w, http:\/\/www.be-mhi.fr\/wp-content\/uploads\/2020\/06\/freaks-meisenthal-12-768x384.jpg 768w\" sizes=\"(max-width: 767px) 89vw, (max-width: 1000px) 54vw, (max-width: 1071px) 543px, 580px\" \/><\/figure><\/li><li class=\"blocks-gallery-item\"><figure><img decoding=\"async\" loading=\"lazy\" width=\"1280\" height=\"853\" src=\"http:\/\/www.be-mhi.fr\/wp-content\/uploads\/2020\/06\/freaks-meisenthal-25.jpg\" alt=\"\" data-id=\"754\" data-full-url=\"http:\/\/www.be-mhi.fr\/wp-content\/uploads\/2020\/06\/freaks-meisenthal-25.jpg\" data-link=\"http:\/\/www.be-mhi.fr\/?attachment_id=754\" class=\"wp-image-754\" srcset=\"http:\/\/www.be-mhi.fr\/wp-content\/uploads\/2020\/06\/freaks-meisenthal-25.jpg 1280w, http:\/\/www.be-mhi.fr\/wp-content\/uploads\/2020\/06\/freaks-meisenthal-25-300x200.jpg 300w, http:\/\/www.be-mhi.fr\/wp-content\/uploads\/2020\/06\/freaks-meisenthal-25-1024x682.jpg 1024w, http:\/\/www.be-mhi.fr\/wp-content\/uploads\/2020\/06\/freaks-meisenthal-25-768x512.jpg 768w\" sizes=\"(max-width: 767px) 89vw, (max-width: 1000px) 54vw, (max-width: 1071px) 543px, 580px\" \/><\/figure><\/li><li class=\"blocks-gallery-item\"><figure><img decoding=\"async\" loading=\"lazy\" width=\"1280\" height=\"960\" src=\"http:\/\/www.be-mhi.fr\/wp-content\/uploads\/2020\/06\/freaks-meisenthal-33.jpg\" alt=\"\" data-id=\"755\" data-full-url=\"http:\/\/www.be-mhi.fr\/wp-content\/uploads\/2020\/06\/freaks-meisenthal-33.jpg\" data-link=\"http:\/\/www.be-mhi.fr\/?attachment_id=755\" class=\"wp-image-755\" srcset=\"http:\/\/www.be-mhi.fr\/wp-content\/uploads\/2020\/06\/freaks-meisenthal-33.jpg 1280w, http:\/\/www.be-mhi.fr\/wp-content\/uploads\/2020\/06\/freaks-meisenthal-33-300x225.jpg 300w, http:\/\/www.be-mhi.fr\/wp-content\/uploads\/2020\/06\/freaks-meisenthal-33-1024x768.jpg 1024w, http:\/\/www.be-mhi.fr\/wp-content\/uploads\/2020\/06\/freaks-meisenthal-33-768x576.jpg 768w\" sizes=\"(max-width: 767px) 89vw, (max-width: 1000px) 54vw, (max-width: 1071px) 543px, 580px\" \/><\/figure><\/li><li class=\"blocks-gallery-item\"><figure><img decoding=\"async\" loading=\"lazy\" width=\"1280\" height=\"960\" src=\"http:\/\/www.be-mhi.fr\/wp-content\/uploads\/2020\/06\/freaks-meisenthal-34.jpg\" alt=\"\" data-id=\"756\" data-full-url=\"http:\/\/www.be-mhi.fr\/wp-content\/uploads\/2020\/06\/freaks-meisenthal-34.jpg\" data-link=\"http:\/\/www.be-mhi.fr\/?attachment_id=756\" class=\"wp-image-756\" srcset=\"http:\/\/www.be-mhi.fr\/wp-content\/uploads\/2020\/06\/freaks-meisenthal-34.jpg 1280w, http:\/\/www.be-mhi.fr\/wp-content\/uploads\/2020\/06\/freaks-meisenthal-34-300x225.jpg 300w, http:\/\/www.be-mhi.fr\/wp-content\/uploads\/2020\/06\/freaks-meisenthal-34-1024x768.jpg 1024w, http:\/\/www.be-mhi.fr\/wp-content\/uploads\/2020\/06\/freaks-meisenthal-34-768x576.jpg 768w\" sizes=\"(max-width: 767px) 89vw, (max-width: 1000px) 54vw, (max-width: 1071px) 543px, 580px\" \/><\/figure><\/li><li class=\"blocks-gallery-item\"><figure><img decoding=\"async\" loading=\"lazy\" width=\"1280\" height=\"880\" src=\"http:\/\/www.be-mhi.fr\/wp-content\/uploads\/2020\/06\/freaks-meisenthal-35.jpg\" alt=\"\" data-id=\"757\" data-full-url=\"http:\/\/www.be-mhi.fr\/wp-content\/uploads\/2020\/06\/freaks-meisenthal-35.jpg\" data-link=\"http:\/\/www.be-mhi.fr\/?attachment_id=757\" class=\"wp-image-757\" srcset=\"http:\/\/www.be-mhi.fr\/wp-content\/uploads\/2020\/06\/freaks-meisenthal-35.jpg 1280w, http:\/\/www.be-mhi.fr\/wp-content\/uploads\/2020\/06\/freaks-meisenthal-35-300x206.jpg 300w, http:\/\/www.be-mhi.fr\/wp-content\/uploads\/2020\/06\/freaks-meisenthal-35-1024x704.jpg 1024w, http:\/\/www.be-mhi.fr\/wp-content\/uploads\/2020\/06\/freaks-meisenthal-35-768x528.jpg 768w\" sizes=\"(max-width: 767px) 89vw, (max-width: 1000px) 54vw, (max-width: 1071px) 543px, 580px\" \/><\/figure><\/li><\/ul><figcaption class=\"blocks-gallery-caption\">\u00a9 <strong>Jean-Claude Kanny<\/strong>  <em>\u00a9<\/em> laurian ghinitoiu<\/figcaption><\/figure>\n","protected":false},"excerpt":{"rendered":"<p>Caract\u00e9ristiques du projet Ma\u00eetre d\u2019ouvrage\u00a0: Communaut\u00e9 de Communes du Pays de BitcheArchitecte\u00a0: SO-IL (New York) &#8211; FREAKS (Paris)Nature des travaux : R\u00e9novationMissions exerc\u00e9es : Ing\u00e9nierie g\u00e9n\u00e9raleCo\u00fbt des travaux : 12 000 000 \u20ac H.T.Surface : 8 000 m\u00b2Lieu de r\u00e9alisation : MeisenthalAnn\u00e9e de r\u00e9alisation : Livraison partielle (Cadhame et Fours CIAV) en 2019, livraison f\u00e9vrier &hellip; <\/p>\n<p class=\"link-more\"><a href=\"http:\/\/www.be-mhi.fr\/?page_id=740\" class=\"more-link\">Continue reading<span class=\"screen-reader-text\"> \u00ab\u00a0R\u00e9habilitation du site verrier de Meisenthal\u00a0\u00bb<\/span><\/a><\/p>\n","protected":false},"author":8,"featured_media":0,"parent":1329,"menu_order":0,"comment_status":"closed","ping_status":"closed","template":"","meta":{"footnotes":""},"_links":{"self":[{"href":"http:\/\/www.be-mhi.fr\/index.php?rest_route=\/wp\/v2\/pages\/740"}],"collection":[{"href":"http:\/\/www.be-mhi.fr\/index.php?rest_route=\/wp\/v2\/pages"}],"about":[{"href":"http:\/\/www.be-mhi.fr\/index.php?rest_route=\/wp\/v2\/types\/page"}],"author":[{"embeddable":true,"href":"http:\/\/www.be-mhi.fr\/index.php?rest_route=\/wp\/v2\/users\/8"}],"replies":[{"embeddable":true,"href":"http:\/\/www.be-mhi.fr\/index.php?rest_route=%2Fwp%2Fv2%2Fcomments&post=740"}],"version-history":[{"count":6,"href":"http:\/\/www.be-mhi.fr\/index.php?rest_route=\/wp\/v2\/pages\/740\/revisions"}],"predecessor-version":[{"id":1504,"href":"http:\/\/www.be-mhi.fr\/index.php?rest_route=\/wp\/v2\/pages\/740\/revisions\/1504"}],"up":[{"embeddable":true,"href":"http:\/\/www.be-mhi.fr\/index.php?rest_route=\/wp\/v2\/pages\/1329"}],"wp:attachment":[{"href":"http:\/\/www.be-mhi.fr\/index.php?rest_route=%2Fwp%2Fv2%2Fmedia&parent=740"}],"curies":[{"name":"wp","href":"https:\/\/api.w.org\/{rel}","templated":true}]}}