{"id":804,"date":"2020-08-17T10:59:37","date_gmt":"2020-08-17T09:59:37","guid":{"rendered":"http:\/\/www.be-mhi.fr\/?page_id=804"},"modified":"2020-08-26T15:11:09","modified_gmt":"2020-08-26T14:11:09","slug":"le-musee-zoologique-de-strasbourg","status":"publish","type":"page","link":"http:\/\/www.be-mhi.fr\/?page_id=804","title":{"rendered":"Le mus\u00e9e zoologique de Strasbourg"},"content":{"rendered":"<p><span style=\"color: #808080;\"><em>Caract\u00e9ristiques du projet<\/em><\/span><\/p>\n<hr \/>\n<p><strong>Ma\u00eetre d\u2019ouvrage\u00a0<\/strong>: Universit\u00e9 de Strasbourg<br \/><strong>Architecte\u00a0:<\/strong> <a href=\"https:\/\/freaksarchitecture.com\/wordpress\/portfolio\/musee-de-zoologie\/\" data-rich-text-format-boundary=\"true\">FREAKS Architecture<\/a><br \/><strong>Nature des travaux :<\/strong> R\u00e9novation<br \/><strong>Missions exerc\u00e9es<\/strong> : Ing\u00e9nierie g\u00e9n\u00e9rale<br \/><strong>Co\u00fbt des travaux :<\/strong> 7 900 000 \u20ac H.T.<br \/><strong>Surface<\/strong> : 8 280 m\u00b2<br \/><strong>Lieu de r\u00e9alisation : <\/strong>Boulevard de la Victoire, 67000 Strasbourg<br \/><strong>Ann\u00e9e de r\u00e9alisation :<\/strong> En cours<\/p>\n\n\n<figure class=\"wp-block-image size-large\"><img decoding=\"async\" loading=\"lazy\" width=\"1024\" height=\"688\" src=\"http:\/\/www.be-mhi.fr\/wp-content\/uploads\/2020\/08\/freaks-museezoologique-03-1-1024x688.jpg\" alt=\"\" class=\"wp-image-812\" srcset=\"http:\/\/www.be-mhi.fr\/wp-content\/uploads\/2020\/08\/freaks-museezoologique-03-1-1024x688.jpg 1024w, http:\/\/www.be-mhi.fr\/wp-content\/uploads\/2020\/08\/freaks-museezoologique-03-1-300x202.jpg 300w, http:\/\/www.be-mhi.fr\/wp-content\/uploads\/2020\/08\/freaks-museezoologique-03-1-768x516.jpg 768w, http:\/\/www.be-mhi.fr\/wp-content\/uploads\/2020\/08\/freaks-museezoologique-03-1.jpg 1280w\" sizes=\"(max-width: 767px) 89vw, (max-width: 1000px) 54vw, (max-width: 1071px) 543px, 580px\" \/><\/figure>\n\n\n\n<div class=\"alignnormal\">[metaslider id=813 cssclass=\u00a0\u00bb\u00a0\u00bb]<\/div>\n\n\n\n<p><\/p>\n","protected":false},"excerpt":{"rendered":"<p>Caract\u00e9ristiques du projet Ma\u00eetre d\u2019ouvrage\u00a0: Universit\u00e9 de StrasbourgArchitecte\u00a0: FREAKS ArchitectureNature des travaux : R\u00e9novationMissions exerc\u00e9es : Ing\u00e9nierie g\u00e9n\u00e9raleCo\u00fbt des travaux : 7 900 000 \u20ac H.T.Surface : 8 280 m\u00b2Lieu de r\u00e9alisation : Boulevard de la Victoire, 67000 StrasbourgAnn\u00e9e de r\u00e9alisation : En cours<\/p>\n","protected":false},"author":8,"featured_media":0,"parent":1329,"menu_order":0,"comment_status":"closed","ping_status":"closed","template":"","meta":{"footnotes":""},"_links":{"self":[{"href":"http:\/\/www.be-mhi.fr\/index.php?rest_route=\/wp\/v2\/pages\/804"}],"collection":[{"href":"http:\/\/www.be-mhi.fr\/index.php?rest_route=\/wp\/v2\/pages"}],"about":[{"href":"http:\/\/www.be-mhi.fr\/index.php?rest_route=\/wp\/v2\/types\/page"}],"author":[{"embeddable":true,"href":"http:\/\/www.be-mhi.fr\/index.php?rest_route=\/wp\/v2\/users\/8"}],"replies":[{"embeddable":true,"href":"http:\/\/www.be-mhi.fr\/index.php?rest_route=%2Fwp%2Fv2%2Fcomments&post=804"}],"version-history":[{"count":4,"href":"http:\/\/www.be-mhi.fr\/index.php?rest_route=\/wp\/v2\/pages\/804\/revisions"}],"predecessor-version":[{"id":1501,"href":"http:\/\/www.be-mhi.fr\/index.php?rest_route=\/wp\/v2\/pages\/804\/revisions\/1501"}],"up":[{"embeddable":true,"href":"http:\/\/www.be-mhi.fr\/index.php?rest_route=\/wp\/v2\/pages\/1329"}],"wp:attachment":[{"href":"http:\/\/www.be-mhi.fr\/index.php?rest_route=%2Fwp%2Fv2%2Fmedia&parent=804"}],"curies":[{"name":"wp","href":"https:\/\/api.w.org\/{rel}","templated":true}]}}