{"id":915,"date":"2020-08-19T14:14:03","date_gmt":"2020-08-19T13:14:03","guid":{"rendered":"http:\/\/www.be-mhi.fr\/?page_id=915"},"modified":"2020-08-26T13:38:36","modified_gmt":"2020-08-26T12:38:36","slug":"realisation-de-lecam-strasbourg-europe-et-de-lannexe-charles-de-foucauld","status":"publish","type":"page","link":"http:\/\/www.be-mhi.fr\/?page_id=915","title":{"rendered":"ECAM STRASBOURG-EUROPE et annexe CHARLES DE FOUCAULD"},"content":{"rendered":"<p><span style=\"color: #808080;\"><em>Caract\u00e9ristiques du projet<\/em><\/span><\/p>\n<hr \/>\n<p><strong>Ma\u00eetre d\u2019ouvrage\u00a0<\/strong>: Association de Construction ECAM Strasbourg &#8211; Europe &amp; Association pour le d\u00e9veloppement du Lyc\u00e9e Charles de Foucauld<br \/><strong>Architecte\u00a0:<\/strong> <a href=\"http:\/\/www.arxarchitecture.com\/project\/ecam\/\"> ARX Architecture &#8211; M. Pierre VALANTIN<\/a><br \/><strong>Nature des travaux :<\/strong> Construction neuve<br \/><strong>Missions exerc\u00e9es<\/strong> : Ing\u00e9nierie g\u00e9n\u00e9rale &#8211; Assistance locale HQE<br \/><strong>Co\u00fbt des travaux :<\/strong> 15 480 284 \u20ac H.T.<br \/><strong>Surface<\/strong> : 9 875 m\u00b2<br \/><strong>Lieu de r\u00e9alisation :<\/strong> 2 Rue de Madrid, 67300 Schiltigheim<br \/><strong>Ann\u00e9es de r\u00e9alisation :<\/strong> 2012<\/p>\n\n\n<figure class=\"wp-block-image size-large\"><img decoding=\"async\" loading=\"lazy\" width=\"1024\" height=\"682\" src=\"http:\/\/www.be-mhi.fr\/wp-content\/uploads\/2020\/08\/BCG_4553-C-1-1024x682.jpg\" alt=\"\" class=\"wp-image-913\" srcset=\"http:\/\/www.be-mhi.fr\/wp-content\/uploads\/2020\/08\/BCG_4553-C-1-1024x682.jpg 1024w, http:\/\/www.be-mhi.fr\/wp-content\/uploads\/2020\/08\/BCG_4553-C-1-300x200.jpg 300w, http:\/\/www.be-mhi.fr\/wp-content\/uploads\/2020\/08\/BCG_4553-C-1-768x511.jpg 768w, http:\/\/www.be-mhi.fr\/wp-content\/uploads\/2020\/08\/BCG_4553-C-1-1536x1022.jpg 1536w, http:\/\/www.be-mhi.fr\/wp-content\/uploads\/2020\/08\/BCG_4553-C-1-2048x1363.jpg 2048w\" sizes=\"(max-width: 767px) 89vw, (max-width: 1000px) 54vw, (max-width: 1071px) 543px, 580px\" \/><\/figure>\n\n\n\n<figure class=\"wp-block-gallery columns-3 is-cropped wp-block-gallery-1 is-layout-flex wp-block-gallery-is-layout-flex\"><ul class=\"blocks-gallery-grid\"><li class=\"blocks-gallery-item\"><figure><img decoding=\"async\" loading=\"lazy\" width=\"1024\" height=\"682\" src=\"http:\/\/www.be-mhi.fr\/wp-content\/uploads\/2020\/08\/BCG_4924-C-1024x682.jpg\" alt=\"\" data-id=\"935\" data-full-url=\"http:\/\/www.be-mhi.fr\/wp-content\/uploads\/2020\/08\/BCG_4924-C.jpg\" data-link=\"http:\/\/www.be-mhi.fr\/?attachment_id=935\" class=\"wp-image-935\" srcset=\"http:\/\/www.be-mhi.fr\/wp-content\/uploads\/2020\/08\/BCG_4924-C-1024x682.jpg 1024w, http:\/\/www.be-mhi.fr\/wp-content\/uploads\/2020\/08\/BCG_4924-C-300x200.jpg 300w, http:\/\/www.be-mhi.fr\/wp-content\/uploads\/2020\/08\/BCG_4924-C-768x511.jpg 768w, http:\/\/www.be-mhi.fr\/wp-content\/uploads\/2020\/08\/BCG_4924-C-1536x1022.jpg 1536w, http:\/\/www.be-mhi.fr\/wp-content\/uploads\/2020\/08\/BCG_4924-C-2048x1363.jpg 2048w\" sizes=\"(max-width: 767px) 89vw, (max-width: 1000px) 54vw, (max-width: 1071px) 543px, 580px\" \/><\/figure><\/li><li class=\"blocks-gallery-item\"><figure><img decoding=\"async\" loading=\"lazy\" width=\"1024\" height=\"681\" src=\"http:\/\/www.be-mhi.fr\/wp-content\/uploads\/2020\/08\/BCG_4903-1-1024x681.jpg\" alt=\"\" data-id=\"934\" data-full-url=\"http:\/\/www.be-mhi.fr\/wp-content\/uploads\/2020\/08\/BCG_4903-1-scaled.jpg\" data-link=\"http:\/\/www.be-mhi.fr\/?attachment_id=934\" class=\"wp-image-934\" srcset=\"http:\/\/www.be-mhi.fr\/wp-content\/uploads\/2020\/08\/BCG_4903-1-1024x681.jpg 1024w, http:\/\/www.be-mhi.fr\/wp-content\/uploads\/2020\/08\/BCG_4903-1-300x200.jpg 300w, http:\/\/www.be-mhi.fr\/wp-content\/uploads\/2020\/08\/BCG_4903-1-768x511.jpg 768w, http:\/\/www.be-mhi.fr\/wp-content\/uploads\/2020\/08\/BCG_4903-1-1536x1022.jpg 1536w, http:\/\/www.be-mhi.fr\/wp-content\/uploads\/2020\/08\/BCG_4903-1-2048x1363.jpg 2048w\" sizes=\"(max-width: 767px) 89vw, (max-width: 1000px) 54vw, (max-width: 1071px) 543px, 580px\" \/><\/figure><\/li><li class=\"blocks-gallery-item\"><figure><img decoding=\"async\" loading=\"lazy\" width=\"1024\" height=\"682\" src=\"http:\/\/www.be-mhi.fr\/wp-content\/uploads\/2020\/08\/BCG_4891-C-1024x682.jpg\" alt=\"\" data-id=\"931\" data-full-url=\"http:\/\/www.be-mhi.fr\/wp-content\/uploads\/2020\/08\/BCG_4891-C.jpg\" data-link=\"http:\/\/www.be-mhi.fr\/?attachment_id=931\" class=\"wp-image-931\" srcset=\"http:\/\/www.be-mhi.fr\/wp-content\/uploads\/2020\/08\/BCG_4891-C-1024x682.jpg 1024w, http:\/\/www.be-mhi.fr\/wp-content\/uploads\/2020\/08\/BCG_4891-C-300x200.jpg 300w, http:\/\/www.be-mhi.fr\/wp-content\/uploads\/2020\/08\/BCG_4891-C-768x511.jpg 768w, http:\/\/www.be-mhi.fr\/wp-content\/uploads\/2020\/08\/BCG_4891-C-1536x1022.jpg 1536w, http:\/\/www.be-mhi.fr\/wp-content\/uploads\/2020\/08\/BCG_4891-C-2048x1363.jpg 2048w\" sizes=\"(max-width: 767px) 89vw, (max-width: 1000px) 54vw, (max-width: 1071px) 543px, 580px\" \/><\/figure><\/li><li class=\"blocks-gallery-item\"><figure><img decoding=\"async\" loading=\"lazy\" width=\"682\" height=\"1024\" src=\"http:\/\/www.be-mhi.fr\/wp-content\/uploads\/2020\/08\/BCG_4388-C-leg-682x1024.jpg\" alt=\"\" data-id=\"925\" data-full-url=\"http:\/\/www.be-mhi.fr\/wp-content\/uploads\/2020\/08\/BCG_4388-C-leg.jpg\" data-link=\"http:\/\/www.be-mhi.fr\/?attachment_id=925\" class=\"wp-image-925\" srcset=\"http:\/\/www.be-mhi.fr\/wp-content\/uploads\/2020\/08\/BCG_4388-C-leg-682x1024.jpg 682w, http:\/\/www.be-mhi.fr\/wp-content\/uploads\/2020\/08\/BCG_4388-C-leg-200x300.jpg 200w, http:\/\/www.be-mhi.fr\/wp-content\/uploads\/2020\/08\/BCG_4388-C-leg-768x1154.jpg 768w, http:\/\/www.be-mhi.fr\/wp-content\/uploads\/2020\/08\/BCG_4388-C-leg-1022x1536.jpg 1022w, http:\/\/www.be-mhi.fr\/wp-content\/uploads\/2020\/08\/BCG_4388-C-leg-1363x2048.jpg 1363w, http:\/\/www.be-mhi.fr\/wp-content\/uploads\/2020\/08\/BCG_4388-C-leg.jpg 1664w\" sizes=\"(max-width: 682px) 100vw, 682px\" \/><\/figure><\/li><li class=\"blocks-gallery-item\"><figure><img decoding=\"async\" loading=\"lazy\" width=\"681\" height=\"1024\" src=\"http:\/\/www.be-mhi.fr\/wp-content\/uploads\/2020\/08\/BCG_4366-C-leg-681x1024.jpg\" alt=\"\" data-id=\"923\" data-full-url=\"http:\/\/www.be-mhi.fr\/wp-content\/uploads\/2020\/08\/BCG_4366-C-leg.jpg\" data-link=\"http:\/\/www.be-mhi.fr\/?attachment_id=923\" class=\"wp-image-923\" srcset=\"http:\/\/www.be-mhi.fr\/wp-content\/uploads\/2020\/08\/BCG_4366-C-leg-681x1024.jpg 681w, http:\/\/www.be-mhi.fr\/wp-content\/uploads\/2020\/08\/BCG_4366-C-leg-200x300.jpg 200w, http:\/\/www.be-mhi.fr\/wp-content\/uploads\/2020\/08\/BCG_4366-C-leg-768x1154.jpg 768w, http:\/\/www.be-mhi.fr\/wp-content\/uploads\/2020\/08\/BCG_4366-C-leg-1022x1536.jpg 1022w, http:\/\/www.be-mhi.fr\/wp-content\/uploads\/2020\/08\/BCG_4366-C-leg.jpg 1331w\" sizes=\"(max-width: 681px) 100vw, 681px\" \/><\/figure><\/li><li class=\"blocks-gallery-item\"><figure><img decoding=\"async\" loading=\"lazy\" width=\"1024\" height=\"697\" src=\"http:\/\/www.be-mhi.fr\/wp-content\/uploads\/2020\/08\/BCG_4349-C-leg-1024x697.jpg\" alt=\"\" data-id=\"920\" data-full-url=\"http:\/\/www.be-mhi.fr\/wp-content\/uploads\/2020\/08\/BCG_4349-C-leg.jpg\" data-link=\"http:\/\/www.be-mhi.fr\/?attachment_id=920\" class=\"wp-image-920\" srcset=\"http:\/\/www.be-mhi.fr\/wp-content\/uploads\/2020\/08\/BCG_4349-C-leg-1024x697.jpg 1024w, http:\/\/www.be-mhi.fr\/wp-content\/uploads\/2020\/08\/BCG_4349-C-leg-300x204.jpg 300w, http:\/\/www.be-mhi.fr\/wp-content\/uploads\/2020\/08\/BCG_4349-C-leg-768x523.jpg 768w, http:\/\/www.be-mhi.fr\/wp-content\/uploads\/2020\/08\/BCG_4349-C-leg-1536x1045.jpg 1536w, http:\/\/www.be-mhi.fr\/wp-content\/uploads\/2020\/08\/BCG_4349-C-leg-2048x1394.jpg 2048w\" sizes=\"(max-width: 767px) 89vw, (max-width: 1000px) 54vw, (max-width: 1071px) 543px, 580px\" \/><\/figure><\/li><li class=\"blocks-gallery-item\"><figure><img decoding=\"async\" loading=\"lazy\" width=\"1024\" height=\"682\" src=\"http:\/\/www.be-mhi.fr\/wp-content\/uploads\/2020\/08\/BCG_4339-C-leg-1024x682.jpg\" alt=\"\" data-id=\"918\" data-full-url=\"http:\/\/www.be-mhi.fr\/wp-content\/uploads\/2020\/08\/BCG_4339-C-leg.jpg\" data-link=\"http:\/\/www.be-mhi.fr\/?attachment_id=918\" class=\"wp-image-918\" srcset=\"http:\/\/www.be-mhi.fr\/wp-content\/uploads\/2020\/08\/BCG_4339-C-leg-1024x682.jpg 1024w, http:\/\/www.be-mhi.fr\/wp-content\/uploads\/2020\/08\/BCG_4339-C-leg-300x200.jpg 300w, http:\/\/www.be-mhi.fr\/wp-content\/uploads\/2020\/08\/BCG_4339-C-leg-768x511.jpg 768w, http:\/\/www.be-mhi.fr\/wp-content\/uploads\/2020\/08\/BCG_4339-C-leg-1536x1022.jpg 1536w, http:\/\/www.be-mhi.fr\/wp-content\/uploads\/2020\/08\/BCG_4339-C-leg-2048x1363.jpg 2048w\" sizes=\"(max-width: 767px) 89vw, (max-width: 1000px) 54vw, (max-width: 1071px) 543px, 580px\" \/><\/figure><\/li><li class=\"blocks-gallery-item\"><figure><img decoding=\"async\" loading=\"lazy\" width=\"1024\" height=\"525\" src=\"http:\/\/www.be-mhi.fr\/wp-content\/uploads\/2020\/08\/BCG_4396-leg-1024x525.jpg\" alt=\"\" data-id=\"926\" data-full-url=\"http:\/\/www.be-mhi.fr\/wp-content\/uploads\/2020\/08\/BCG_4396-leg.jpg\" data-link=\"http:\/\/www.be-mhi.fr\/?attachment_id=926\" class=\"wp-image-926\" srcset=\"http:\/\/www.be-mhi.fr\/wp-content\/uploads\/2020\/08\/BCG_4396-leg-1024x525.jpg 1024w, http:\/\/www.be-mhi.fr\/wp-content\/uploads\/2020\/08\/BCG_4396-leg-300x154.jpg 300w, http:\/\/www.be-mhi.fr\/wp-content\/uploads\/2020\/08\/BCG_4396-leg-768x394.jpg 768w, http:\/\/www.be-mhi.fr\/wp-content\/uploads\/2020\/08\/BCG_4396-leg-1536x788.jpg 1536w, http:\/\/www.be-mhi.fr\/wp-content\/uploads\/2020\/08\/BCG_4396-leg.jpg 2000w\" sizes=\"(max-width: 767px) 89vw, (max-width: 1000px) 54vw, (max-width: 1071px) 543px, 580px\" \/><\/figure><\/li><li class=\"blocks-gallery-item\"><figure><img decoding=\"async\" loading=\"lazy\" width=\"1024\" height=\"682\" src=\"http:\/\/www.be-mhi.fr\/wp-content\/uploads\/2020\/08\/BCG_5039-C-1024x682.jpg\" alt=\"\" data-id=\"937\" data-full-url=\"http:\/\/www.be-mhi.fr\/wp-content\/uploads\/2020\/08\/BCG_5039-C.jpg\" data-link=\"http:\/\/www.be-mhi.fr\/?attachment_id=937\" class=\"wp-image-937\" srcset=\"http:\/\/www.be-mhi.fr\/wp-content\/uploads\/2020\/08\/BCG_5039-C-1024x682.jpg 1024w, http:\/\/www.be-mhi.fr\/wp-content\/uploads\/2020\/08\/BCG_5039-C-300x200.jpg 300w, http:\/\/www.be-mhi.fr\/wp-content\/uploads\/2020\/08\/BCG_5039-C-768x511.jpg 768w, http:\/\/www.be-mhi.fr\/wp-content\/uploads\/2020\/08\/BCG_5039-C-1536x1022.jpg 1536w, http:\/\/www.be-mhi.fr\/wp-content\/uploads\/2020\/08\/BCG_5039-C-2048x1363.jpg 2048w\" sizes=\"(max-width: 767px) 89vw, (max-width: 1000px) 54vw, (max-width: 1071px) 543px, 580px\" \/><\/figure><\/li><\/ul><figcaption class=\"blocks-gallery-caption\">\u00a9 Beno\u00eet Grunewald<\/figcaption><\/figure>\n","protected":false},"excerpt":{"rendered":"<p>Caract\u00e9ristiques du projet Ma\u00eetre d\u2019ouvrage\u00a0: Association de Construction ECAM Strasbourg &#8211; Europe &amp; Association pour le d\u00e9veloppement du Lyc\u00e9e Charles de FoucauldArchitecte\u00a0: ARX Architecture &#8211; M. Pierre VALANTINNature des travaux : Construction neuveMissions exerc\u00e9es : Ing\u00e9nierie g\u00e9n\u00e9rale &#8211; Assistance locale HQECo\u00fbt des travaux : 15 480 284 \u20ac H.T.Surface : 9 875 m\u00b2Lieu de r\u00e9alisation &hellip; <\/p>\n<p class=\"link-more\"><a href=\"http:\/\/www.be-mhi.fr\/?page_id=915\" class=\"more-link\">Continue reading<span class=\"screen-reader-text\"> \u00ab\u00a0ECAM STRASBOURG-EUROPE et annexe CHARLES DE FOUCAULD\u00a0\u00bb<\/span><\/a><\/p>\n","protected":false},"author":8,"featured_media":0,"parent":1325,"menu_order":0,"comment_status":"closed","ping_status":"closed","template":"","meta":{"footnotes":""},"_links":{"self":[{"href":"http:\/\/www.be-mhi.fr\/index.php?rest_route=\/wp\/v2\/pages\/915"}],"collection":[{"href":"http:\/\/www.be-mhi.fr\/index.php?rest_route=\/wp\/v2\/pages"}],"about":[{"href":"http:\/\/www.be-mhi.fr\/index.php?rest_route=\/wp\/v2\/types\/page"}],"author":[{"embeddable":true,"href":"http:\/\/www.be-mhi.fr\/index.php?rest_route=\/wp\/v2\/users\/8"}],"replies":[{"embeddable":true,"href":"http:\/\/www.be-mhi.fr\/index.php?rest_route=%2Fwp%2Fv2%2Fcomments&post=915"}],"version-history":[{"count":10,"href":"http:\/\/www.be-mhi.fr\/index.php?rest_route=\/wp\/v2\/pages\/915\/revisions"}],"predecessor-version":[{"id":1803,"href":"http:\/\/www.be-mhi.fr\/index.php?rest_route=\/wp\/v2\/pages\/915\/revisions\/1803"}],"up":[{"embeddable":true,"href":"http:\/\/www.be-mhi.fr\/index.php?rest_route=\/wp\/v2\/pages\/1325"}],"wp:attachment":[{"href":"http:\/\/www.be-mhi.fr\/index.php?rest_route=%2Fwp%2Fv2%2Fmedia&parent=915"}],"curies":[{"name":"wp","href":"https:\/\/api.w.org\/{rel}","templated":true}]}}