{"id":1297,"date":"2020-08-25T14:00:02","date_gmt":"2020-08-25T13:00:02","guid":{"rendered":"http:\/\/www.be-mhi.fr\/?page_id=1297"},"modified":"2023-08-25T08:04:20","modified_gmt":"2023-08-25T07:04:20","slug":"lequipe","status":"publish","type":"page","link":"https:\/\/www.be-mhi.fr\/?page_id=1297","title":{"rendered":"L&rsquo;\u00e9quipe"},"content":{"rendered":"\n<h2 class=\"wp-block-heading\">Marc HUBER<\/h2>\n\n\n\n<p><em>G\u00e9rant<\/em><\/p>\n\n\n\n<p>Ing\u00e9nieur ENSAIS \u2013 Sp\u00e9cialit\u00e9 G\u00e9nie Civil (1989)<br>\nInspecteur AFPS en diagnostics de b\u00e2timents en situation d\u2019urgence post-sismique depuis 2015<br>\nMaitre assistant associ\u00e9 \u00e0 l\u2019ENSAS : charg\u00e9 du cours \u00ab M\u00e9canique Des Structures \u00bb depuis 2013<br>\nFormation \u00ab HQE \u2013 Association HQE \u00bb (2000)<br>\nFormation \u00ab S\u00e9curit\u00e9 Incendie et Coordination SSI \u00bb (2004)<\/p>\n\n\n\n<h5 class=\"wp-block-heading\">Guylaine REEB<\/h5>\n\n\n\n<p><em>Projeteur TCE<\/em><br>\n<em>Responsable administratif<\/em><br>\n<em>Associ\u00e9e de la SARL M.H.Ing\u00e9nierie<\/em><\/p>\n\n\n\n<p>DUT G\u00e9nie Civil (1987)<\/p>\n\n\n\n<h5 class=\"wp-block-heading\">Davide PACINI<\/h5>\n\n\n\n<p><em>Ing\u00e9nieur Structure<\/em><\/p>\n\n\n\n<p>Ing\u00e9nieur Structure \u00e0 l\u2019Universit\u00e9 de Florence (2004)<br>\nFormation&nbsp; \u00ab Ing\u00e9nierie Sismique \u00bb en Italie (2009)<br>\nFormations \u00ab EC8 \u00bb au Ponts Formation Conseil \u00e0 Lyon (2012) &amp; \u00ab EC2 \u00bb \u00e0 IPTIC Paris (2013).<\/p>\n\n\n\n<h5 class=\"wp-block-heading\">Eric GRANDO<\/h5>\n\n\n\n<p><em>Projeteur calculateur structure<\/em><\/p>\n\n\n\n<p>DUETI G\u00e9nie Civil (2003).<br> Formation \u00ab ALLPLAN : Base du travail en maquette num\u00e9rique, Mod\u00e9lisation et exploitation des informations \u00bb (2021)<\/p>\n\n\n\n<h5 class=\"wp-block-heading\">Bao Anh NGUYEN HUU<\/h5>\n\n\n\n<p><em>Ing\u00e9nieure Structures<\/em><\/p>\n\n\n\n<p>Ing\u00e9nieur G\u00e9nie Civil \u00e0 l\u2019INSA de Strasbourg (2015)<br>\nFormation \u00ab REVIT : Mod\u00e9lisation 3D et BIM \u00bb (2018)<br>\nFormation \u00ab ALLPLAN \u2013 Maquette num\u00e9rique BIM \u00bb (2021)<\/p>\n\n\n\n<h5 class=\"wp-block-heading\">Roman KOSTYUCHENKO<\/h5>\n\n\n\n<p><em>Ing\u00e9nieur G\u00e9nie Civil<\/em><\/p>\n\n\n\n<p>Double dipl\u00f4me Architecte-Ing\u00e9nieur G\u00e9nie Civil INSA Strasbourg (2020).<br>Autodesk Revit 2022 &#8211; Sp\u00e9cialisation structure (2022)<br>Formation ALLPLAN \u2013 Maquette num\u00e9rique (2021)<br>S\u00e9minaire BIM. Travail collaboratif avec des \u00e9tudiants architectes et ing\u00e9nieur G\u00e9nie Civil (2017)<\/p>\n\n\n\n<h5 class=\"wp-block-heading\"><strong>Quentin DIEBOLT<\/strong><\/h5>\n\n\n\n<p><em>Apprenti<\/em><\/p>\n\n\n\n<p>Ing\u00e9nieur INSA G\u00e9nie Civil (2026).<\/p>\n\n\n\n<h5 class=\"wp-block-heading\">Beno\u00eet HIEBEL<\/h5>\n\n\n\n<p><em>Ing\u00e9nieur d\u2019Etudes Thermiques et Fluides<\/em><\/p>\n\n\n\n<p>Ing\u00e9nieur CESI (2003)<br>Formation Autodesk Revit 2022 \u2013 concepts de base + CVCD (2021)<br>Formation au logiciel THERM ACV (2020)<br>Formation \u00ab R\u00e9novation \u00e0 tr\u00e8s basse consommation d\u2019\u00e9nergie des b\u00e2timents existants-BAT2 \u00bb (2012)<br>Formation \u00ab RT-2012 \u00bb (2011)<\/p>\n\n\n\n<h5 class=\"wp-block-heading\">Fabien GIBOUDAUD<\/h5>\n\n\n\n<p><em>Charg\u00e9 d\u2019\u00e9tudes en Energie&nbsp;<\/em><em>et Environnement<\/em><\/p>\n\n\n\n<p>Licence Pro G\u00e9nie Civil et Construction option \u00c9nergies et Confort (2007)<br>Formation \u00ab D\u00e9cret tertiaire \u2013 D\u00e9cryptage \u00bb (2022)<br>Formation Concepteur\/Conseiller Europ\u00e9en B\u00e2timent Passif \/Passivhaus (CEPH) (2020)<br>Formation au logiciel THERM ACV (2020)<br>Formation \u00ab R\u00e9f\u00e9rent Energie Carbone \u00bb (2019)<br>Formation REVIT MEP \u00ab mod\u00e9lisation 3D &amp; BIM \u00bb (2017)<br>Formation ADEME \u00ab Audit \u00e9nerg\u00e9tique de qualit\u00e9 dans les b\u00e2timents \u00bb (2016)<br>Formation SYCOPARC \u00ab Eco-r\u00e9novation du b\u00e2ti ancien \u00bb (2014)<\/p>\n\n\n\n<h5 class=\"wp-block-heading\">Gilles ZEDER<\/h5>\n\n\n\n<p><em>Charg\u00e9 d\u2019Etudes Energie Electrique Gestion Technique &amp; S\u00e9curit\u00e9 Incendie<\/em><\/p>\n\n\n\n<p>B.T.S. \u00c9lectrotechnique (2008)<br>Formation Autodesk Revit 2022 \u2013 Concepts de base + CVCD (2021)<br>Formation \u00ab REVIT : Mod\u00e9lisation 3D et BIM \u00bb (2018)<br>Licence Qualit\u00e9 et Ma\u00eetrise de l\u2019\u00c9nergie \u00c9lectrique (2009)<br>Certificat \u00ab KNX \u00bb (2009) <\/p>\n\n\n\n<h5 class=\"wp-block-heading\">Fran\u00e7ois SPENGLER<\/h5>\n\n\n\n<p><em>Technicien d\u2019\u00e9tudes en \u00e9lectricit\u00e9<\/em><\/p>\n\n\n\n<p>Formation professionnelle de Technicien de Bureau d\u2019Etudes en Electricit\u00e9&nbsp; (2022)<br> BAC Professionnel Electrotechnique Energie Equipements Communicants (2006)<br> Formation REVIT BASE &amp; MEP (2022)<\/p>\n\n\n\n<h5 class=\"wp-block-heading\">Lucas ZERR<\/h5>\n\n\n\n<p><em>Apprenti<\/em><\/p>\n\n\n\n<p> BTS G\u00e9nie Climatique et Fluidiques&nbsp; (2025)<br> <\/p>\n\n\n\n<h5 class=\"wp-block-heading\"><strong>Cyril SCHILT&nbsp;<\/strong><\/h5>\n\n\n\n<p><em>Apprenti<\/em><\/p>\n\n\n\n<p> Ing\u00e9nieur CNAM BTP, transitions num\u00e9riques et environnementales&nbsp; (2025)<\/p>\n\n\n\n<div class=\"wp-block-columns is-layout-flex wp-container-1 wp-block-columns-is-layout-flex\"><\/div>\n","protected":false},"excerpt":{"rendered":"<p>Marc HUBER G\u00e9rant Ing\u00e9nieur ENSAIS \u2013 Sp\u00e9cialit\u00e9 G\u00e9nie Civil (1989) Inspecteur AFPS en diagnostics de b\u00e2timents en situation d\u2019urgence post-sismique depuis 2015 Maitre assistant associ\u00e9 \u00e0 l\u2019ENSAS : charg\u00e9 du cours \u00ab M\u00e9canique Des Structures \u00bb depuis 2013 Formation \u00ab HQE \u2013 Association HQE \u00bb (2000) Formation \u00ab S\u00e9curit\u00e9 Incendie et Coordination SSI \u00bb (2004) &hellip; <\/p>\n<p class=\"link-more\"><a href=\"https:\/\/www.be-mhi.fr\/?page_id=1297\" class=\"more-link\">Continue reading<span class=\"screen-reader-text\"> \u00ab\u00a0L&rsquo;\u00e9quipe\u00a0\u00bb<\/span><\/a><\/p>\n","protected":false},"author":8,"featured_media":0,"parent":2,"menu_order":0,"comment_status":"closed","ping_status":"closed","template":"","meta":{"footnotes":""},"_links":{"self":[{"href":"https:\/\/www.be-mhi.fr\/index.php?rest_route=\/wp\/v2\/pages\/1297"}],"collection":[{"href":"https:\/\/www.be-mhi.fr\/index.php?rest_route=\/wp\/v2\/pages"}],"about":[{"href":"https:\/\/www.be-mhi.fr\/index.php?rest_route=\/wp\/v2\/types\/page"}],"author":[{"embeddable":true,"href":"https:\/\/www.be-mhi.fr\/index.php?rest_route=\/wp\/v2\/users\/8"}],"replies":[{"embeddable":true,"href":"https:\/\/www.be-mhi.fr\/index.php?rest_route=%2Fwp%2Fv2%2Fcomments&post=1297"}],"version-history":[{"count":9,"href":"https:\/\/www.be-mhi.fr\/index.php?rest_route=\/wp\/v2\/pages\/1297\/revisions"}],"predecessor-version":[{"id":1746,"href":"https:\/\/www.be-mhi.fr\/index.php?rest_route=\/wp\/v2\/pages\/1297\/revisions\/1746"}],"up":[{"embeddable":true,"href":"https:\/\/www.be-mhi.fr\/index.php?rest_route=\/wp\/v2\/pages\/2"}],"wp:attachment":[{"href":"https:\/\/www.be-mhi.fr\/index.php?rest_route=%2Fwp%2Fv2%2Fmedia&parent=1297"}],"curies":[{"name":"wp","href":"https:\/\/api.w.org\/{rel}","templated":true}]}}