{"id":1585,"date":"2020-08-27T12:13:44","date_gmt":"2020-08-27T11:13:44","guid":{"rendered":"http:\/\/www.be-mhi.fr\/?page_id=1585"},"modified":"2020-08-27T12:13:44","modified_gmt":"2020-08-27T11:13:44","slug":"maison-de-retraite-bethlehem","status":"publish","type":"page","link":"https:\/\/www.be-mhi.fr\/?page_id=1585","title":{"rendered":"Maison de Retraite Bethlehem"},"content":{"rendered":"<p><span style=\"color: #808080;\"><em>Caract\u00e9ristiques du projet<\/em><\/span><\/p>\n<hr \/>\n<p><strong>Ma\u00eetre d\u2019ouvrage\u00a0<\/strong>: Les DIACONESSES De Strasbourg <br \/><strong>Architecte\u00a0:<\/strong> GKG<br \/><strong>Nature des travaux :<\/strong> Restructuration et extension<br \/><strong>Missions exerc\u00e9es<\/strong> : Ing\u00e9nierie des structures &amp; mission environnementale HQE<br \/><strong>Co\u00fbt des travaux :<\/strong> 6 638 000 \u20ac H.T.<br \/><strong>Surface<\/strong> : Non renseign\u00e9<br \/><strong>Lieu de r\u00e9alisation :<\/strong> 15 Route d&rsquo;Oberhausbergen, 67200 Strasbourg<br \/><strong>Ann\u00e9e de r\u00e9alisation : <\/strong>En cours<\/p>\n\n\n<figure class=\"wp-block-image size-large\"><img decoding=\"async\" loading=\"lazy\" width=\"1024\" height=\"577\" src=\"https:\/\/www.be-mhi.fr\/wp-content\/uploads\/2020\/08\/2019-1024x577.png\" alt=\"\" class=\"wp-image-1594\" srcset=\"https:\/\/www.be-mhi.fr\/wp-content\/uploads\/2020\/08\/2019-1024x577.png 1024w, https:\/\/www.be-mhi.fr\/wp-content\/uploads\/2020\/08\/2019-300x169.png 300w, https:\/\/www.be-mhi.fr\/wp-content\/uploads\/2020\/08\/2019-768x432.png 768w, https:\/\/www.be-mhi.fr\/wp-content\/uploads\/2020\/08\/2019-1536x865.png 1536w, https:\/\/www.be-mhi.fr\/wp-content\/uploads\/2020\/08\/2019.png 1577w\" sizes=\"(max-width: 767px) 89vw, (max-width: 1000px) 54vw, (max-width: 1071px) 543px, 580px\" \/><\/figure>\n\n\n\n<figure class=\"wp-block-gallery columns-2 is-cropped wp-block-gallery-1 is-layout-flex wp-block-gallery-is-layout-flex\"><ul class=\"blocks-gallery-grid\"><li class=\"blocks-gallery-item\"><figure><img decoding=\"async\" loading=\"lazy\" width=\"1024\" height=\"701\" src=\"https:\/\/www.be-mhi.fr\/wp-content\/uploads\/2020\/08\/2019_3-1024x701.png\" alt=\"\" data-id=\"1595\" data-full-url=\"https:\/\/www.be-mhi.fr\/wp-content\/uploads\/2020\/08\/2019_3.png\" data-link=\"https:\/\/www.be-mhi.fr\/?attachment_id=1595\" class=\"wp-image-1595\" srcset=\"https:\/\/www.be-mhi.fr\/wp-content\/uploads\/2020\/08\/2019_3-1024x701.png 1024w, https:\/\/www.be-mhi.fr\/wp-content\/uploads\/2020\/08\/2019_3-300x205.png 300w, https:\/\/www.be-mhi.fr\/wp-content\/uploads\/2020\/08\/2019_3-768x525.png 768w, https:\/\/www.be-mhi.fr\/wp-content\/uploads\/2020\/08\/2019_3.png 1358w\" sizes=\"(max-width: 767px) 89vw, (max-width: 1000px) 54vw, (max-width: 1071px) 543px, 580px\" \/><\/figure><\/li><li class=\"blocks-gallery-item\"><figure><img decoding=\"async\" loading=\"lazy\" width=\"1024\" height=\"576\" src=\"https:\/\/www.be-mhi.fr\/wp-content\/uploads\/2020\/08\/201982-1024x576.png\" alt=\"\" data-id=\"1597\" data-full-url=\"https:\/\/www.be-mhi.fr\/wp-content\/uploads\/2020\/08\/201982.png\" data-link=\"https:\/\/www.be-mhi.fr\/?attachment_id=1597\" class=\"wp-image-1597\" srcset=\"https:\/\/www.be-mhi.fr\/wp-content\/uploads\/2020\/08\/201982-1024x576.png 1024w, https:\/\/www.be-mhi.fr\/wp-content\/uploads\/2020\/08\/201982-300x169.png 300w, https:\/\/www.be-mhi.fr\/wp-content\/uploads\/2020\/08\/201982-768x432.png 768w, https:\/\/www.be-mhi.fr\/wp-content\/uploads\/2020\/08\/201982-1536x864.png 1536w, https:\/\/www.be-mhi.fr\/wp-content\/uploads\/2020\/08\/201982.png 1574w\" sizes=\"(max-width: 767px) 89vw, (max-width: 1000px) 54vw, (max-width: 1071px) 543px, 580px\" \/><\/figure><\/li><\/ul><\/figure>\n","protected":false},"excerpt":{"rendered":"<p>Caract\u00e9ristiques du projet Ma\u00eetre d\u2019ouvrage\u00a0: Les DIACONESSES De Strasbourg Architecte\u00a0: GKGNature des travaux : Restructuration et extensionMissions exerc\u00e9es : Ing\u00e9nierie des structures &amp; mission environnementale HQECo\u00fbt des travaux : 6 638 000 \u20ac H.T.Surface : Non renseign\u00e9Lieu de r\u00e9alisation : 15 Route d&rsquo;Oberhausbergen, 67200 StrasbourgAnn\u00e9e de r\u00e9alisation : En cours<\/p>\n","protected":false},"author":8,"featured_media":0,"parent":1328,"menu_order":0,"comment_status":"closed","ping_status":"closed","template":"","meta":{"footnotes":""},"_links":{"self":[{"href":"https:\/\/www.be-mhi.fr\/index.php?rest_route=\/wp\/v2\/pages\/1585"}],"collection":[{"href":"https:\/\/www.be-mhi.fr\/index.php?rest_route=\/wp\/v2\/pages"}],"about":[{"href":"https:\/\/www.be-mhi.fr\/index.php?rest_route=\/wp\/v2\/types\/page"}],"author":[{"embeddable":true,"href":"https:\/\/www.be-mhi.fr\/index.php?rest_route=\/wp\/v2\/users\/8"}],"replies":[{"embeddable":true,"href":"https:\/\/www.be-mhi.fr\/index.php?rest_route=%2Fwp%2Fv2%2Fcomments&post=1585"}],"version-history":[{"count":1,"href":"https:\/\/www.be-mhi.fr\/index.php?rest_route=\/wp\/v2\/pages\/1585\/revisions"}],"predecessor-version":[{"id":1604,"href":"https:\/\/www.be-mhi.fr\/index.php?rest_route=\/wp\/v2\/pages\/1585\/revisions\/1604"}],"up":[{"embeddable":true,"href":"https:\/\/www.be-mhi.fr\/index.php?rest_route=\/wp\/v2\/pages\/1328"}],"wp:attachment":[{"href":"https:\/\/www.be-mhi.fr\/index.php?rest_route=%2Fwp%2Fv2%2Fmedia&parent=1585"}],"curies":[{"name":"wp","href":"https:\/\/api.w.org\/{rel}","templated":true}]}}