{"id":1586,"date":"2020-08-27T12:25:48","date_gmt":"2020-08-27T11:25:48","guid":{"rendered":"http:\/\/www.be-mhi.fr\/?page_id=1586"},"modified":"2020-08-27T12:33:29","modified_gmt":"2020-08-27T11:33:29","slug":"institut-de-formation-en-soins-infirmiers-ifsi-et-parking-a-erstein","status":"publish","type":"page","link":"https:\/\/www.be-mhi.fr\/?page_id=1586","title":{"rendered":"Institut de Formation en Soins Infirmiers (IFSI) et Parking \u00e0 Erstein"},"content":{"rendered":"<p><span style=\"color: #808080;\"><em>Caract\u00e9ristiques du projet<\/em><\/span><\/p>\n<hr \/>\n<p><strong>Ma\u00eetre d\u2019ouvrage\u00a0<\/strong>: Centre Hospitalier d\u2019Erstein<br \/><strong>Architecte\u00a0:<\/strong> <a href=\"https:\/\/www.lucquet.eu\/i-f-s-i-erstein\/\">Rey LUCQUET<\/a><br \/><strong>Nature des travaux :<\/strong> Construction Neuve<br \/><strong>Missions exerc\u00e9es<\/strong> : Ing\u00e9nierie des structures<br \/><strong>Co\u00fbt des travaux :<\/strong> 2 850 000 \u20ac H.T.<br \/><strong>Surface<\/strong> : 2 500 m\u00b2 <br \/><strong>Lieu de r\u00e9alisation :<\/strong> 2 Rue de la Lain\u00e9 Peignee, 67150 Erstein<br \/><strong>Ann\u00e9e de r\u00e9alisation : <\/strong>2010<\/p>\n\n\n<figure class=\"wp-block-image size-large\"><img decoding=\"async\" loading=\"lazy\" width=\"1024\" height=\"682\" src=\"https:\/\/www.be-mhi.fr\/wp-content\/uploads\/2020\/08\/6907-1024x682.png\" alt=\"\" class=\"wp-image-1605\" srcset=\"https:\/\/www.be-mhi.fr\/wp-content\/uploads\/2020\/08\/6907-1024x682.png 1024w, https:\/\/www.be-mhi.fr\/wp-content\/uploads\/2020\/08\/6907-300x200.png 300w, https:\/\/www.be-mhi.fr\/wp-content\/uploads\/2020\/08\/6907-768x511.png 768w, https:\/\/www.be-mhi.fr\/wp-content\/uploads\/2020\/08\/6907.png 1439w\" sizes=\"(max-width: 767px) 89vw, (max-width: 1000px) 54vw, (max-width: 1071px) 543px, 580px\" \/><\/figure>\n\n\n\n<figure class=\"wp-block-gallery columns-3 is-cropped wp-block-gallery-1 is-layout-flex wp-block-gallery-is-layout-flex\"><ul class=\"blocks-gallery-grid\"><li class=\"blocks-gallery-item\"><figure><img decoding=\"async\" loading=\"lazy\" width=\"1024\" height=\"681\" src=\"https:\/\/www.be-mhi.fr\/wp-content\/uploads\/2020\/08\/6907_3-1024x681.png\" alt=\"\" data-id=\"1606\" data-full-url=\"https:\/\/www.be-mhi.fr\/wp-content\/uploads\/2020\/08\/6907_3.png\" data-link=\"https:\/\/www.be-mhi.fr\/?attachment_id=1606\" class=\"wp-image-1606\" srcset=\"https:\/\/www.be-mhi.fr\/wp-content\/uploads\/2020\/08\/6907_3-1024x681.png 1024w, https:\/\/www.be-mhi.fr\/wp-content\/uploads\/2020\/08\/6907_3-300x199.png 300w, https:\/\/www.be-mhi.fr\/wp-content\/uploads\/2020\/08\/6907_3-768x510.png 768w, https:\/\/www.be-mhi.fr\/wp-content\/uploads\/2020\/08\/6907_3.png 1437w\" sizes=\"(max-width: 767px) 89vw, (max-width: 1000px) 54vw, (max-width: 1071px) 543px, 580px\" \/><\/figure><\/li><li class=\"blocks-gallery-item\"><figure><img decoding=\"async\" loading=\"lazy\" width=\"1024\" height=\"482\" src=\"https:\/\/www.be-mhi.fr\/wp-content\/uploads\/2020\/08\/6907_4-1024x482.png\" alt=\"\" data-id=\"1607\" data-full-url=\"https:\/\/www.be-mhi.fr\/wp-content\/uploads\/2020\/08\/6907_4.png\" data-link=\"https:\/\/www.be-mhi.fr\/?attachment_id=1607\" class=\"wp-image-1607\" srcset=\"https:\/\/www.be-mhi.fr\/wp-content\/uploads\/2020\/08\/6907_4-1024x482.png 1024w, https:\/\/www.be-mhi.fr\/wp-content\/uploads\/2020\/08\/6907_4-300x141.png 300w, https:\/\/www.be-mhi.fr\/wp-content\/uploads\/2020\/08\/6907_4-768x362.png 768w, https:\/\/www.be-mhi.fr\/wp-content\/uploads\/2020\/08\/6907_4.png 1435w\" sizes=\"(max-width: 767px) 89vw, (max-width: 1000px) 54vw, (max-width: 1071px) 543px, 580px\" \/><\/figure><\/li><li class=\"blocks-gallery-item\"><figure><img decoding=\"async\" loading=\"lazy\" width=\"1024\" height=\"681\" src=\"https:\/\/www.be-mhi.fr\/wp-content\/uploads\/2020\/08\/6907_7-1024x681.png\" alt=\"\" data-id=\"1608\" data-full-url=\"https:\/\/www.be-mhi.fr\/wp-content\/uploads\/2020\/08\/6907_7.png\" data-link=\"https:\/\/www.be-mhi.fr\/?attachment_id=1608\" class=\"wp-image-1608\" srcset=\"https:\/\/www.be-mhi.fr\/wp-content\/uploads\/2020\/08\/6907_7-1024x681.png 1024w, https:\/\/www.be-mhi.fr\/wp-content\/uploads\/2020\/08\/6907_7-300x200.png 300w, https:\/\/www.be-mhi.fr\/wp-content\/uploads\/2020\/08\/6907_7-768x511.png 768w, https:\/\/www.be-mhi.fr\/wp-content\/uploads\/2020\/08\/6907_7.png 1438w\" sizes=\"(max-width: 767px) 89vw, (max-width: 1000px) 54vw, (max-width: 1071px) 543px, 580px\" \/><\/figure><\/li><li class=\"blocks-gallery-item\"><figure><img decoding=\"async\" loading=\"lazy\" width=\"1024\" height=\"682\" src=\"https:\/\/www.be-mhi.fr\/wp-content\/uploads\/2020\/08\/6907_8-1024x682.png\" alt=\"\" data-id=\"1609\" data-full-url=\"https:\/\/www.be-mhi.fr\/wp-content\/uploads\/2020\/08\/6907_8.png\" data-link=\"https:\/\/www.be-mhi.fr\/?attachment_id=1609\" class=\"wp-image-1609\" srcset=\"https:\/\/www.be-mhi.fr\/wp-content\/uploads\/2020\/08\/6907_8-1024x682.png 1024w, https:\/\/www.be-mhi.fr\/wp-content\/uploads\/2020\/08\/6907_8-300x200.png 300w, https:\/\/www.be-mhi.fr\/wp-content\/uploads\/2020\/08\/6907_8-768x512.png 768w, https:\/\/www.be-mhi.fr\/wp-content\/uploads\/2020\/08\/6907_8.png 1438w\" sizes=\"(max-width: 767px) 89vw, (max-width: 1000px) 54vw, (max-width: 1071px) 543px, 580px\" \/><\/figure><\/li><li class=\"blocks-gallery-item\"><figure><img decoding=\"async\" loading=\"lazy\" width=\"863\" height=\"963\" src=\"https:\/\/www.be-mhi.fr\/wp-content\/uploads\/2020\/08\/6907_14.png\" alt=\"\" data-id=\"1610\" data-full-url=\"https:\/\/www.be-mhi.fr\/wp-content\/uploads\/2020\/08\/6907_14.png\" data-link=\"https:\/\/www.be-mhi.fr\/?attachment_id=1610\" class=\"wp-image-1610\" srcset=\"https:\/\/www.be-mhi.fr\/wp-content\/uploads\/2020\/08\/6907_14.png 863w, https:\/\/www.be-mhi.fr\/wp-content\/uploads\/2020\/08\/6907_14-269x300.png 269w, https:\/\/www.be-mhi.fr\/wp-content\/uploads\/2020\/08\/6907_14-768x857.png 768w\" sizes=\"(max-width: 767px) 89vw, (max-width: 1000px) 54vw, (max-width: 1071px) 543px, 580px\" \/><\/figure><\/li><\/ul><\/figure>\n","protected":false},"excerpt":{"rendered":"<p>Caract\u00e9ristiques du projet Ma\u00eetre d\u2019ouvrage\u00a0: Centre Hospitalier d\u2019ErsteinArchitecte\u00a0: Rey LUCQUETNature des travaux : Construction NeuveMissions exerc\u00e9es : Ing\u00e9nierie des structuresCo\u00fbt des travaux : 2 850 000 \u20ac H.T.Surface : 2 500 m\u00b2 Lieu de r\u00e9alisation : 2 Rue de la Lain\u00e9 Peignee, 67150 ErsteinAnn\u00e9e de r\u00e9alisation : 2010<\/p>\n","protected":false},"author":8,"featured_media":0,"parent":1328,"menu_order":0,"comment_status":"closed","ping_status":"closed","template":"","meta":{"footnotes":""},"_links":{"self":[{"href":"https:\/\/www.be-mhi.fr\/index.php?rest_route=\/wp\/v2\/pages\/1586"}],"collection":[{"href":"https:\/\/www.be-mhi.fr\/index.php?rest_route=\/wp\/v2\/pages"}],"about":[{"href":"https:\/\/www.be-mhi.fr\/index.php?rest_route=\/wp\/v2\/types\/page"}],"author":[{"embeddable":true,"href":"https:\/\/www.be-mhi.fr\/index.php?rest_route=\/wp\/v2\/users\/8"}],"replies":[{"embeddable":true,"href":"https:\/\/www.be-mhi.fr\/index.php?rest_route=%2Fwp%2Fv2%2Fcomments&post=1586"}],"version-history":[{"count":3,"href":"https:\/\/www.be-mhi.fr\/index.php?rest_route=\/wp\/v2\/pages\/1586\/revisions"}],"predecessor-version":[{"id":1617,"href":"https:\/\/www.be-mhi.fr\/index.php?rest_route=\/wp\/v2\/pages\/1586\/revisions\/1617"}],"up":[{"embeddable":true,"href":"https:\/\/www.be-mhi.fr\/index.php?rest_route=\/wp\/v2\/pages\/1328"}],"wp:attachment":[{"href":"https:\/\/www.be-mhi.fr\/index.php?rest_route=%2Fwp%2Fv2%2Fmedia&parent=1586"}],"curies":[{"name":"wp","href":"https:\/\/api.w.org\/{rel}","templated":true}]}}