{"id":1587,"date":"2020-08-27T12:13:35","date_gmt":"2020-08-27T11:13:35","guid":{"rendered":"http:\/\/www.be-mhi.fr\/?page_id=1587"},"modified":"2020-08-27T12:13:35","modified_gmt":"2020-08-27T11:13:35","slug":"centre-mathilde-salomon-a-phalsbourg","status":"publish","type":"page","link":"https:\/\/www.be-mhi.fr\/?page_id=1587","title":{"rendered":"Centre Mathilde SALOMON \u00e0 Phalsbourg"},"content":{"rendered":"<p><span style=\"color: #808080;\"><em>Caract\u00e9ristiques du projet<\/em><\/span><\/p>\n<hr \/>\n<p><strong>Ma\u00eetre d\u2019ouvrage\u00a0<\/strong>: Fondation Vincent de Paul<br \/><strong>Architecte\u00a0:<\/strong> GKG<br \/><strong>Nature des travaux :<\/strong> Restructuration et extension<br \/><strong>Missions exerc\u00e9es<\/strong> : Ing\u00e9nierie des structures\u00a0<br \/><strong>Co\u00fbt des travaux :<\/strong> 3 924 200 \u20ac H.T.<br \/><strong>Surface<\/strong> : 3 260 m\u00b2<br \/><strong>Lieu de r\u00e9alisation :<\/strong> 1 Rue de l&rsquo;H\u00f4pital, 57370 Phalsbourg<br \/><strong>Ann\u00e9e de r\u00e9alisation : <\/strong>En cours<\/p>\n\n\n<figure class=\"wp-block-image size-large\"><img decoding=\"async\" loading=\"lazy\" width=\"1024\" height=\"489\" src=\"https:\/\/www.be-mhi.fr\/wp-content\/uploads\/2020\/08\/3918-1024x489.png\" alt=\"\" class=\"wp-image-1596\" srcset=\"https:\/\/www.be-mhi.fr\/wp-content\/uploads\/2020\/08\/3918-1024x489.png 1024w, https:\/\/www.be-mhi.fr\/wp-content\/uploads\/2020\/08\/3918-300x143.png 300w, https:\/\/www.be-mhi.fr\/wp-content\/uploads\/2020\/08\/3918-768x367.png 768w, https:\/\/www.be-mhi.fr\/wp-content\/uploads\/2020\/08\/3918-1536x733.png 1536w, https:\/\/www.be-mhi.fr\/wp-content\/uploads\/2020\/08\/3918.png 1734w\" sizes=\"(max-width: 767px) 89vw, (max-width: 1000px) 54vw, (max-width: 1071px) 543px, 580px\" \/><\/figure>\n\n\n\n<figure class=\"wp-block-gallery columns-3 is-cropped wp-block-gallery-1 is-layout-flex wp-block-gallery-is-layout-flex\"><ul class=\"blocks-gallery-grid\"><li class=\"blocks-gallery-item\"><figure><img decoding=\"async\" loading=\"lazy\" width=\"1024\" height=\"571\" src=\"https:\/\/www.be-mhi.fr\/wp-content\/uploads\/2020\/08\/3918_2-1024x571.png\" alt=\"\" data-id=\"1598\" data-full-url=\"https:\/\/www.be-mhi.fr\/wp-content\/uploads\/2020\/08\/3918_2.png\" data-link=\"https:\/\/www.be-mhi.fr\/?attachment_id=1598\" class=\"wp-image-1598\" srcset=\"https:\/\/www.be-mhi.fr\/wp-content\/uploads\/2020\/08\/3918_2-1024x571.png 1024w, https:\/\/www.be-mhi.fr\/wp-content\/uploads\/2020\/08\/3918_2-300x167.png 300w, https:\/\/www.be-mhi.fr\/wp-content\/uploads\/2020\/08\/3918_2-768x428.png 768w, https:\/\/www.be-mhi.fr\/wp-content\/uploads\/2020\/08\/3918_2-1536x857.png 1536w, https:\/\/www.be-mhi.fr\/wp-content\/uploads\/2020\/08\/3918_2.png 1628w\" sizes=\"(max-width: 767px) 89vw, (max-width: 1000px) 54vw, (max-width: 1071px) 543px, 580px\" \/><\/figure><\/li><li class=\"blocks-gallery-item\"><figure><img decoding=\"async\" loading=\"lazy\" width=\"1024\" height=\"574\" src=\"https:\/\/www.be-mhi.fr\/wp-content\/uploads\/2020\/08\/3918_3-1024x574.png\" alt=\"\" data-id=\"1599\" data-full-url=\"https:\/\/www.be-mhi.fr\/wp-content\/uploads\/2020\/08\/3918_3.png\" data-link=\"https:\/\/www.be-mhi.fr\/?attachment_id=1599\" class=\"wp-image-1599\" srcset=\"https:\/\/www.be-mhi.fr\/wp-content\/uploads\/2020\/08\/3918_3-1024x574.png 1024w, https:\/\/www.be-mhi.fr\/wp-content\/uploads\/2020\/08\/3918_3-300x168.png 300w, https:\/\/www.be-mhi.fr\/wp-content\/uploads\/2020\/08\/3918_3-768x431.png 768w, https:\/\/www.be-mhi.fr\/wp-content\/uploads\/2020\/08\/3918_3-1536x861.png 1536w, https:\/\/www.be-mhi.fr\/wp-content\/uploads\/2020\/08\/3918_3.png 1625w\" sizes=\"(max-width: 767px) 89vw, (max-width: 1000px) 54vw, (max-width: 1071px) 543px, 580px\" \/><\/figure><\/li><li class=\"blocks-gallery-item\"><figure><img decoding=\"async\" loading=\"lazy\" width=\"1024\" height=\"846\" src=\"https:\/\/www.be-mhi.fr\/wp-content\/uploads\/2020\/08\/3918_4-1024x846.png\" alt=\"\" data-id=\"1600\" data-full-url=\"https:\/\/www.be-mhi.fr\/wp-content\/uploads\/2020\/08\/3918_4.png\" data-link=\"https:\/\/www.be-mhi.fr\/?attachment_id=1600\" class=\"wp-image-1600\" srcset=\"https:\/\/www.be-mhi.fr\/wp-content\/uploads\/2020\/08\/3918_4-1024x846.png 1024w, https:\/\/www.be-mhi.fr\/wp-content\/uploads\/2020\/08\/3918_4-300x248.png 300w, https:\/\/www.be-mhi.fr\/wp-content\/uploads\/2020\/08\/3918_4-768x634.png 768w, https:\/\/www.be-mhi.fr\/wp-content\/uploads\/2020\/08\/3918_4.png 1109w\" sizes=\"(max-width: 767px) 89vw, (max-width: 1000px) 54vw, (max-width: 1071px) 543px, 580px\" \/><\/figure><\/li><li class=\"blocks-gallery-item\"><figure><img decoding=\"async\" loading=\"lazy\" width=\"1024\" height=\"396\" src=\"https:\/\/www.be-mhi.fr\/wp-content\/uploads\/2020\/08\/3918_5-1024x396.png\" alt=\"\" data-id=\"1601\" data-full-url=\"https:\/\/www.be-mhi.fr\/wp-content\/uploads\/2020\/08\/3918_5.png\" data-link=\"https:\/\/www.be-mhi.fr\/?attachment_id=1601\" class=\"wp-image-1601\" srcset=\"https:\/\/www.be-mhi.fr\/wp-content\/uploads\/2020\/08\/3918_5-1024x396.png 1024w, https:\/\/www.be-mhi.fr\/wp-content\/uploads\/2020\/08\/3918_5-300x116.png 300w, https:\/\/www.be-mhi.fr\/wp-content\/uploads\/2020\/08\/3918_5-768x297.png 768w, https:\/\/www.be-mhi.fr\/wp-content\/uploads\/2020\/08\/3918_5-1536x594.png 1536w, https:\/\/www.be-mhi.fr\/wp-content\/uploads\/2020\/08\/3918_5.png 1803w\" sizes=\"(max-width: 767px) 89vw, (max-width: 1000px) 54vw, (max-width: 1071px) 543px, 580px\" \/><\/figure><\/li><li class=\"blocks-gallery-item\"><figure><img decoding=\"async\" loading=\"lazy\" width=\"1024\" height=\"575\" src=\"https:\/\/www.be-mhi.fr\/wp-content\/uploads\/2020\/08\/3918_6-1024x575.png\" alt=\"\" data-id=\"1602\" data-full-url=\"https:\/\/www.be-mhi.fr\/wp-content\/uploads\/2020\/08\/3918_6.png\" data-link=\"https:\/\/www.be-mhi.fr\/?attachment_id=1602\" class=\"wp-image-1602\" srcset=\"https:\/\/www.be-mhi.fr\/wp-content\/uploads\/2020\/08\/3918_6-1024x575.png 1024w, https:\/\/www.be-mhi.fr\/wp-content\/uploads\/2020\/08\/3918_6-300x169.png 300w, https:\/\/www.be-mhi.fr\/wp-content\/uploads\/2020\/08\/3918_6-768x431.png 768w, https:\/\/www.be-mhi.fr\/wp-content\/uploads\/2020\/08\/3918_6-1536x863.png 1536w, https:\/\/www.be-mhi.fr\/wp-content\/uploads\/2020\/08\/3918_6.png 1625w\" sizes=\"(max-width: 767px) 89vw, (max-width: 1000px) 54vw, (max-width: 1071px) 543px, 580px\" \/><\/figure><\/li><\/ul><\/figure>\n","protected":false},"excerpt":{"rendered":"<p>Caract\u00e9ristiques du projet Ma\u00eetre d\u2019ouvrage\u00a0: Fondation Vincent de PaulArchitecte\u00a0: GKGNature des travaux : Restructuration et extensionMissions exerc\u00e9es : Ing\u00e9nierie des structures\u00a0Co\u00fbt des travaux : 3 924 200 \u20ac H.T.Surface : 3 260 m\u00b2Lieu de r\u00e9alisation : 1 Rue de l&rsquo;H\u00f4pital, 57370 PhalsbourgAnn\u00e9e de r\u00e9alisation : En cours<\/p>\n","protected":false},"author":8,"featured_media":0,"parent":1328,"menu_order":0,"comment_status":"closed","ping_status":"closed","template":"","meta":{"footnotes":""},"_links":{"self":[{"href":"https:\/\/www.be-mhi.fr\/index.php?rest_route=\/wp\/v2\/pages\/1587"}],"collection":[{"href":"https:\/\/www.be-mhi.fr\/index.php?rest_route=\/wp\/v2\/pages"}],"about":[{"href":"https:\/\/www.be-mhi.fr\/index.php?rest_route=\/wp\/v2\/types\/page"}],"author":[{"embeddable":true,"href":"https:\/\/www.be-mhi.fr\/index.php?rest_route=\/wp\/v2\/users\/8"}],"replies":[{"embeddable":true,"href":"https:\/\/www.be-mhi.fr\/index.php?rest_route=%2Fwp%2Fv2%2Fcomments&post=1587"}],"version-history":[{"count":1,"href":"https:\/\/www.be-mhi.fr\/index.php?rest_route=\/wp\/v2\/pages\/1587\/revisions"}],"predecessor-version":[{"id":1603,"href":"https:\/\/www.be-mhi.fr\/index.php?rest_route=\/wp\/v2\/pages\/1587\/revisions\/1603"}],"up":[{"embeddable":true,"href":"https:\/\/www.be-mhi.fr\/index.php?rest_route=\/wp\/v2\/pages\/1328"}],"wp:attachment":[{"href":"https:\/\/www.be-mhi.fr\/index.php?rest_route=%2Fwp%2Fv2%2Fmedia&parent=1587"}],"curies":[{"name":"wp","href":"https:\/\/api.w.org\/{rel}","templated":true}]}}