{"id":1699,"date":"2020-08-31T15:48:45","date_gmt":"2020-08-31T14:48:45","guid":{"rendered":"http:\/\/www.be-mhi.fr\/?page_id=1699"},"modified":"2020-08-31T15:56:20","modified_gmt":"2020-08-31T14:56:20","slug":"projet-feerix-extension-des-locaux-critt-aerial","status":"publish","type":"page","link":"https:\/\/www.be-mhi.fr\/?page_id=1699","title":{"rendered":"Projet FEERIX &#8211; Extension des locaux CRITT AERIAL"},"content":{"rendered":"<p><span style=\"color: #808080;\"><em>Caract\u00e9ristiques du projet<\/em><\/span><\/p>\n<hr \/>\n<p><strong>Ma\u00eetre d\u2019ouvrage\u00a0: <\/strong>Grand Est Strasbourg<strong><br \/>Architecte :<\/strong> ANTONELLI &amp; HERRY<br \/><strong>Nature des travaux : <\/strong>Construction neuve\u00a0<strong><br \/>Missions exerc\u00e9es : <\/strong>Ing\u00e9nierie des structures<strong><br \/>Co\u00fbt des travaux :<\/strong> 2 050 000 \u20ac H.T.<strong><br \/>Surface : <\/strong>570 m\u00b2\u00a0<br \/><strong>Lieu de r\u00e9alisation : <\/strong>250 Rue Laurent Fries, 67400 Illkirch-Graffenstaden<strong><br \/>Ann\u00e9es de r\u00e9alisation : <\/strong>2019<\/p>\n\n\n<figure class=\"wp-block-video aligncenter\"><\/figure>\n\n\n\n<figure class=\"wp-block-gallery columns-1 is-cropped wp-block-gallery-1 is-layout-flex wp-block-gallery-is-layout-flex\"><ul class=\"blocks-gallery-grid\"><li class=\"blocks-gallery-item\"><figure><img decoding=\"async\" loading=\"lazy\" width=\"1000\" height=\"667\" src=\"https:\/\/www.be-mhi.fr\/wp-content\/uploads\/2020\/08\/DJE_9433.jpg\" alt=\"\" data-id=\"1700\" data-full-url=\"https:\/\/www.be-mhi.fr\/wp-content\/uploads\/2020\/08\/DJE_9433.jpg\" data-link=\"https:\/\/www.be-mhi.fr\/?attachment_id=1700\" class=\"wp-image-1700\" srcset=\"https:\/\/www.be-mhi.fr\/wp-content\/uploads\/2020\/08\/DJE_9433.jpg 1000w, https:\/\/www.be-mhi.fr\/wp-content\/uploads\/2020\/08\/DJE_9433-300x200.jpg 300w, https:\/\/www.be-mhi.fr\/wp-content\/uploads\/2020\/08\/DJE_9433-768x512.jpg 768w\" sizes=\"(max-width: 767px) 89vw, (max-width: 1000px) 54vw, (max-width: 1071px) 543px, 580px\" \/><figcaption class=\"blocks-gallery-item__caption\">alain strasser<\/figcaption><\/figure><\/li><\/ul><\/figure>\n\n\n\n<figure class=\"wp-block-gallery columns-2 is-cropped wp-block-gallery-3 is-layout-flex wp-block-gallery-is-layout-flex\"><ul class=\"blocks-gallery-grid\"><li class=\"blocks-gallery-item\"><figure><img decoding=\"async\" loading=\"lazy\" width=\"831\" height=\"396\" src=\"https:\/\/www.be-mhi.fr\/wp-content\/uploads\/2020\/08\/2-2.jpg\" alt=\"\" data-id=\"1701\" data-full-url=\"https:\/\/www.be-mhi.fr\/wp-content\/uploads\/2020\/08\/2-2.jpg\" data-link=\"https:\/\/www.be-mhi.fr\/?attachment_id=1701\" class=\"wp-image-1701\" srcset=\"https:\/\/www.be-mhi.fr\/wp-content\/uploads\/2020\/08\/2-2.jpg 831w, https:\/\/www.be-mhi.fr\/wp-content\/uploads\/2020\/08\/2-2-300x143.jpg 300w, https:\/\/www.be-mhi.fr\/wp-content\/uploads\/2020\/08\/2-2-768x366.jpg 768w\" sizes=\"(max-width: 767px) 89vw, (max-width: 1000px) 54vw, (max-width: 1071px) 543px, 580px\" \/><\/figure><\/li><li class=\"blocks-gallery-item\"><figure><img decoding=\"async\" loading=\"lazy\" width=\"1024\" height=\"436\" src=\"https:\/\/www.be-mhi.fr\/wp-content\/uploads\/2020\/08\/ext2-1024x436.jpg\" alt=\"\" data-id=\"1702\" data-full-url=\"https:\/\/www.be-mhi.fr\/wp-content\/uploads\/2020\/08\/ext2-scaled.jpg\" data-link=\"https:\/\/www.be-mhi.fr\/?attachment_id=1702\" class=\"wp-image-1702\" srcset=\"https:\/\/www.be-mhi.fr\/wp-content\/uploads\/2020\/08\/ext2-1024x436.jpg 1024w, https:\/\/www.be-mhi.fr\/wp-content\/uploads\/2020\/08\/ext2-300x128.jpg 300w, https:\/\/www.be-mhi.fr\/wp-content\/uploads\/2020\/08\/ext2-768x327.jpg 768w, https:\/\/www.be-mhi.fr\/wp-content\/uploads\/2020\/08\/ext2-1536x655.jpg 1536w, https:\/\/www.be-mhi.fr\/wp-content\/uploads\/2020\/08\/ext2-2048x873.jpg 2048w\" sizes=\"(max-width: 767px) 89vw, (max-width: 1000px) 54vw, (max-width: 1071px) 543px, 580px\" \/><\/figure><\/li><li class=\"blocks-gallery-item\"><figure><img decoding=\"async\" loading=\"lazy\" width=\"1024\" height=\"894\" src=\"https:\/\/www.be-mhi.fr\/wp-content\/uploads\/2020\/08\/ext-jardin-1-1024x894.jpg\" alt=\"\" data-id=\"1704\" data-full-url=\"https:\/\/www.be-mhi.fr\/wp-content\/uploads\/2020\/08\/ext-jardin-1-scaled.jpg\" data-link=\"https:\/\/www.be-mhi.fr\/?attachment_id=1704\" class=\"wp-image-1704\" srcset=\"https:\/\/www.be-mhi.fr\/wp-content\/uploads\/2020\/08\/ext-jardin-1-1024x894.jpg 1024w, https:\/\/www.be-mhi.fr\/wp-content\/uploads\/2020\/08\/ext-jardin-1-300x262.jpg 300w, https:\/\/www.be-mhi.fr\/wp-content\/uploads\/2020\/08\/ext-jardin-1-768x670.jpg 768w, https:\/\/www.be-mhi.fr\/wp-content\/uploads\/2020\/08\/ext-jardin-1-1536x1340.jpg 1536w, https:\/\/www.be-mhi.fr\/wp-content\/uploads\/2020\/08\/ext-jardin-1-2048x1787.jpg 2048w\" sizes=\"(max-width: 767px) 89vw, (max-width: 1000px) 54vw, (max-width: 1071px) 543px, 580px\" \/><\/figure><\/li><\/ul><\/figure>\n","protected":false},"excerpt":{"rendered":"<p>Caract\u00e9ristiques du projet Ma\u00eetre d\u2019ouvrage\u00a0: Grand Est StrasbourgArchitecte : ANTONELLI &amp; HERRYNature des travaux : Construction neuve\u00a0Missions exerc\u00e9es : Ing\u00e9nierie des structuresCo\u00fbt des travaux : 2 050 000 \u20ac H.T.Surface : 570 m\u00b2\u00a0Lieu de r\u00e9alisation : 250 Rue Laurent Fries, 67400 Illkirch-GraffenstadenAnn\u00e9es de r\u00e9alisation : 2019<\/p>\n","protected":false},"author":8,"featured_media":0,"parent":1326,"menu_order":0,"comment_status":"closed","ping_status":"closed","template":"","meta":{"footnotes":""},"_links":{"self":[{"href":"https:\/\/www.be-mhi.fr\/index.php?rest_route=\/wp\/v2\/pages\/1699"}],"collection":[{"href":"https:\/\/www.be-mhi.fr\/index.php?rest_route=\/wp\/v2\/pages"}],"about":[{"href":"https:\/\/www.be-mhi.fr\/index.php?rest_route=\/wp\/v2\/types\/page"}],"author":[{"embeddable":true,"href":"https:\/\/www.be-mhi.fr\/index.php?rest_route=\/wp\/v2\/users\/8"}],"replies":[{"embeddable":true,"href":"https:\/\/www.be-mhi.fr\/index.php?rest_route=%2Fwp%2Fv2%2Fcomments&post=1699"}],"version-history":[{"count":3,"href":"https:\/\/www.be-mhi.fr\/index.php?rest_route=\/wp\/v2\/pages\/1699\/revisions"}],"predecessor-version":[{"id":1708,"href":"https:\/\/www.be-mhi.fr\/index.php?rest_route=\/wp\/v2\/pages\/1699\/revisions\/1708"}],"up":[{"embeddable":true,"href":"https:\/\/www.be-mhi.fr\/index.php?rest_route=\/wp\/v2\/pages\/1326"}],"wp:attachment":[{"href":"https:\/\/www.be-mhi.fr\/index.php?rest_route=%2Fwp%2Fv2%2Fmedia&parent=1699"}],"curies":[{"name":"wp","href":"https:\/\/api.w.org\/{rel}","templated":true}]}}