{"id":1747,"date":"2023-08-25T08:39:37","date_gmt":"2023-08-25T07:39:37","guid":{"rendered":"https:\/\/www.be-mhi.fr\/?page_id=1747"},"modified":"2023-08-25T08:40:13","modified_gmt":"2023-08-25T07:40:13","slug":"restructuration-et-extension-du-lycee-dominique-labroise-a-sarrebourg","status":"publish","type":"page","link":"https:\/\/www.be-mhi.fr\/?page_id=1747","title":{"rendered":"Restructuration et extension du lyc\u00e9e Dominique Labroise \u00e0 Sarrebourg"},"content":{"rendered":"\n<p><em>Caract\u00e9ristiques du projet<\/em><\/p>\n\n\n\n<hr class=\"wp-block-separator has-alpha-channel-opacity\"\/>\n\n\n\n<p><strong>Ma\u00eetre d\u2019ouvrage\u00a0<\/strong>: R\u00e9gion GRAND-EST <br><strong>Ma\u00eetre d&rsquo;Ouvrage d\u00e9l\u00e9gu\u00e9: <\/strong>SOLOREM<br><strong>Architecte mandataire\u00a0:<\/strong>\u00a0<a href=\"https:\/\/www.arxarchitecture.com\/projects-item\/restructuration-extension-du-lycee-professionnel-dominique-labroise\/\" data-type=\"link\" data-id=\"https:\/\/www.arxarchitecture.com\/projects-item\/restructuration-extension-du-lycee-professionnel-dominique-labroise\/\">ARX Architecture &#8211; M. Pierre VALANTIN<\/a><br><strong>Architectes associ\u00e9s : <\/strong>DGH<br><strong>Nature des travaux :<\/strong>\u00a0Construction neuve et restructuration<br><strong>Missions exerc\u00e9es<\/strong>\u00a0: Ing\u00e9nierie g\u00e9n\u00e9rale &#8211; Assistance locale HQE<br><strong>Co\u00fbt des travaux :<\/strong>\u00a015 000 000\u20ac H.T.<br><strong>Surface<\/strong>\u00a0: 8 677 m\u00b2<br><strong>Lieu de r\u00e9alisation :<\/strong>\u00a0Sarrebourg (57)<br><strong>Ann\u00e9es de r\u00e9alisation :<\/strong>\u00a0Livraison pr\u00e9visionnelle 2028<\/p>\n\n\n\n<figure class=\"wp-block-image size-large\"><a href=\"https:\/\/www.be-mhi.fr\/wp-content\/uploads\/2023\/08\/LYLA_Panneaux-presentation-APD-01-scaled-5.jpg\"><img decoding=\"async\" loading=\"lazy\" width=\"1024\" height=\"724\" src=\"https:\/\/www.be-mhi.fr\/wp-content\/uploads\/2023\/08\/LYLA_Panneaux-presentation-APD-01-scaled-5-1024x724.jpg\" alt=\"\" class=\"wp-image-1762\" srcset=\"https:\/\/www.be-mhi.fr\/wp-content\/uploads\/2023\/08\/LYLA_Panneaux-presentation-APD-01-scaled-5-1024x724.jpg 1024w, https:\/\/www.be-mhi.fr\/wp-content\/uploads\/2023\/08\/LYLA_Panneaux-presentation-APD-01-scaled-5-300x212.jpg 300w, https:\/\/www.be-mhi.fr\/wp-content\/uploads\/2023\/08\/LYLA_Panneaux-presentation-APD-01-scaled-5-768x543.jpg 768w, https:\/\/www.be-mhi.fr\/wp-content\/uploads\/2023\/08\/LYLA_Panneaux-presentation-APD-01-scaled-5-1536x1086.jpg 1536w, https:\/\/www.be-mhi.fr\/wp-content\/uploads\/2023\/08\/LYLA_Panneaux-presentation-APD-01-scaled-5-2048x1448.jpg 2048w\" sizes=\"(max-width: 767px) 89vw, (max-width: 1000px) 54vw, (max-width: 1071px) 543px, 580px\" \/><\/a><\/figure>\n\n\n\n<figure class=\"wp-block-image size-large\"><a href=\"https:\/\/www.be-mhi.fr\/wp-content\/uploads\/2023\/08\/LYLA_Panneaux-presentation-APD-02-scaled-5.jpg\"><img decoding=\"async\" loading=\"lazy\" width=\"1024\" height=\"724\" src=\"https:\/\/www.be-mhi.fr\/wp-content\/uploads\/2023\/08\/LYLA_Panneaux-presentation-APD-02-scaled-5-1024x724.jpg\" alt=\"\" class=\"wp-image-1763\" srcset=\"https:\/\/www.be-mhi.fr\/wp-content\/uploads\/2023\/08\/LYLA_Panneaux-presentation-APD-02-scaled-5-1024x724.jpg 1024w, https:\/\/www.be-mhi.fr\/wp-content\/uploads\/2023\/08\/LYLA_Panneaux-presentation-APD-02-scaled-5-300x212.jpg 300w, https:\/\/www.be-mhi.fr\/wp-content\/uploads\/2023\/08\/LYLA_Panneaux-presentation-APD-02-scaled-5-768x543.jpg 768w, https:\/\/www.be-mhi.fr\/wp-content\/uploads\/2023\/08\/LYLA_Panneaux-presentation-APD-02-scaled-5-1536x1086.jpg 1536w, https:\/\/www.be-mhi.fr\/wp-content\/uploads\/2023\/08\/LYLA_Panneaux-presentation-APD-02-scaled-5-2048x1448.jpg 2048w\" sizes=\"(max-width: 767px) 89vw, (max-width: 1000px) 54vw, (max-width: 1071px) 543px, 580px\" \/><\/a><\/figure>\n\n\n\n<figure class=\"wp-block-image size-large\"><a href=\"https:\/\/www.be-mhi.fr\/wp-content\/uploads\/2023\/08\/LYLA_Panneaux-presentation-APD-03-scaled-5.jpg\"><img decoding=\"async\" loading=\"lazy\" width=\"1024\" height=\"724\" src=\"https:\/\/www.be-mhi.fr\/wp-content\/uploads\/2023\/08\/LYLA_Panneaux-presentation-APD-03-scaled-5-1024x724.jpg\" alt=\"\" class=\"wp-image-1764\" srcset=\"https:\/\/www.be-mhi.fr\/wp-content\/uploads\/2023\/08\/LYLA_Panneaux-presentation-APD-03-scaled-5-1024x724.jpg 1024w, https:\/\/www.be-mhi.fr\/wp-content\/uploads\/2023\/08\/LYLA_Panneaux-presentation-APD-03-scaled-5-300x212.jpg 300w, https:\/\/www.be-mhi.fr\/wp-content\/uploads\/2023\/08\/LYLA_Panneaux-presentation-APD-03-scaled-5-768x543.jpg 768w, https:\/\/www.be-mhi.fr\/wp-content\/uploads\/2023\/08\/LYLA_Panneaux-presentation-APD-03-scaled-5-1536x1086.jpg 1536w, https:\/\/www.be-mhi.fr\/wp-content\/uploads\/2023\/08\/LYLA_Panneaux-presentation-APD-03-scaled-5-2048x1448.jpg 2048w\" sizes=\"(max-width: 767px) 89vw, (max-width: 1000px) 54vw, (max-width: 1071px) 543px, 580px\" \/><\/a><\/figure>\n","protected":false},"excerpt":{"rendered":"<p>Caract\u00e9ristiques du projet Ma\u00eetre d\u2019ouvrage\u00a0: R\u00e9gion GRAND-EST Ma\u00eetre d&rsquo;Ouvrage d\u00e9l\u00e9gu\u00e9: SOLOREMArchitecte mandataire\u00a0:\u00a0ARX Architecture &#8211; M. Pierre VALANTINArchitectes associ\u00e9s : DGHNature des travaux :\u00a0Construction neuve et restructurationMissions exerc\u00e9es\u00a0: Ing\u00e9nierie g\u00e9n\u00e9rale &#8211; Assistance locale HQECo\u00fbt des travaux :\u00a015 000 000\u20ac H.T.Surface\u00a0: 8 677 m\u00b2Lieu de r\u00e9alisation :\u00a0Sarrebourg (57)Ann\u00e9es de r\u00e9alisation :\u00a0Livraison pr\u00e9visionnelle 2028<\/p>\n","protected":false},"author":8,"featured_media":0,"parent":1325,"menu_order":0,"comment_status":"closed","ping_status":"closed","template":"","meta":{"footnotes":""},"_links":{"self":[{"href":"https:\/\/www.be-mhi.fr\/index.php?rest_route=\/wp\/v2\/pages\/1747"}],"collection":[{"href":"https:\/\/www.be-mhi.fr\/index.php?rest_route=\/wp\/v2\/pages"}],"about":[{"href":"https:\/\/www.be-mhi.fr\/index.php?rest_route=\/wp\/v2\/types\/page"}],"author":[{"embeddable":true,"href":"https:\/\/www.be-mhi.fr\/index.php?rest_route=\/wp\/v2\/users\/8"}],"replies":[{"embeddable":true,"href":"https:\/\/www.be-mhi.fr\/index.php?rest_route=%2Fwp%2Fv2%2Fcomments&post=1747"}],"version-history":[{"count":1,"href":"https:\/\/www.be-mhi.fr\/index.php?rest_route=\/wp\/v2\/pages\/1747\/revisions"}],"predecessor-version":[{"id":1766,"href":"https:\/\/www.be-mhi.fr\/index.php?rest_route=\/wp\/v2\/pages\/1747\/revisions\/1766"}],"up":[{"embeddable":true,"href":"https:\/\/www.be-mhi.fr\/index.php?rest_route=\/wp\/v2\/pages\/1325"}],"wp:attachment":[{"href":"https:\/\/www.be-mhi.fr\/index.php?rest_route=%2Fwp%2Fv2%2Fmedia&parent=1747"}],"curies":[{"name":"wp","href":"https:\/\/api.w.org\/{rel}","templated":true}]}}