{"id":32,"date":"2013-09-30T15:24:27","date_gmt":"2013-09-30T14:24:27","guid":{"rendered":"http:\/\/127.0.0.1\/wordpress\/?page_id=32"},"modified":"2020-08-18T14:41:33","modified_gmt":"2020-08-18T13:41:33","slug":"a-propos","status":"publish","type":"page","link":"https:\/\/www.be-mhi.fr\/?page_id=32","title":{"rendered":"A propos"},"content":{"rendered":"<h3>MENTIONS L\u00c9GALES<\/h3>\n<p>Ce site est \u00e9dit\u00e9 et vous est propos\u00e9 par M.H. Ing\u00e9nierie, soci\u00e9t\u00e9 au capital de 10.000,00 \u20ac dont le si\u00e8ge social est 10 Place Kl\u00e9ber 67000 STRASBOURG, immatricul\u00e9e au registre du Commerce et des Soci\u00e9t\u00e9s de Strasbourg sous le num\u00e9ro TI 453 840 985.<\/p>\n<p>Ce site a \u00e9t\u00e9 con\u00e7u et d\u00e9velopp\u00e9 et est h\u00e9berg\u00e9 par la soci\u00e9t\u00e9 M.H. ING\u00c9NIERIE, soci\u00e9t\u00e9 \u00e0 responsabilit\u00e9 limit\u00e9e, au capital de 10 000 \u20ac, dont le si\u00e8ge social est 10 Place Kl\u00e9ber 67000 STRASBOURG, immatricul\u00e9e au Registre du Commerce et des Soci\u00e9t\u00e9s de Strasbourg sous le num\u00e9ro TI 453 840 985<\/p>\n<p><b>Pr\u00e9sentation du site<\/b><br \/>\nLe site a pour vocation de vous fournir des informations sur la soci\u00e9t\u00e9 M.H. Ing\u00e9nierie et des liens vers diff\u00e9rents sites internet. Le site est la propri\u00e9t\u00e9 de la soci\u00e9t\u00e9 M.H. Ing\u00e9nierie.<br \/>\nSon Directeur de publication est Huber Marc.<\/p>\n<p><b>Respect des droits de propri\u00e9t\u00e9 et marques<\/b><br \/>\nL&rsquo;ensemble des \u00e9l\u00e9ments que vous voyez, que vous \u00e9coutez ou que vous lisez sur le site ainsi que le site est prot\u00e9g\u00e9 par la l\u00e9gislation sur le droit d&rsquo;auteur. Vous ne pouvez en aucun cas utiliser, distribuer, copier, reproduire, modifier, d\u00e9naturer ou transmettre le site ou des \u00e9l\u00e9ments du site, tels que textes, images ou sons sans l&rsquo;autorisation \u00e9crite et pr\u00e9alable de M.H. Ing\u00e9nierie. Les marques et logos figurant sur le site, sont la propri\u00e9t\u00e9 de M.H. Ing\u00e9nierie ou font l&rsquo;objet d&rsquo;une autorisation d&rsquo;utilisation. Aucun droit ou licence ne saurait \u00eatre attribu\u00e9 sur l&rsquo;un quelconque de ces \u00e9l\u00e9ments sans l&rsquo;autorisation \u00e9crite de MH Ing\u00e9nierie ou du tiers, d\u00e9tenteur des droits sur la marque ou logo figurant sur le site. M.H. Ing\u00e9nierie se r\u00e9serve le droit de poursuivre tout acte de contrefa\u00e7on de ses droits de propri\u00e9t\u00e9 intellectuelle, y compris dans le cadre d&rsquo;une action p\u00e9nale.<\/p>\n<p><b>Respect des images<\/b><br \/>\nLes images ou photographies de personnes ou de lieux figurant sur le site, sont la propri\u00e9t\u00e9 de M.H. Ing\u00e9nierie et\/ou sont utilis\u00e9es par M.H. Ing\u00e9nierie avec l&rsquo;accord des titulaires des droits. L&rsquo;utilisation de ces images ou photographies est interdite sans autorisation sp\u00e9cifique et expresse de M.H. Ing\u00e9nierie. Toute utilisation non autoris\u00e9e peut entra\u00eener une violation des droits d&rsquo;auteur, des droits \u00e0 l&rsquo;image, des droits des personnes ou de toutes autres r\u00e9glementations applicables aux communications ou \u00e0 la publicit\u00e9.<\/p>\n<p><b>Mise en garde g\u00e9n\u00e9rale<\/b><br \/>\nM.H. Ing\u00e9nierie ne saurait \u00eatre responsable des dommages qui pourraient r\u00e9sulter de l&rsquo;acc\u00e8s ou de l&rsquo;utilisation du site, incluant toutes d\u00e9t\u00e9riorations ou virus qui pourraient infecter votre \u00e9quipement informatique ou tout autre bien. Bien que M.H. Ing\u00e9nierie s&rsquo;efforce raisonnablement de mettre \u00e0 jour les informations pr\u00e9cises publi\u00e9es sur le site, M.H. Ing\u00e9nierie ne saurait \u00eatre tenue pour responsable de toute erreur ou omission.<\/p>\n<p><b>Exclusion de responsabilit\u00e9 et indemnisation <\/b><br \/>\nM.H. Ing\u00e9nierie ou toute autre partie intervenant en relation avec le site ne saurait \u00eatre responsable, des dommages directs, indirects ou autres, qui pourraient r\u00e9sulter de l&rsquo;acc\u00e8s ou de l&rsquo;utilisation du site ou des informations y figurant. Vous indemniserez, d\u00e9fendrez et pr\u00e9serverez M.H. Ing\u00e9nierie et ses filiales, ainsi que ses administrateurs, dirigeants, salari\u00e9s, repr\u00e9sentants, d\u00e9tenteurs de licences ou quiconque impliqu\u00e9 dans la cr\u00e9ation, production et distribution du site, contre toute demande, responsabilit\u00e9, frais et d\u00e9pens r\u00e9sultant de votre violation des pr\u00e9sentes conditions d&rsquo;utilisation ou en relation avec votre usage du site.<\/p>\n<p><b>Informations personnelles<\/b><br \/>\nPar informations personnelles, il est entendu \u00ab\u00a0les informations qui permettent, sous quelque forme que ce soit, directement ou non, l&rsquo;identification des personnes physiques auxquelles elles s&rsquo;appliquent\u00a0\u00bb (Extrait de l&rsquo;article 4 de la loi n\u00b0 78-17 du 6 janvier 1978).<br \/>\nIl s&rsquo;agit par exemple :<br \/>\n&#8211; d&rsquo;un nom,<br \/>\n&#8211; d&rsquo;une adresse postale,<br \/>\n&#8211; d&rsquo;un num\u00e9ro de t\u00e9l\u00e9phone,<br \/>\n&#8211; d&rsquo;une adresse \u00e9lectronique.<br \/>\nLa technique qui permet la configuration automatique du site au moment de votre connexion et la pr\u00e9s\u00e9lection d&rsquo;informations est celle des cookies.<br \/>\nCela signifie que la configuration du site est li\u00e9e \u00e0 votre ordinateur et que donc toutes les personnes utilisant votre ordinateur ont un site configur\u00e9 de fa\u00e7on identique.<\/p>\n<p><b>Utilisation de vos donn\u00e9es personnelles &#8211; Communication \u00e0 des tiers<\/b><br \/>\nEn utilisant ce site, vous consentez \u00e0 l&rsquo;utilisation par notre site des donn\u00e9es personnelles vous concernant, que vous avez communiqu\u00e9 ou qui sont collect\u00e9es via le fonctionnement du site. Ces donn\u00e9es sont n\u00e9cessaires pour vous adresser notamment des newsletters et vous permettre de b\u00e9n\u00e9ficier de certains services offerts par ce site.<br \/>\nEn vertu de la loi du 6 janvier 1978, vous b\u00e9n\u00e9ficiez d&rsquo;un droit d&rsquo;acc\u00e8s, de rectification ou d&rsquo;opposition sur les donn\u00e9es nominatives collect\u00e9es qui vous concernent. Ces droits peuvent \u00eatre exerc\u00e9s en nous adressant un mail \u00e0 l\u2019adresse secretariat@be-mhi.fr ou par courrier adress\u00e9 \u00e0 10 place Kl\u00e9ber 67000 Strasbourg.<br \/>\nNous vous pr\u00e9cisons que nous collectons de mani\u00e8re automatique via le fonctionnement du site, des informations concernant notamment les pages du site qui vous int\u00e9ressent le plus, ceci de mani\u00e8re \u00e0 \u00e9tablir \u00e0 partir de ces informations des analyses et des statistiques afin de mieux conna\u00eetre vos souhaits et vos centres d&rsquo;int\u00e9r\u00eats. Nous pourrons ainsi et sous r\u00e9serve de ce qui suit, vous adresser des informations cibl\u00e9es en fonction de vos centres d&rsquo;int\u00e9r\u00eats. Il se peut que nous utilisions \u00e0 cet effet des cookies.<br \/>\nNous pouvons communiquer, \u00e0 l&rsquo;exception de votre adresse e-mail, les donn\u00e9es personnelles ainsi collect\u00e9es \u00e0 tous tiers de notre choix, tels que nos prestataires ou fournisseurs qui concourent \u00e0 la fourniture des services propos\u00e9s. La communication de ces informations aupr\u00e8s des ces fournisseurs et prestataires peut \u00eatre n\u00e9cessaire \u00e0 la r\u00e9alisation des prestations. Vous pouvez vous opposer express\u00e9ment \u00e0 la communication de vos donn\u00e9es \u00e0 des tiers, par e-mail et\/ou par courrier adress\u00e9 \u00e0 M.H. Ing\u00e9nierie.<\/p>\n<p><b>Concernant votre adresse e-mail<\/b><br \/>\nEn nous communiquant votre adresse e-mail, le site M.H. Ing\u00e9nierie se r\u00e9serve la possibilit\u00e9 de vous adresser par voie de e-mail, des newsletters et toute information concernant nos produits et nos services. Si vous ne souhaitez pas recevoir de tels messages, vous pouvez \u00e0 tout moment vous d\u00e9sabonner en cliquant sur le lien pr\u00e9vu \u00e0 cet effet, pr\u00e9sent lors de chaque envoi de newsletter.<br \/>\nPar ailleurs, nous pourrons transmettre votre adresse e-mail au profit de tiers susceptibles de vous adresser par e-mail des messages non sollicit\u00e9s susceptibles de vous int\u00e9resser. A tout moment vous pouvez nous contacter notamment par voie de e-mail pour nous demander l&rsquo;arr\u00eat d&rsquo;une telle communication de votre adresse e-mail.<br \/>\nConform\u00e9ment au droit fran\u00e7ais, ces informations pourront \u00eatre d\u00e9voil\u00e9e par M.H. Ing\u00e9nierie \u00e0 toute personne physique, morale ou entit\u00e9 administrative qui aurait la facult\u00e9 de l&rsquo;exiger.<br \/>\nEnfin, M.H. Ing\u00e9nierie cr\u00e9e \u00e0 partir des donn\u00e9es utilisateurs (informations nominatives ou non) des analyses statistiques pour ses propres besoins. Ces donn\u00e9es r\u00e9sultant de ces analyses \u00e9tant agr\u00e9g\u00e9es et donc totalement anonymes, M.H. Ing\u00e9nierie se permettra \u00e9ventuellement de les c\u00e9der ou de les vendre \u00e0 des tiers.<\/p>\n<p><b>Liens Externes<\/b><br \/>\nMH Ing\u00e9nierie propose des liens depuis son site vers d&rsquo;autres sites affili\u00e9s et non-affili\u00e9s. Ces sites sont ind\u00e9pendants du site. M.H. Ing\u00e9nierie n&rsquo;\u00e9dite pas et ne contr\u00f4le pas ces sites. Les liens vers tous sites ne constituent, en aucun cas, une approbation ou un partenariat entre M.H. Ing\u00e9nierie et ces sites. D\u00e8s lors, M.H. Ing\u00e9nierie ne saurait \u00eatre responsable de leurs contenus, leurs produits, leurs publicit\u00e9s ou tous \u00e9l\u00e9ments ou services pr\u00e9sent\u00e9s sur ces sites. Nous vous rappelons que les sites affili\u00e9s ou non-affili\u00e9s sont soumis \u00e0 leurs propres conditions d&rsquo;utilisation et politiques de protection de la vie priv\u00e9e.<\/p>\n<p><b>Droit applicable<\/b><br \/>\nLe pr\u00e9sent site est soumis au droit fran\u00e7ais.<\/p>\n<p><b>Modification des conditions<\/b><br \/>\nM.H. Ing\u00e9nierie se r\u00e9serve le droit de modifier ou de fa\u00e7on plus g\u00e9n\u00e9rale, d&rsquo;actualiser les pr\u00e9sentes conditions g\u00e9n\u00e9rales \u00e0 tout moment et sans pr\u00e9avis. C&rsquo;est pourquoi nous vous invitons \u00e0 les consulter r\u00e9guli\u00e8rement.<\/p>\n<p>Derni\u00e8re modification le 20 d\u00e9cembre 2013<\/p>\n<p><b>Comment nous contacter si vous avez des questions sur cette charte ?<\/b><br \/>\nCette charte ayant pour objet de prot\u00e9ger votre vie priv\u00e9e, nous vous remercions de nous faire part de vos souhaits et de vos commentaires.<br \/>\nS&rsquo;il vous semblait que vos donn\u00e9es n&rsquo;\u00e9taient pas trait\u00e9es selon vos souhaits lors de votre passage sur ce site, nous vous remercions de bien vouloir nous l\u2019indiquer. Nous vous r\u00e9pondrons dans les meilleurs d\u00e9lais.<br \/>\nSi dans l&rsquo;avenir vous ne souhaitez pas \u00eatre contact\u00e9 suite \u00e0 une visite sur le site M.H. Ing\u00e9nierie, \u00e9crivez-nous au 10 Place Kl\u00e9ber 67000 Strasbourg ou par e-mail secretariat@be-mhi.fr.<br \/>\nSi vous souhaitez v\u00e9rifier, corriger ou mettre \u00e0 jour une information nominative que vous nous auriez communiqu\u00e9e, \u00e9crivez-nous. M.H. Ing\u00e9nierie fera tout son possible pour r\u00e9pondre \u00e0 vos attentes.<\/p>\n","protected":false},"excerpt":{"rendered":"<p>MENTIONS L\u00c9GALES Ce site est \u00e9dit\u00e9 et vous est propos\u00e9 par M.H. Ing\u00e9nierie, soci\u00e9t\u00e9 au capital de 10.000,00 \u20ac dont le si\u00e8ge social est 10 Place Kl\u00e9ber 67000 STRASBOURG, immatricul\u00e9e au registre du Commerce et des Soci\u00e9t\u00e9s de Strasbourg sous le num\u00e9ro TI 453 840 985. Ce site a \u00e9t\u00e9 con\u00e7u et d\u00e9velopp\u00e9 et est &hellip; <\/p>\n<p class=\"link-more\"><a href=\"https:\/\/www.be-mhi.fr\/?page_id=32\" class=\"more-link\">Continue reading<span class=\"screen-reader-text\"> \u00ab\u00a0A propos\u00a0\u00bb<\/span><\/a><\/p>\n","protected":false},"author":1,"featured_media":0,"parent":0,"menu_order":10,"comment_status":"closed","ping_status":"closed","template":"","meta":{"footnotes":""},"_links":{"self":[{"href":"https:\/\/www.be-mhi.fr\/index.php?rest_route=\/wp\/v2\/pages\/32"}],"collection":[{"href":"https:\/\/www.be-mhi.fr\/index.php?rest_route=\/wp\/v2\/pages"}],"about":[{"href":"https:\/\/www.be-mhi.fr\/index.php?rest_route=\/wp\/v2\/types\/page"}],"author":[{"embeddable":true,"href":"https:\/\/www.be-mhi.fr\/index.php?rest_route=\/wp\/v2\/users\/1"}],"replies":[{"embeddable":true,"href":"https:\/\/www.be-mhi.fr\/index.php?rest_route=%2Fwp%2Fv2%2Fcomments&post=32"}],"version-history":[{"count":5,"href":"https:\/\/www.be-mhi.fr\/index.php?rest_route=\/wp\/v2\/pages\/32\/revisions"}],"predecessor-version":[{"id":848,"href":"https:\/\/www.be-mhi.fr\/index.php?rest_route=\/wp\/v2\/pages\/32\/revisions\/848"}],"wp:attachment":[{"href":"https:\/\/www.be-mhi.fr\/index.php?rest_route=%2Fwp%2Fv2%2Fmedia&parent=32"}],"curies":[{"name":"wp","href":"https:\/\/api.w.org\/{rel}","templated":true}]}}