{"id":35,"date":"2013-10-01T08:23:16","date_gmt":"2013-10-01T07:23:16","guid":{"rendered":"http:\/\/127.0.0.1\/wordpress\/?page_id=35"},"modified":"2020-08-31T12:24:27","modified_gmt":"2020-08-31T11:24:27","slug":"mhi","status":"publish","type":"page","link":"https:\/\/www.be-mhi.fr\/","title":{"rendered":"Bureau d&rsquo;\u00e9tudes M.H.ing\u00e9nierie"},"content":{"rendered":"\n<p><\/p>\n\n\n<h5>Fond\u00e9 en 2004, M.H. Ing\u00e9nierie est un bureau d&rsquo;\u00e9tude sp\u00e9cialis\u00e9 en ing\u00e9nierie des structures et des fluides, en ing\u00e9nierie environnement, et \u00e9nergie et en assistance et conseils.<\/h5>\n<h5>DOMAINE D\u2019ACTIVIT\u00c9S\u00a0:\u00a0<\/h5>\n<ul>\n<li><b>\u00a0ING\u00c9NIERIE DES STRUCTURES :<\/b><br \/>&#8211; Structures b\u00e9ton \/ Structure m\u00e9talliques \/ Structures bois \/ Structures mixtes<br \/>&#8211; Diagnostics et perspectives en phase programmation<br \/>&#8211; Ma\u00eetrise d\u2019\u0153uvre compl\u00e8te avec plan d\u2019EXE des lots structures<br \/>&#8211; Expertise d\u2019\u00e9tudes de structures ou de travaux<br \/>&#8211; Ma\u00eetrise d\u2019\u0153uvre d\u2019op\u00e9rations de d\u00e9molitions<\/li>\n<li><b>ING\u00c9NIERIE FLUIDES :<\/b><br \/>&#8211; Chauffage\/Ventilation, Plomberie\/Sanitaire, Electricit\u00e9 courants forts\/courants faibles<br \/>&#8211; Diagnostics et perspectives en phase programmation<br \/>&#8211; Ma\u00eetrise d\u2019\u0153uvre compl\u00e8te avec plan d\u2019EXE des lots techniques<br \/>&#8211; Coordination SSI<\/li>\n<li><strong>ING\u00c9NIERIE ENVIRONNEMENTALE :<\/strong><br \/>&#8211; Assistance \u00e0 ma\u00eetrise d\u2019ouvrage en performance \u00e9nerg\u00e9tique et qualit\u00e9 environnementale<br \/>&#8211; \u00c9laboration de notice qualit\u00e9 environnementale<br \/>&#8211; Ma\u00eetrise d\u2019\u0153uvre d\u2019installations photovolta\u00efques<br \/>&#8211; Diagnostic qualit\u00e9 environnementale<br \/>&#8211; Agr\u00e9e Bilan Carbone<br \/>&#8211; Diagnostic de performance \u00e9nerg\u00e9tique en vue d\u2019am\u00e9lioration de l\u2019efficience \u00e9nerg\u00e9tique des b\u00e2timents<br \/>&#8211; Calculs r\u00e9glementaires et simulation thermique dynamique<br \/>&#8211; Analyse de cycle de vie<\/li>\n<\/ul>\n<p><img decoding=\"async\" loading=\"lazy\" class=\"alignnone wp-image-573\" src=\"http:\/\/www.be-mhi.fr\/wp-content\/uploads\/2013\/10\/MOYEN-RGE-300x226.png\" alt=\"\" width=\"134\" height=\"101\" srcset=\"https:\/\/www.be-mhi.fr\/wp-content\/uploads\/2013\/10\/MOYEN-RGE-300x226.png 300w, https:\/\/www.be-mhi.fr\/wp-content\/uploads\/2013\/10\/MOYEN-RGE.png 391w\" sizes=\"(max-width: 134px) 100vw, 134px\" \/><img decoding=\"async\" loading=\"lazy\" class=\"alignnone wp-image-555 \" src=\"http:\/\/www.be-mhi.fr\/wp-content\/uploads\/2013\/10\/image001.jpg\" alt=\"\" width=\"137\" height=\"54\" \/><a href=\"http:\/\/www.be-mhi.fr\/wp-content\/uploads\/2020\/08\/afps.png\"><img decoding=\"async\" loading=\"lazy\" class=\"alignnone  wp-image-1065\" src=\"http:\/\/www.be-mhi.fr\/wp-content\/uploads\/2020\/08\/afps.png\" alt=\"\" width=\"176\" height=\"85\" \/><\/a> <a href=\"http:\/\/www.be-mhi.fr\/wp-content\/uploads\/2020\/08\/BBCA.png\"><img decoding=\"async\" loading=\"lazy\" class=\"alignnone  wp-image-1066\" src=\"http:\/\/www.be-mhi.fr\/wp-content\/uploads\/2020\/08\/BBCA.png\" alt=\"\" width=\"111\" height=\"107\" \/><\/a> <a href=\"http:\/\/www.be-mhi.fr\/wp-content\/uploads\/2020\/08\/effinergie.png\"><img decoding=\"async\" loading=\"lazy\" class=\"alignnone  wp-image-1067\" src=\"http:\/\/www.be-mhi.fr\/wp-content\/uploads\/2020\/08\/effinergie.png\" alt=\"\" width=\"177\" height=\"82\" \/><\/a> <a href=\"http:\/\/www.be-mhi.fr\/wp-content\/uploads\/2020\/08\/energiecarbone.png\"><img decoding=\"async\" loading=\"lazy\" class=\"alignnone  wp-image-1068\" src=\"http:\/\/www.be-mhi.fr\/wp-content\/uploads\/2020\/08\/energiecarbone.png\" alt=\"\" width=\"119\" height=\"154\" \/><\/a><\/p>\n\n\n<p><\/p>\n","protected":false},"excerpt":{"rendered":"<p>Fond\u00e9 en 2004, M.H. Ing\u00e9nierie est un bureau d&rsquo;\u00e9tude sp\u00e9cialis\u00e9 en ing\u00e9nierie des structures et des fluides, en ing\u00e9nierie environnement, et \u00e9nergie et en assistance et conseils. DOMAINE D\u2019ACTIVIT\u00c9S\u00a0:\u00a0 \u00a0ING\u00c9NIERIE DES STRUCTURES :&#8211; Structures b\u00e9ton \/ Structure m\u00e9talliques \/ Structures bois \/ Structures mixtes&#8211; Diagnostics et perspectives en phase programmation&#8211; Ma\u00eetrise d\u2019\u0153uvre compl\u00e8te avec plan &hellip; <\/p>\n<p class=\"link-more\"><a href=\"https:\/\/www.be-mhi.fr\/\" class=\"more-link\">Continue reading<span class=\"screen-reader-text\"> \u00ab\u00a0Bureau d&rsquo;\u00e9tudes M.H.ing\u00e9nierie\u00a0\u00bb<\/span><\/a><\/p>\n","protected":false},"author":1,"featured_media":0,"parent":0,"menu_order":0,"comment_status":"closed","ping_status":"open","template":"","meta":{"footnotes":""},"_links":{"self":[{"href":"https:\/\/www.be-mhi.fr\/index.php?rest_route=\/wp\/v2\/pages\/35"}],"collection":[{"href":"https:\/\/www.be-mhi.fr\/index.php?rest_route=\/wp\/v2\/pages"}],"about":[{"href":"https:\/\/www.be-mhi.fr\/index.php?rest_route=\/wp\/v2\/types\/page"}],"author":[{"embeddable":true,"href":"https:\/\/www.be-mhi.fr\/index.php?rest_route=\/wp\/v2\/users\/1"}],"replies":[{"embeddable":true,"href":"https:\/\/www.be-mhi.fr\/index.php?rest_route=%2Fwp%2Fv2%2Fcomments&post=35"}],"version-history":[{"count":36,"href":"https:\/\/www.be-mhi.fr\/index.php?rest_route=\/wp\/v2\/pages\/35\/revisions"}],"predecessor-version":[{"id":1677,"href":"https:\/\/www.be-mhi.fr\/index.php?rest_route=\/wp\/v2\/pages\/35\/revisions\/1677"}],"wp:attachment":[{"href":"https:\/\/www.be-mhi.fr\/index.php?rest_route=%2Fwp%2Fv2%2Fmedia&parent=35"}],"curies":[{"name":"wp","href":"https:\/\/api.w.org\/{rel}","templated":true}]}}