{"id":526,"date":"2015-08-27T10:06:59","date_gmt":"2015-08-27T09:06:59","guid":{"rendered":"http:\/\/www.be-mhi.fr\/?page_id=526"},"modified":"2020-08-31T12:53:47","modified_gmt":"2020-08-31T11:53:47","slug":"ingenierie-des-fluides","status":"publish","type":"page","link":"https:\/\/www.be-mhi.fr\/?page_id=526","title":{"rendered":"Ing\u00e9nierie des fluides"},"content":{"rendered":"<ul>\n<li>\n<h4>Chauffage\/Ventilation\/Climatisation<\/h4>\n<\/li>\n<\/ul>\n<p>Les installations thermiques sont aujourd&rsquo;hui l&rsquo;un des enjeux principaux\u00a0 dans la conception du b\u00e2timent.\u00a0 En effet, l&rsquo;enjeu \u00e9nerg\u00e9tique est important, mais le confort de l&rsquo;occupant l&rsquo;est tout autant. M.H. Ing\u00e9nierie est en mesure de concevoir l&rsquo;installation qui permettra \u00e0 votre b\u00e2timent d&rsquo;\u00eatre \u00e9co-efficace, confortable, et simple \u00e0 entretenir.<\/p>\n<hr \/>\n<ul>\n<li>\n<h4>Sanitaire\/Assainissement<\/h4>\n<\/li>\n<\/ul>\n<p>On retrouve dans presque tout les b\u00e2timents les installations sanitaires n\u00e9cessaires \u00e0 l&rsquo;usage de celui-ci. N\u00e9anmoins, une installation bien \u00e9tudi\u00e9e est gage de s\u00e9curit\u00e9 et de confort pour l&rsquo;occupant et l&rsquo;exploitant. M.H. Ing\u00e9nierie dimensionne et con\u00e7oit les installations sanitaires de mani\u00e8re \u00e0 \u00e9viter les nuisances sonores, les coup de b\u00e9lier, les d\u00e9bits insuffisants ou, au contraire, trop abondants, etc.<\/p>\n<p>De m\u00eame, la bonne ma\u00eetrise des installations d&rsquo;assainissement,\u00a0 permet \u00e0 M.H. Ing\u00e9nierie &#8211; outre la conception habituelle de ce type d&rsquo;ouvrage &#8211; de proposer la r\u00e9alisation d&rsquo;installations sp\u00e9cifiques de micro-\u00e9puration, r\u00e9tention d&rsquo;eau, traitement d&rsquo;effluents sp\u00e9ciaux, etc.<\/p>\n<hr \/>\n<ul>\n<li>\n<h4>\u00c9lectricit\u00e9 CFO\/CFA<\/h4>\n<\/li>\n<\/ul>\n<p>Quel que soit le projet, l&rsquo;omnipr\u00e9sence des applications utilisant l&rsquo;\u00e9nergie \u00e9lectrique n\u00e9cessite une bonne ma\u00eetrise de ce type d&rsquo;installation. Nos comp\u00e9tences nous permet de concevoir des installations allant du pavillon \u00e0 la petite industrie, en passant par toute la palette des b\u00e2timents tertiaires (\u00e9coles, lyc\u00e9es, administrations, h\u00f4tels d&rsquo;entreprise, centres sociaux, mairies, pharmacies, etc).<\/p>\n<p>De m\u00eame, nous assurons la conception du pr\u00e9-c\u00e2blage informatique, de distribution t\u00e9l\u00e9phonique, l&rsquo;anti-intrusion,\u00a0 le contr\u00f4le d&rsquo;acc\u00e8s, les alarmes techniques, la vid\u00e9osurveillance, GTB\/GTC, domotique&#8230;\u00a0 de votre projet.<\/p>\n<hr \/>\n<ul>\n<li>\n<h4>Diagnostics et perspectives en phase programmation<\/h4>\n<hr \/><\/li>\n<li>\n<h4>Ma\u00eetrise d\u2019\u0153uvre compl\u00e8te avec plan d\u2019EXE des lots techniques<\/h4>\n<hr \/><\/li>\n<li>\n<h4>Coordination SSI<\/h4>\n<ul>\n<li>Coordination \u00e9tudes et travaux<\/li>\n<li>Suivant normes NFP<\/li>\n<\/ul>\n<\/li>\n<\/ul>\n\n\n<p><\/p>\n","protected":false},"excerpt":{"rendered":"<p>Chauffage\/Ventilation\/Climatisation Les installations thermiques sont aujourd&rsquo;hui l&rsquo;un des enjeux principaux\u00a0 dans la conception du b\u00e2timent.\u00a0 En effet, l&rsquo;enjeu \u00e9nerg\u00e9tique est important, mais le confort de l&rsquo;occupant l&rsquo;est tout autant. M.H. Ing\u00e9nierie est en mesure de concevoir l&rsquo;installation qui permettra \u00e0 votre b\u00e2timent d&rsquo;\u00eatre \u00e9co-efficace, confortable, et simple \u00e0 entretenir. Sanitaire\/Assainissement On retrouve dans presque tout &hellip; <\/p>\n<p class=\"link-more\"><a href=\"https:\/\/www.be-mhi.fr\/?page_id=526\" class=\"more-link\">Continue reading<span class=\"screen-reader-text\"> \u00ab\u00a0Ing\u00e9nierie des fluides\u00a0\u00bb<\/span><\/a><\/p>\n","protected":false},"author":3,"featured_media":0,"parent":18,"menu_order":0,"comment_status":"closed","ping_status":"closed","template":"","meta":{"footnotes":""},"_links":{"self":[{"href":"https:\/\/www.be-mhi.fr\/index.php?rest_route=\/wp\/v2\/pages\/526"}],"collection":[{"href":"https:\/\/www.be-mhi.fr\/index.php?rest_route=\/wp\/v2\/pages"}],"about":[{"href":"https:\/\/www.be-mhi.fr\/index.php?rest_route=\/wp\/v2\/types\/page"}],"author":[{"embeddable":true,"href":"https:\/\/www.be-mhi.fr\/index.php?rest_route=\/wp\/v2\/users\/3"}],"replies":[{"embeddable":true,"href":"https:\/\/www.be-mhi.fr\/index.php?rest_route=%2Fwp%2Fv2%2Fcomments&post=526"}],"version-history":[{"count":5,"href":"https:\/\/www.be-mhi.fr\/index.php?rest_route=\/wp\/v2\/pages\/526\/revisions"}],"predecessor-version":[{"id":1680,"href":"https:\/\/www.be-mhi.fr\/index.php?rest_route=\/wp\/v2\/pages\/526\/revisions\/1680"}],"up":[{"embeddable":true,"href":"https:\/\/www.be-mhi.fr\/index.php?rest_route=\/wp\/v2\/pages\/18"}],"wp:attachment":[{"href":"https:\/\/www.be-mhi.fr\/index.php?rest_route=%2Fwp%2Fv2%2Fmedia&parent=526"}],"curies":[{"name":"wp","href":"https:\/\/api.w.org\/{rel}","templated":true}]}}