{"id":76,"date":"2013-10-01T14:33:57","date_gmt":"2013-10-01T13:33:57","guid":{"rendered":"http:\/\/127.0.0.1\/wordpress\/?page_id=76"},"modified":"2013-10-01T15:29:53","modified_gmt":"2013-10-01T14:29:53","slug":"publications-interventions","status":"publish","type":"page","link":"https:\/\/www.be-mhi.fr\/?page_id=76","title":{"rendered":"Publications et Interventions"},"content":{"rendered":"<p>Carnet de bord \u00e9nergies<\/p>\n<p>L&rsquo;h\u00e9liodome<\/p>\n<p>Troph\u00e9es alsace natures<\/p>\n<p>Interventions<\/p>\n","protected":false},"excerpt":{"rendered":"<p>Carnet de bord \u00e9nergies L&rsquo;h\u00e9liodome Troph\u00e9es alsace natures Interventions<\/p>\n","protected":false},"author":1,"featured_media":0,"parent":0,"menu_order":8,"comment_status":"closed","ping_status":"closed","template":"","meta":{"footnotes":""},"_links":{"self":[{"href":"https:\/\/www.be-mhi.fr\/index.php?rest_route=\/wp\/v2\/pages\/76"}],"collection":[{"href":"https:\/\/www.be-mhi.fr\/index.php?rest_route=\/wp\/v2\/pages"}],"about":[{"href":"https:\/\/www.be-mhi.fr\/index.php?rest_route=\/wp\/v2\/types\/page"}],"author":[{"embeddable":true,"href":"https:\/\/www.be-mhi.fr\/index.php?rest_route=\/wp\/v2\/users\/1"}],"replies":[{"embeddable":true,"href":"https:\/\/www.be-mhi.fr\/index.php?rest_route=%2Fwp%2Fv2%2Fcomments&post=76"}],"version-history":[{"count":4,"href":"https:\/\/www.be-mhi.fr\/index.php?rest_route=\/wp\/v2\/pages\/76\/revisions"}],"predecessor-version":[{"id":123,"href":"https:\/\/www.be-mhi.fr\/index.php?rest_route=\/wp\/v2\/pages\/76\/revisions\/123"}],"wp:attachment":[{"href":"https:\/\/www.be-mhi.fr\/index.php?rest_route=%2Fwp%2Fv2%2Fmedia&parent=76"}],"curies":[{"name":"wp","href":"https:\/\/api.w.org\/{rel}","templated":true}]}}