{"id":86,"date":"2013-10-01T14:50:24","date_gmt":"2013-10-01T13:50:24","guid":{"rendered":"http:\/\/127.0.0.1\/wordpress\/?page_id=86"},"modified":"2020-08-27T15:32:42","modified_gmt":"2020-08-27T14:32:42","slug":"installations-photovoltaiques","status":"publish","type":"page","link":"https:\/\/www.be-mhi.fr\/?page_id=86","title":{"rendered":"Installations Photovolta\u00efques"},"content":{"rendered":"<h3><span style=\"color: #808080;\"><em>Station d&rsquo;\u00e9puration de Duppigheim<\/em><\/span><\/h3>\n<p><strong><a href=\"http:\/\/www.be-mhi.fr\/wp-content\/uploads\/2020\/08\/Duppigheim-PC-e1598535792934.jpg\"><img decoding=\"async\" loading=\"lazy\" class=\" wp-image-1629 alignleft\" src=\"http:\/\/www.be-mhi.fr\/wp-content\/uploads\/2020\/08\/Duppigheim-PC-e1598535792934-300x225.jpg\" alt=\"\" width=\"223\" height=\"168\" srcset=\"https:\/\/www.be-mhi.fr\/wp-content\/uploads\/2020\/08\/Duppigheim-PC-e1598535792934-300x225.jpg 300w, https:\/\/www.be-mhi.fr\/wp-content\/uploads\/2020\/08\/Duppigheim-PC-e1598535792934.jpg 710w\" sizes=\"(max-width: 223px) 100vw, 223px\" \/><\/a>Missions exerc\u00e9es :<\/strong> \u00c9tude de faisabilit\u00e9, ma\u00eetrise d\u2019\u0153uvre d&rsquo;une installation int\u00e9gr\u00e9e au b\u00e2ti (toiture bac sec) d&rsquo;une puissance attendue de 96 kWc. <br \/><strong>Surface :<\/strong> 608 panneaux<br \/><strong>Livraison :<\/strong> F\u00e9vrier 2015<\/p>\n<p>\u00a0<\/p>\n<h3><span style=\"color: #808080;\"><em>Nouvelle station de pompage de Griesheim sur Souffel<\/em><\/span><\/h3>\n<p><strong><a href=\"http:\/\/www.be-mhi.fr\/wp-content\/uploads\/2013\/10\/image022.jpg\"><img decoding=\"async\" loading=\"lazy\" class=\" wp-image-305 alignright\" src=\"http:\/\/www.be-mhi.fr\/wp-content\/uploads\/2013\/10\/image022-300x204.jpg\" alt=\"image022\" width=\"263\" height=\"179\" srcset=\"https:\/\/www.be-mhi.fr\/wp-content\/uploads\/2013\/10\/image022-300x204.jpg 300w, https:\/\/www.be-mhi.fr\/wp-content\/uploads\/2013\/10\/image022-1024x698.jpg 1024w, https:\/\/www.be-mhi.fr\/wp-content\/uploads\/2013\/10\/image022.jpg 1308w\" sizes=\"(max-width: 263px) 100vw, 263px\" \/><\/a>Missions exerc\u00e9es : <\/strong>\u00c9tude de faisabilit\u00e9, ma\u00eetrise d\u2019\u0153uvre d&rsquo;une installation int\u00e9gr\u00e9e au b\u00e2ti (toiture bac sec et sur \u00e9tanch\u00e9it\u00e9 bitumineuse ) d&rsquo;une puissance attendue de 98.7 kWc.\u00a0<br \/><strong style=\"font-size: inherit;\">Surface : <\/strong>170 panneaux<strong style=\"font-size: inherit;\"><br \/><\/strong><strong style=\"font-size: inherit;\">Livraison :<\/strong> janvier 2014<\/p>\n<h3>\u00a0<\/h3>\n<h3><span style=\"color: #808080;\"><em>\u00c9cole Albert Le Grand \u00e0 Strasbourg<\/em><\/span><\/h3>\n<p><a href=\"http:\/\/www.be-mhi.fr\/wp-content\/uploads\/2015\/08\/20150818_152111.jpg\"><img decoding=\"async\" loading=\"lazy\" class=\"size-thumbnail wp-image-482 alignleft\" src=\"http:\/\/www.be-mhi.fr\/wp-content\/uploads\/2015\/08\/20150818_152111-150x150.jpg\" alt=\"L'ombrage produit par les brise soleil est &quot;pile&quot; comme il le faut ( photo prise \u00e0 16h )\" width=\"150\" height=\"150\" \/><\/a><strong>Missions exerc\u00e9es : <\/strong>Etude de faisabilit\u00e9 et ma\u00eetrise d\u2019\u0153uvre pour l&rsquo;installation brise soleil P.V. de 30 kWc\u00a0<br \/><strong style=\"font-size: inherit;\">Surface : <\/strong>120 panneaux<strong style=\"font-size: inherit;\"><br \/><\/strong><strong style=\"font-size: inherit;\">Livraison : <\/strong>ao\u00fbt 2015<\/p>\n<p>\u00a0<\/p>\n<h3><span style=\"color: #808080;\"><em>Hall SZ\u00a0<\/em><\/span><\/h3>\n<p><strong>Missions exerc\u00e9es : <\/strong>\u00c9tude de faisabilit\u00e9 pour la r\u00e9alisation d\u2019une centrale 100 kWc sur la toiture de l\u2019entreprise SZ \u00e0 Bischeim.<\/p>\n<p>\u00a0<\/p>\n<h3><span style=\"color: #808080;\"><em>\u00c9glise de Griesheim-sur-Souffel\u00a0\u00a0<\/em><\/span><\/h3>\n<p><a href=\"http:\/\/www.be-mhi.fr\/wp-content\/uploads\/2013\/10\/REF_7_111020101683.jpg\"><img decoding=\"async\" loading=\"lazy\" class=\"wp-image-310 alignright\" src=\"http:\/\/www.be-mhi.fr\/wp-content\/uploads\/2013\/10\/REF_7_111020101683-300x225.jpg\" alt=\"\" width=\"220\" height=\"165\" srcset=\"https:\/\/www.be-mhi.fr\/wp-content\/uploads\/2013\/10\/REF_7_111020101683-300x225.jpg 300w, https:\/\/www.be-mhi.fr\/wp-content\/uploads\/2013\/10\/REF_7_111020101683-1024x768.jpg 1024w\" sizes=\"(max-width: 220px) 100vw, 220px\" \/><\/a><strong>Missions exerc\u00e9es : <\/strong>\u00c9tude et suivi de r\u00e9alisation d\u2019une centrale 24.48 kWc en lamin\u00e9 photovolta\u00efque type \u00ab toit solaire \u00bb SolarWorld.<br \/><strong style=\"font-size: inherit;\">Surface : <\/strong>183 panneaux<strong style=\"font-size: inherit;\"><br \/>Livraison : <\/strong>2011<strong style=\"font-size: inherit;\"><br \/><\/strong><a title=\"SolarWorld\" href=\"http:\/\/www.solarworld.fr\/fileadmin\/downloads_new\/case_studies\/gewerbliche_kunden\/gk_griesheim_fr.pdf\" target=\"_blank\" rel=\"noopener noreferrer\">Pr\u00e9sentation publicitaire du projet par SolarWorld<\/a><\/p>\n<p>\u00a0<\/p>\n<h3><span style=\"color: #808080;\"><em>Salle socio-culturelle de Wingen\u00a0<\/em><\/span><\/h3>\n<p><strong><a href=\"http:\/\/www.be-mhi.fr\/wp-content\/uploads\/2020\/08\/8007.jpg\"><img decoding=\"async\" loading=\"lazy\" class=\" wp-image-1631 alignleft\" src=\"http:\/\/www.be-mhi.fr\/wp-content\/uploads\/2020\/08\/8007-300x225.jpg\" alt=\"\" width=\"194\" height=\"146\" srcset=\"https:\/\/www.be-mhi.fr\/wp-content\/uploads\/2020\/08\/8007-300x225.jpg 300w, https:\/\/www.be-mhi.fr\/wp-content\/uploads\/2020\/08\/8007-1024x768.jpg 1024w, https:\/\/www.be-mhi.fr\/wp-content\/uploads\/2020\/08\/8007-768x576.jpg 768w, https:\/\/www.be-mhi.fr\/wp-content\/uploads\/2020\/08\/8007.jpg 1280w\" sizes=\"(max-width: 194px) 100vw, 194px\" \/><\/a>Missions exerc\u00e9es :<\/strong> Ma\u00eetrise d\u2019\u0153uvre pour la r\u00e9alisation d\u2019une centrale photovolta\u00efque de 36 kWc type \u00ab toit solaire \u00bb SolarWorld.<br \/><strong style=\"font-size: inherit;\">Surface : <\/strong>332 m\u00b2<span style=\"font-size: inherit;\"><br \/><strong style=\"font-size: inherit;\">Livraison : <\/strong>2009<br \/><\/span><\/p>\n<p><strong>+ :<\/strong> Optimisation par arrosage.<br \/><span style=\"font-size: inherit;\"><strong style=\"font-size: inherit;\">Livraison : <\/strong>2011<\/span><\/p>\n<p>\u00a0<\/p>\n<h3><span style=\"color: #808080;\"><em>Club hippique de Saverne\u00a0<\/em><\/span><\/h3>\n<p><strong>Missions exerc\u00e9es : <\/strong>Etude de faisabilit\u00e9 d\u2019une centrale photovolta\u00efque plusieurs sc\u00e9narios de 130 \u00e0 540 kWc.<\/p>\n<p>\u00a0<\/p>\n<h3><span style=\"color: #808080;\"><em>Lyc\u00e9e agricole d\u2019Obernai\u00a0<\/em><\/span><\/h3>\n<p><strong>Missions exerc\u00e9es : <\/strong>\u00c9laboration de l\u2019\u00e9tude de faisabilit\u00e9 pour la r\u00e9alisation d\u2019une centrale photovolta\u00efque de 25 kWc (\u00e9tude r\u00e9alis\u00e9e jusqu\u2019au DCE, projet abandonn\u00e9).<\/p>\n<p>\u00a0<\/p>\n<h3><span style=\"color: #808080;\"><em>B\u00e2timent SII pour l\u2019entreprise USOCOME \u00e0 Haguenau\u00a0<\/em><\/span><\/h3>\n<p><strong>Missions exerc\u00e9es : <\/strong>\u00c9tude de faisabilit\u00e9 et \u00e9laboration du dossier de consultation des entreprises pour la r\u00e9alisation d\u2019une centrale photovolta\u00efque de 20 kWc comprenant sheds, panneaux \u00e0 plats et montage en fa\u00e7ade.<br \/><strong style=\"font-size: inherit;\">Surface : <\/strong>175.5 m\u00b2<span style=\"font-size: inherit;\"><br \/><strong style=\"font-size: inherit;\">Livraison : <\/strong>2008<\/span><\/p>\n<p>\u00a0<\/p>\n<h3><span style=\"color: #808080;\">H\u00f4tels d\u2019entreprises \u00e0 Bischwiller\u00a0<\/span><\/h3>\n<p><strong><a href=\"http:\/\/www.be-mhi.fr\/wp-content\/uploads\/2020\/08\/m13004-scaled.jpg\"><img decoding=\"async\" loading=\"lazy\" class=\"wp-image-1632 alignright\" src=\"http:\/\/www.be-mhi.fr\/wp-content\/uploads\/2020\/08\/m13004-300x225.jpg\" alt=\"\" width=\"203\" height=\"152\" srcset=\"https:\/\/www.be-mhi.fr\/wp-content\/uploads\/2020\/08\/m13004-300x225.jpg 300w, https:\/\/www.be-mhi.fr\/wp-content\/uploads\/2020\/08\/m13004-1024x768.jpg 1024w, https:\/\/www.be-mhi.fr\/wp-content\/uploads\/2020\/08\/m13004-768x576.jpg 768w, https:\/\/www.be-mhi.fr\/wp-content\/uploads\/2020\/08\/m13004-1536x1152.jpg 1536w, https:\/\/www.be-mhi.fr\/wp-content\/uploads\/2020\/08\/m13004-2048x1536.jpg 2048w\" sizes=\"(max-width: 203px) 100vw, 203px\" \/><\/a>Missions exerc\u00e9es : <\/strong>\u00c9tude de faisabilit\u00e9, ma\u00eetrise d\u2019\u0153uvre pour la r\u00e9alisation d\u2019une centrale photovolta\u00efque de 25 kWc.<br \/><span style=\"font-size: inherit;\"><strong style=\"font-size: inherit;\">Livraison : <\/strong>2007<\/span><\/p>\n<p>\u00a0<\/p>\n\n\n<p><\/p>\n","protected":false},"excerpt":{"rendered":"<p>Station d&rsquo;\u00e9puration de Duppigheim Missions exerc\u00e9es : \u00c9tude de faisabilit\u00e9, ma\u00eetrise d\u2019\u0153uvre d&rsquo;une installation int\u00e9gr\u00e9e au b\u00e2ti (toiture bac sec) d&rsquo;une puissance attendue de 96 kWc. Surface : 608 panneauxLivraison : F\u00e9vrier 2015 \u00a0 Nouvelle station de pompage de Griesheim sur Souffel Missions exerc\u00e9es : \u00c9tude de faisabilit\u00e9, ma\u00eetrise d\u2019\u0153uvre d&rsquo;une installation int\u00e9gr\u00e9e au b\u00e2ti &hellip; <\/p>\n<p class=\"link-more\"><a href=\"https:\/\/www.be-mhi.fr\/?page_id=86\" class=\"more-link\">Continue reading<span class=\"screen-reader-text\"> \u00ab\u00a0Installations Photovolta\u00efques\u00a0\u00bb<\/span><\/a><\/p>\n","protected":false},"author":1,"featured_media":0,"parent":50,"menu_order":0,"comment_status":"closed","ping_status":"open","template":"","meta":{"footnotes":""},"_links":{"self":[{"href":"https:\/\/www.be-mhi.fr\/index.php?rest_route=\/wp\/v2\/pages\/86"}],"collection":[{"href":"https:\/\/www.be-mhi.fr\/index.php?rest_route=\/wp\/v2\/pages"}],"about":[{"href":"https:\/\/www.be-mhi.fr\/index.php?rest_route=\/wp\/v2\/types\/page"}],"author":[{"embeddable":true,"href":"https:\/\/www.be-mhi.fr\/index.php?rest_route=\/wp\/v2\/users\/1"}],"replies":[{"embeddable":true,"href":"https:\/\/www.be-mhi.fr\/index.php?rest_route=%2Fwp%2Fv2%2Fcomments&post=86"}],"version-history":[{"count":19,"href":"https:\/\/www.be-mhi.fr\/index.php?rest_route=\/wp\/v2\/pages\/86\/revisions"}],"predecessor-version":[{"id":1635,"href":"https:\/\/www.be-mhi.fr\/index.php?rest_route=\/wp\/v2\/pages\/86\/revisions\/1635"}],"up":[{"embeddable":true,"href":"https:\/\/www.be-mhi.fr\/index.php?rest_route=\/wp\/v2\/pages\/50"}],"wp:attachment":[{"href":"https:\/\/www.be-mhi.fr\/index.php?rest_route=%2Fwp%2Fv2%2Fmedia&parent=86"}],"curies":[{"name":"wp","href":"https:\/\/api.w.org\/{rel}","templated":true}]}}