{"id":921,"date":"2020-08-19T14:38:04","date_gmt":"2020-08-19T13:38:04","guid":{"rendered":"http:\/\/www.be-mhi.fr\/?page_id=921"},"modified":"2020-08-26T14:18:11","modified_gmt":"2020-08-26T13:18:11","slug":"ecole-elementaire-brigitte-a-strasbourg","status":"publish","type":"page","link":"https:\/\/www.be-mhi.fr\/?page_id=921","title":{"rendered":"Ecole \u00e9l\u00e9mentaire Brigitte \u00e0 Strasbourg"},"content":{"rendered":"<p><span style=\"color: #808080;\"><em>Caract\u00e9ristiques du projet<\/em><\/span><\/p>\n<hr>\n<p><strong>Ma\u00eetre d\u2019ouvrage&nbsp;<\/strong>: Ville de Strasbourg<br><strong>Architecte&nbsp;:<\/strong> <a href=\"http:\/\/www.ixo-architecture.fr\/detail\/enseigner-chercher\/restructuration-de-lecole-elementaire-brigitte\/\">IXO Architecture<\/a><br><strong>Nature des travaux :<\/strong> Restructuration &amp; extension&nbsp;<br><strong>Missions exerc\u00e9es<\/strong> : Ing\u00e9nierie des structures<br><strong>Co\u00fbt des travaux :<\/strong> 3 804 000 \u20ac H.T.<br><strong>Surface<\/strong> : 3 180 m\u00b2<br><strong>Lieu de r\u00e9alisation :<\/strong> 25 Rue Gioberti, 67200 Strasbourg<br><strong>Ann\u00e9es de r\u00e9alisation :<\/strong> 2014<\/p>\n\n\n<figure class=\"wp-block-image size-large\"><img decoding=\"async\" src=\"http:\/\/www.be-mhi.fr\/wp-content\/uploads\/2020\/08\/3-1-1024x522.png\" alt=\"\" class=\"wp-image-941\"\/><\/figure>\n\n\n\n<figure class=\"wp-block-gallery columns-3 is-cropped wp-block-gallery-1 is-layout-flex wp-block-gallery-is-layout-flex\"><ul class=\"blocks-gallery-grid\"><li class=\"blocks-gallery-item\"><figure><img decoding=\"async\" loading=\"lazy\" width=\"1024\" height=\"518\" src=\"http:\/\/www.be-mhi.fr\/wp-content\/uploads\/2020\/08\/2-1-1024x518.png\" alt=\"\" data-id=\"1001\" data-full-url=\"http:\/\/www.be-mhi.fr\/wp-content\/uploads\/2020\/08\/2-1.png\" data-link=\"http:\/\/www.be-mhi.fr\/?attachment_id=1001\" class=\"wp-image-1001\" srcset=\"https:\/\/www.be-mhi.fr\/wp-content\/uploads\/2020\/08\/2-1-1024x518.png 1024w, https:\/\/www.be-mhi.fr\/wp-content\/uploads\/2020\/08\/2-1-300x152.png 300w, https:\/\/www.be-mhi.fr\/wp-content\/uploads\/2020\/08\/2-1-768x389.png 768w, https:\/\/www.be-mhi.fr\/wp-content\/uploads\/2020\/08\/2-1-1536x777.png 1536w, https:\/\/www.be-mhi.fr\/wp-content\/uploads\/2020\/08\/2-1.png 1879w\" sizes=\"(max-width: 767px) 89vw, (max-width: 1000px) 54vw, (max-width: 1071px) 543px, 580px\" \/><\/figure><\/li><li class=\"blocks-gallery-item\"><figure><img decoding=\"async\" loading=\"lazy\" width=\"1024\" height=\"519\" src=\"http:\/\/www.be-mhi.fr\/wp-content\/uploads\/2020\/08\/4-2-1024x519.png\" alt=\"\" data-id=\"1003\" data-full-url=\"http:\/\/www.be-mhi.fr\/wp-content\/uploads\/2020\/08\/4-2.png\" data-link=\"http:\/\/www.be-mhi.fr\/?attachment_id=1003\" class=\"wp-image-1003\" srcset=\"https:\/\/www.be-mhi.fr\/wp-content\/uploads\/2020\/08\/4-2-1024x519.png 1024w, https:\/\/www.be-mhi.fr\/wp-content\/uploads\/2020\/08\/4-2-300x152.png 300w, https:\/\/www.be-mhi.fr\/wp-content\/uploads\/2020\/08\/4-2-768x389.png 768w, https:\/\/www.be-mhi.fr\/wp-content\/uploads\/2020\/08\/4-2-1536x779.png 1536w, https:\/\/www.be-mhi.fr\/wp-content\/uploads\/2020\/08\/4-2.png 1880w\" sizes=\"(max-width: 767px) 89vw, (max-width: 1000px) 54vw, (max-width: 1071px) 543px, 580px\" \/><\/figure><\/li><li class=\"blocks-gallery-item\"><figure><img decoding=\"async\" loading=\"lazy\" width=\"1024\" height=\"520\" src=\"http:\/\/www.be-mhi.fr\/wp-content\/uploads\/2020\/08\/5-1-1024x520.png\" alt=\"\" data-id=\"1004\" data-full-url=\"http:\/\/www.be-mhi.fr\/wp-content\/uploads\/2020\/08\/5-1.png\" data-link=\"http:\/\/www.be-mhi.fr\/?attachment_id=1004\" class=\"wp-image-1004\" srcset=\"https:\/\/www.be-mhi.fr\/wp-content\/uploads\/2020\/08\/5-1-1024x520.png 1024w, https:\/\/www.be-mhi.fr\/wp-content\/uploads\/2020\/08\/5-1-300x152.png 300w, https:\/\/www.be-mhi.fr\/wp-content\/uploads\/2020\/08\/5-1-768x390.png 768w, https:\/\/www.be-mhi.fr\/wp-content\/uploads\/2020\/08\/5-1-1536x780.png 1536w, https:\/\/www.be-mhi.fr\/wp-content\/uploads\/2020\/08\/5-1.png 1876w\" sizes=\"(max-width: 767px) 89vw, (max-width: 1000px) 54vw, (max-width: 1071px) 543px, 580px\" \/><\/figure><\/li><li class=\"blocks-gallery-item\"><figure><img decoding=\"async\" loading=\"lazy\" width=\"1024\" height=\"519\" src=\"http:\/\/www.be-mhi.fr\/wp-content\/uploads\/2020\/08\/6-1024x519.png\" alt=\"\" data-id=\"1005\" data-full-url=\"http:\/\/www.be-mhi.fr\/wp-content\/uploads\/2020\/08\/6.png\" data-link=\"http:\/\/www.be-mhi.fr\/?attachment_id=1005\" class=\"wp-image-1005\" srcset=\"https:\/\/www.be-mhi.fr\/wp-content\/uploads\/2020\/08\/6-1024x519.png 1024w, https:\/\/www.be-mhi.fr\/wp-content\/uploads\/2020\/08\/6-300x152.png 300w, https:\/\/www.be-mhi.fr\/wp-content\/uploads\/2020\/08\/6-768x389.png 768w, https:\/\/www.be-mhi.fr\/wp-content\/uploads\/2020\/08\/6-1536x778.png 1536w, https:\/\/www.be-mhi.fr\/wp-content\/uploads\/2020\/08\/6.png 1879w\" sizes=\"(max-width: 767px) 89vw, (max-width: 1000px) 54vw, (max-width: 1071px) 543px, 580px\" \/><\/figure><\/li><li class=\"blocks-gallery-item\"><figure><img decoding=\"async\" loading=\"lazy\" width=\"1024\" height=\"519\" src=\"http:\/\/www.be-mhi.fr\/wp-content\/uploads\/2020\/08\/11-1-1024x519.png\" alt=\"\" data-id=\"1011\" data-full-url=\"http:\/\/www.be-mhi.fr\/wp-content\/uploads\/2020\/08\/11-1.png\" data-link=\"http:\/\/www.be-mhi.fr\/?attachment_id=1011\" class=\"wp-image-1011\" srcset=\"https:\/\/www.be-mhi.fr\/wp-content\/uploads\/2020\/08\/11-1-1024x519.png 1024w, https:\/\/www.be-mhi.fr\/wp-content\/uploads\/2020\/08\/11-1-300x152.png 300w, https:\/\/www.be-mhi.fr\/wp-content\/uploads\/2020\/08\/11-1-768x390.png 768w, https:\/\/www.be-mhi.fr\/wp-content\/uploads\/2020\/08\/11-1-1536x779.png 1536w, https:\/\/www.be-mhi.fr\/wp-content\/uploads\/2020\/08\/11-1.png 1879w\" sizes=\"(max-width: 767px) 89vw, (max-width: 1000px) 54vw, (max-width: 1071px) 543px, 580px\" \/><\/figure><\/li><\/ul><figcaption class=\"blocks-gallery-caption\">\u00a9 C. Bourgeois<\/figcaption><\/figure>\n","protected":false},"excerpt":{"rendered":"<p>Caract\u00e9ristiques du projet Ma\u00eetre d\u2019ouvrage&nbsp;: Ville de StrasbourgArchitecte&nbsp;: IXO ArchitectureNature des travaux : Restructuration &amp; extension&nbsp;Missions exerc\u00e9es : Ing\u00e9nierie des structuresCo\u00fbt des travaux : 3 804 000 \u20ac H.T.Surface : 3 180 m\u00b2Lieu de r\u00e9alisation : 25 Rue Gioberti, 67200 StrasbourgAnn\u00e9es de r\u00e9alisation : 2014<\/p>\n","protected":false},"author":8,"featured_media":0,"parent":1325,"menu_order":0,"comment_status":"closed","ping_status":"closed","template":"","meta":{"footnotes":""},"_links":{"self":[{"href":"https:\/\/www.be-mhi.fr\/index.php?rest_route=\/wp\/v2\/pages\/921"}],"collection":[{"href":"https:\/\/www.be-mhi.fr\/index.php?rest_route=\/wp\/v2\/pages"}],"about":[{"href":"https:\/\/www.be-mhi.fr\/index.php?rest_route=\/wp\/v2\/types\/page"}],"author":[{"embeddable":true,"href":"https:\/\/www.be-mhi.fr\/index.php?rest_route=\/wp\/v2\/users\/8"}],"replies":[{"embeddable":true,"href":"https:\/\/www.be-mhi.fr\/index.php?rest_route=%2Fwp%2Fv2%2Fcomments&post=921"}],"version-history":[{"count":8,"href":"https:\/\/www.be-mhi.fr\/index.php?rest_route=\/wp\/v2\/pages\/921\/revisions"}],"predecessor-version":[{"id":1798,"href":"https:\/\/www.be-mhi.fr\/index.php?rest_route=\/wp\/v2\/pages\/921\/revisions\/1798"}],"up":[{"embeddable":true,"href":"https:\/\/www.be-mhi.fr\/index.php?rest_route=\/wp\/v2\/pages\/1325"}],"wp:attachment":[{"href":"https:\/\/www.be-mhi.fr\/index.php?rest_route=%2Fwp%2Fv2%2Fmedia&parent=921"}],"curies":[{"name":"wp","href":"https:\/\/api.w.org\/{rel}","templated":true}]}}