{"id":93,"date":"2013-10-01T15:06:42","date_gmt":"2013-10-01T14:06:42","guid":{"rendered":"http:\/\/127.0.0.1\/wordpress\/?page_id=93"},"modified":"2020-08-28T08:41:58","modified_gmt":"2020-08-28T07:41:58","slug":"interventions","status":"publish","type":"page","link":"https:\/\/www.be-mhi.fr\/?page_id=93","title":{"rendered":"Interventions"},"content":{"rendered":"<h2>Marc HUBER<\/h2>\n<p style=\"padding-left: 40px;\"><em>ENSA Strasbourg<br \/>\n<\/em>Ma\u00eetre assistant : charg\u00e9 du cours \u00ab M\u00e9canique Des Structures \u00bb depuis 2013<br \/>\n<em><br \/>\nIUT ILLKIRCH GRAFFENSTADEN<br \/>\n<\/em>Charg\u00e9 de cours vacataires en 2001 et 2003 \u00ab Projet B\u00e9ton \u00bb.<\/p>\n<p style=\"padding-left: 40px;\"><em>INSA Strasbourg<br \/>\n<\/em>Pr\u00e9sident de jury de PFE g\u00e9nie civil depuis 2004<\/p>\n<p style=\"padding-left: 40px;\"><em>INSA STRASBOURG Section Architecture<\/em><br \/>\nCharg\u00e9 de cours vacataires en 2003 et 2005 \u00ab Culture Constructive \u00bb<\/p>\n<p style=\"padding-left: 40px;\"><em>LEGTA d\u2019Obernai<br \/>\n<\/em>Pr\u00e9sentation du projet du\u00a0 Lyc\u00e9e Agricole d&rsquo;Obernai dans le cadre de la formation AQE \u00e0 Obernai en 2006 et 2007.<\/p>\n<p style=\"padding-left: 40px;\"><em>CAUE (le Lyc\u00e9e Agricole d\u2019Obernai)<\/em><br \/>\nApport de l\u2019analyse de la valeur pour un projet \u00e0 haute qualit\u00e9 environnementale en 2008.<\/p>\n<p style=\"padding-left: 40px;\"><em>FORUM CONSTRUCTEO<\/em><br \/>\nInfluence de l\u2019occupation sur la consommation d\u2019\u00e9nergie dans le cadre d\u2019un b\u00e2timent r\u00e9habilit\u00e9 avec un objectif BBC en juin 2007.<\/p>\n<p style=\"padding-left: 40px;\"><em>INSA Strasbourg<br \/>\n<\/em>\u00ab JOURN\u00c9ES DE LA BASSE ENERGIE \u00bb Intervention, atelier D \u00ab b\u00e2timents patrimoniaux \u00bb en 2009.<\/p>\n<h2 style=\"padding-left: 40px;\"><\/h2>\n<h2>Beno\u00eet HIBEL<\/h2>\n<p style=\"padding-left: 40px;\">Intervention pour la formation des Architectes sur les chaufferies au bois dans le cadre de la Formation Qualit\u00e9 Environnementale organis\u00e9e par Europ &amp; Environnement en 2008.<\/p>\n","protected":false},"excerpt":{"rendered":"<p>Marc HUBER ENSA Strasbourg Ma\u00eetre assistant : charg\u00e9 du cours \u00ab M\u00e9canique Des Structures \u00bb depuis 2013 IUT ILLKIRCH GRAFFENSTADEN Charg\u00e9 de cours vacataires en 2001 et 2003 \u00ab Projet B\u00e9ton \u00bb. INSA Strasbourg Pr\u00e9sident de jury de PFE g\u00e9nie civil depuis 2004 INSA STRASBOURG Section Architecture Charg\u00e9 de cours vacataires en 2003 et 2005 &hellip; <\/p>\n<p class=\"link-more\"><a href=\"https:\/\/www.be-mhi.fr\/?page_id=93\" class=\"more-link\">Continue reading<span class=\"screen-reader-text\"> \u00ab\u00a0Interventions\u00a0\u00bb<\/span><\/a><\/p>\n","protected":false},"author":1,"featured_media":0,"parent":76,"menu_order":0,"comment_status":"closed","ping_status":"open","template":"","meta":{"footnotes":""},"_links":{"self":[{"href":"https:\/\/www.be-mhi.fr\/index.php?rest_route=\/wp\/v2\/pages\/93"}],"collection":[{"href":"https:\/\/www.be-mhi.fr\/index.php?rest_route=\/wp\/v2\/pages"}],"about":[{"href":"https:\/\/www.be-mhi.fr\/index.php?rest_route=\/wp\/v2\/types\/page"}],"author":[{"embeddable":true,"href":"https:\/\/www.be-mhi.fr\/index.php?rest_route=\/wp\/v2\/users\/1"}],"replies":[{"embeddable":true,"href":"https:\/\/www.be-mhi.fr\/index.php?rest_route=%2Fwp%2Fv2%2Fcomments&post=93"}],"version-history":[{"count":6,"href":"https:\/\/www.be-mhi.fr\/index.php?rest_route=\/wp\/v2\/pages\/93\/revisions"}],"predecessor-version":[{"id":1640,"href":"https:\/\/www.be-mhi.fr\/index.php?rest_route=\/wp\/v2\/pages\/93\/revisions\/1640"}],"up":[{"embeddable":true,"href":"https:\/\/www.be-mhi.fr\/index.php?rest_route=\/wp\/v2\/pages\/76"}],"wp:attachment":[{"href":"https:\/\/www.be-mhi.fr\/index.php?rest_route=%2Fwp%2Fv2%2Fmedia&parent=93"}],"curies":[{"name":"wp","href":"https:\/\/api.w.org\/{rel}","templated":true}]}}