{"id":946,"date":"2020-08-19T15:23:21","date_gmt":"2020-08-19T14:23:21","guid":{"rendered":"http:\/\/www.be-mhi.fr\/?page_id=946"},"modified":"2020-08-27T11:05:40","modified_gmt":"2020-08-27T10:05:40","slug":"cave-vinicole-du-schlossberg","status":"publish","type":"page","link":"https:\/\/www.be-mhi.fr\/?page_id=946","title":{"rendered":"Cave Vinicole du Schlossberg \u00e0 Kientzheim"},"content":{"rendered":"<p><span style=\"color: #808080;\"><em>Caract\u00e9ristiques du projet<\/em><\/span><\/p>\n<hr \/>\n<p><strong>Ma\u00eetre d\u2019ouvrage\u00a0<\/strong>: La Cave du Schlossberg \u00e0 Colmar<br \/><strong>Architecte\u00a0:<\/strong> \u00a0<a href=\"https:\/\/www.architectes-aea.com\/projet\/domaine-kirrenbourg\/\">AEA Architectes<\/a><br \/><strong>Nature des travaux :<\/strong> Construction neuve\u00a0<br \/><strong>Missions exerc\u00e9es<\/strong> : Ing\u00e9nierie des structures<br \/><strong>Co\u00fbt des travaux :<\/strong> 1 100 000 \u20ac H.T. <br \/><strong>Surface<\/strong> : 550 m\u00b2<br \/><strong>Lieu de r\u00e9alisation : <\/strong>Kientzheim<br \/><strong>Ann\u00e9e de r\u00e9alisation :<\/strong> 2015<\/p>\n\n\n<div class=\"wp-block-image\"><figure class=\"aligncenter size-large is-resized\"><img decoding=\"async\" loading=\"lazy\" src=\"http:\/\/www.be-mhi.fr\/wp-content\/uploads\/2020\/08\/Cave-vinicole-Kientzheim-4-1024x683.jpg\" alt=\"\" class=\"wp-image-948\" width=\"574\" height=\"383\" srcset=\"https:\/\/www.be-mhi.fr\/wp-content\/uploads\/2020\/08\/Cave-vinicole-Kientzheim-4-1024x683.jpg 1024w, https:\/\/www.be-mhi.fr\/wp-content\/uploads\/2020\/08\/Cave-vinicole-Kientzheim-4-300x200.jpg 300w, https:\/\/www.be-mhi.fr\/wp-content\/uploads\/2020\/08\/Cave-vinicole-Kientzheim-4-768x512.jpg 768w, https:\/\/www.be-mhi.fr\/wp-content\/uploads\/2020\/08\/Cave-vinicole-Kientzheim-4.jpg 1171w\" sizes=\"(max-width: 574px) 100vw, 574px\" \/><\/figure><\/div>\n\n\n\n<figure class=\"wp-block-gallery columns-2 is-cropped wp-block-gallery-1 is-layout-flex wp-block-gallery-is-layout-flex\"><ul class=\"blocks-gallery-grid\"><li class=\"blocks-gallery-item\"><figure><img decoding=\"async\" loading=\"lazy\" width=\"1024\" height=\"683\" src=\"http:\/\/www.be-mhi.fr\/wp-content\/uploads\/2020\/08\/Cave-vinicole-Kientzheim-3-1024x683.jpg\" alt=\"\" data-id=\"986\" data-link=\"http:\/\/www.be-mhi.fr\/?attachment_id=986\" class=\"wp-image-986\" srcset=\"https:\/\/www.be-mhi.fr\/wp-content\/uploads\/2020\/08\/Cave-vinicole-Kientzheim-3-1024x683.jpg 1024w, https:\/\/www.be-mhi.fr\/wp-content\/uploads\/2020\/08\/Cave-vinicole-Kientzheim-3-300x200.jpg 300w, https:\/\/www.be-mhi.fr\/wp-content\/uploads\/2020\/08\/Cave-vinicole-Kientzheim-3-768x512.jpg 768w, https:\/\/www.be-mhi.fr\/wp-content\/uploads\/2020\/08\/Cave-vinicole-Kientzheim-3.jpg 1171w\" sizes=\"(max-width: 767px) 89vw, (max-width: 1000px) 54vw, (max-width: 1071px) 543px, 580px\" \/><\/figure><\/li><li class=\"blocks-gallery-item\"><figure><img decoding=\"async\" loading=\"lazy\" width=\"1024\" height=\"712\" src=\"http:\/\/www.be-mhi.fr\/wp-content\/uploads\/2020\/08\/Cave-vinicole-Kientzheim-2-1024x712.jpg\" alt=\"\" data-id=\"985\" data-link=\"http:\/\/www.be-mhi.fr\/?attachment_id=985\" class=\"wp-image-985\" srcset=\"https:\/\/www.be-mhi.fr\/wp-content\/uploads\/2020\/08\/Cave-vinicole-Kientzheim-2-1024x712.jpg 1024w, https:\/\/www.be-mhi.fr\/wp-content\/uploads\/2020\/08\/Cave-vinicole-Kientzheim-2-300x209.jpg 300w, https:\/\/www.be-mhi.fr\/wp-content\/uploads\/2020\/08\/Cave-vinicole-Kientzheim-2-768x534.jpg 768w, https:\/\/www.be-mhi.fr\/wp-content\/uploads\/2020\/08\/Cave-vinicole-Kientzheim-2.jpg 1171w\" sizes=\"(max-width: 767px) 89vw, (max-width: 1000px) 54vw, (max-width: 1071px) 543px, 580px\" \/><\/figure><\/li><li class=\"blocks-gallery-item\"><figure><img decoding=\"async\" loading=\"lazy\" width=\"1024\" height=\"509\" src=\"https:\/\/www.be-mhi.fr\/wp-content\/uploads\/2020\/08\/Cave-Schlossberg-02-3-1024x509.jpg\" alt=\"\" data-id=\"1578\" data-full-url=\"https:\/\/www.be-mhi.fr\/wp-content\/uploads\/2020\/08\/Cave-Schlossberg-02-3.jpg\" data-link=\"https:\/\/www.be-mhi.fr\/?attachment_id=1578\" class=\"wp-image-1578\" srcset=\"https:\/\/www.be-mhi.fr\/wp-content\/uploads\/2020\/08\/Cave-Schlossberg-02-3-1024x509.jpg 1024w, https:\/\/www.be-mhi.fr\/wp-content\/uploads\/2020\/08\/Cave-Schlossberg-02-3-300x149.jpg 300w, https:\/\/www.be-mhi.fr\/wp-content\/uploads\/2020\/08\/Cave-Schlossberg-02-3-768x382.jpg 768w, https:\/\/www.be-mhi.fr\/wp-content\/uploads\/2020\/08\/Cave-Schlossberg-02-3-1536x764.jpg 1536w, https:\/\/www.be-mhi.fr\/wp-content\/uploads\/2020\/08\/Cave-Schlossberg-02-3.jpg 1920w\" sizes=\"(max-width: 767px) 89vw, (max-width: 1000px) 54vw, (max-width: 1071px) 543px, 580px\" \/><\/figure><\/li><\/ul><\/figure>\n","protected":false},"excerpt":{"rendered":"<p>Caract\u00e9ristiques du projet Ma\u00eetre d\u2019ouvrage\u00a0: La Cave du Schlossberg \u00e0 ColmarArchitecte\u00a0: \u00a0AEA ArchitectesNature des travaux : Construction neuve\u00a0Missions exerc\u00e9es : Ing\u00e9nierie des structuresCo\u00fbt des travaux : 1 100 000 \u20ac H.T. Surface : 550 m\u00b2Lieu de r\u00e9alisation : KientzheimAnn\u00e9e de r\u00e9alisation : 2015<\/p>\n","protected":false},"author":8,"featured_media":0,"parent":1330,"menu_order":0,"comment_status":"closed","ping_status":"closed","template":"","meta":{"footnotes":""},"_links":{"self":[{"href":"https:\/\/www.be-mhi.fr\/index.php?rest_route=\/wp\/v2\/pages\/946"}],"collection":[{"href":"https:\/\/www.be-mhi.fr\/index.php?rest_route=\/wp\/v2\/pages"}],"about":[{"href":"https:\/\/www.be-mhi.fr\/index.php?rest_route=\/wp\/v2\/types\/page"}],"author":[{"embeddable":true,"href":"https:\/\/www.be-mhi.fr\/index.php?rest_route=\/wp\/v2\/users\/8"}],"replies":[{"embeddable":true,"href":"https:\/\/www.be-mhi.fr\/index.php?rest_route=%2Fwp%2Fv2%2Fcomments&post=946"}],"version-history":[{"count":13,"href":"https:\/\/www.be-mhi.fr\/index.php?rest_route=\/wp\/v2\/pages\/946\/revisions"}],"predecessor-version":[{"id":1579,"href":"https:\/\/www.be-mhi.fr\/index.php?rest_route=\/wp\/v2\/pages\/946\/revisions\/1579"}],"up":[{"embeddable":true,"href":"https:\/\/www.be-mhi.fr\/index.php?rest_route=\/wp\/v2\/pages\/1330"}],"wp:attachment":[{"href":"https:\/\/www.be-mhi.fr\/index.php?rest_route=%2Fwp%2Fv2%2Fmedia&parent=946"}],"curies":[{"name":"wp","href":"https:\/\/api.w.org\/{rel}","templated":true}]}}